{"id":7547,"date":"2023-05-11T14:25:18","date_gmt":"2023-05-11T19:25:18","guid":{"rendered":"https:\/\/www.oncedejunio.fin.ec\/oncedejunio\/?page_id=7547"},"modified":"2024-09-17T12:00:35","modified_gmt":"2024-09-17T17:00:35","slug":"exclusiones-sara","status":"publish","type":"page","link":"https:\/\/www.oncedejunio.fin.ec\/oncedejunio\/exclusiones-sara\/","title":{"rendered":"Exclusiones SARAS"},"content":{"rendered":"<p>[vc_row][vc_column][vc_empty_space][\/vc_column][\/vc_row][vc_row][vc_column][vc_separator color=\u00bbcustom\u00bb border_width=\u00bb3&#8243; css_animation=\u00bbnone\u00bb accent_color=\u00bb#e68306&#8243;][vc_column_text css_animation=\u00bbnone\u00bb]<\/p>\n<h3 style=\"text-align: center;\"><span style=\"color: #005a25;\"><em><strong>LISTA DE ACTIVIDADES NO FINANCIABLES O EXCLUIDAS<\/strong><\/em><\/span><\/h3>\n<p>[\/vc_column_text][vc_separator color=\u00bbcustom\u00bb border_width=\u00bb3&#8243; css_animation=\u00bbnone\u00bb accent_color=\u00bb#e68306&#8243;][\/vc_column][\/vc_row][vc_row][vc_column][vc_column_text]<\/p>\n<h5 style=\"text-align: justify;\">La Cooperativa de Ahorro y Cr\u00e9dito Once de Junio, no financiar\u00e1 operaciones que afecten significativamente habitantes naturales cr\u00edticos o sitios de importancia cultural cr\u00edtica. De acuerdo a la RESOLUCI\u00d3N No. SEPS-IGT-IGS-IGJ-INFMR-INR-INGINT-2022-003 \u00abNORMA DE CONTROL PARA LA ADMINISTRACI\u00d3N DEL RIESGO AMBIENTAL Y SOCIAL\u00bb se consider\u00f3 excluir las siguientes actividades econ\u00f3micas:<\/h5>\n<p>[\/vc_column_text][\/vc_column][\/vc_row][vc_row equal_height=\u00bbyes\u00bb content_placement=\u00bbmiddle\u00bb][vc_column][vc_raw_html]JTNDb2JqZWN0JTIwc3R5bGUlM0QlMjJ3aWR0aCUzQTEwMDBweCUzQmhlaWdodCUzQTk1MHB4JTNCYm9yZGVyJTNBMXB4JTIwc29saWQlMjBibGFjayUzQiUyMiUyMGRhdGElM0QlMjJodHRwcyUzQSUyRiUyRnd3dy5vbmNlZGVqdW5pby5maW4uZWMlMkZvbmNlZGVqdW5pbyUyRndwLWNvbnRlbnQlMkZ1cGxvYWRzJTJGMjAyNCUyRjA5JTJGRXhjbHVzaW9uZXMtU2FyYXMucGRmJTNGJTIzem9vbSUzRDEwMCUyNnNjcm9sbGJhciUzRDAlMjZ0b29sYmFyJTNEMCUyNm5hdnBhbmVzJTNEMCUyMiUyMHR5cGUlM0QlMjJhcHBsaWNhdGlvbiUyRnBkZiUyMiUzRSUwQSUzQ2VtYmVkJTIwc3JjJTNEJTIyaHR0cHMlM0ElMkYlMkZ3d3cub25jZWRlanVuaW8uZmluLmVjJTJGb25jZWRlanVuaW8lMkZ3cC1jb250ZW50JTJGdXBsb2FkcyUyRjIwMjQlMkYwOCUyRkNBVEFMT0dPLURFLVNFUlZJQ0lPUy1DQUpFUk8tQVVUT01BVElDTy5wZGYlMjIlM0YlMjN6b29tJTNEMTAwJTI2c2Nyb2xsYmFyJTNEMCUyNnRvb2xiYXIlM0QwJTI2bmF2cGFuZXMlM0QwJTIyJTJGJTNFJTBBJTNDJTJGb2JqZWN0JTNF[\/vc_raw_html][\/vc_column][\/vc_row][vc_row][vc_column][vc_column_text]<\/p>\n<h5 style=\"text-align: justify;\">Al momento de identificar una actividad econ\u00f3mica que conste en la lista de exclusi\u00f3n, no se continuar\u00e1 con el proceso crediticio y a su vez se aplicar\u00e1 la negaci\u00f3n a la solicitud de cr\u00e9dito por motivo de sus implicaciones ambientales y sociales negativas en su entorno.<\/h5>\n<p>[\/vc_column_text][vc_separator color=\u00bbcustom\u00bb border_width=\u00bb3&#8243; css_animation=\u00bbnone\u00bb accent_color=\u00bb#e68306&#8243;][\/vc_column][\/vc_row]<\/p>\n","protected":false},"excerpt":{"rendered":"<p>[vc_row][vc_column][vc_empty_space][\/vc_column][\/vc_row][vc_row][vc_column][vc_separator color=\u00bbcustom\u00bb border_width=\u00bb3&#8243; css_animation=\u00bbnone\u00bb accent_color=\u00bb#e68306&#8243;][vc_column_text css_animation=\u00bbnone\u00bb] LISTA DE ACTIVIDADES NO FINANCIABLES O EXCLUIDAS [\/vc_column_text][vc_separator color=\u00bbcustom\u00bb border_width=\u00bb3&#8243; css_animation=\u00bbnone\u00bb accent_color=\u00bb#e68306&#8243;][\/vc_column][\/vc_row][vc_row][vc_column][vc_column_text] La Cooperativa de Ahorro y Cr\u00e9dito Once de Junio, no financiar\u00e1 operaciones que afecten significativamente habitantes naturales cr\u00edticos o sitios de importancia cultural cr\u00edtica. De acuerdo a la RESOLUCI\u00d3N No. SEPS-IGT-IGS-IGJ-INFMR-INR-INGINT-2022-003 \u00abNORMA DE CONTROL PARA LA ADMINISTRACI\u00d3N [&hellip;]<\/p>\n","protected":false},"author":1,"featured_media":0,"parent":0,"menu_order":0,"comment_status":"closed","ping_status":"closed","template":"","meta":{"content-type":"","_monsterinsights_skip_tracking":false,"_monsterinsights_sitenote_active":false,"_monsterinsights_sitenote_note":"","_monsterinsights_sitenote_category":0,"footnotes":""},"class_list":["post-7547","page","type-page","status-publish","hentry"],"yoast_head":"<!-- This site is optimized with the Yoast SEO plugin v24.5 - https:\/\/yoast.com\/wordpress\/plugins\/seo\/ -->\n<title>Exclusiones SARAS - Once de Junio Cooperativa<\/title>\n<meta name=\"robots\" content=\"index, follow, max-snippet:-1, max-image-preview:large, max-video-preview:-1\" \/>\n<link rel=\"canonical\" href=\"https:\/\/www.oncedejunio.fin.ec\/oncedejunio\/exclusiones-sara\/\" \/>\n<meta property=\"og:locale\" content=\"es_ES\" \/>\n<meta property=\"og:type\" content=\"article\" \/>\n<meta property=\"og:title\" content=\"Exclusiones SARAS - Once de Junio Cooperativa\" \/>\n<meta property=\"og:description\" content=\"[vc_row][vc_column][vc_empty_space][\/vc_column][\/vc_row][vc_row][vc_column][vc_separator color=\u00bbcustom\u00bb border_width=\u00bb3&#8243; css_animation=\u00bbnone\u00bb accent_color=\u00bb#e68306&#8243;][vc_column_text css_animation=\u00bbnone\u00bb] LISTA DE ACTIVIDADES NO FINANCIABLES O EXCLUIDAS [\/vc_column_text][vc_separator color=\u00bbcustom\u00bb border_width=\u00bb3&#8243; css_animation=\u00bbnone\u00bb accent_color=\u00bb#e68306&#8243;][\/vc_column][\/vc_row][vc_row][vc_column][vc_column_text] La Cooperativa de Ahorro y Cr\u00e9dito Once de Junio, no financiar\u00e1 operaciones que afecten significativamente habitantes naturales cr\u00edticos o sitios de importancia cultural cr\u00edtica. De acuerdo a la RESOLUCI\u00d3N No. SEPS-IGT-IGS-IGJ-INFMR-INR-INGINT-2022-003 \u00abNORMA DE CONTROL PARA LA ADMINISTRACI\u00d3N [&hellip;]\" \/>\n<meta property=\"og:url\" content=\"https:\/\/www.oncedejunio.fin.ec\/oncedejunio\/exclusiones-sara\/\" \/>\n<meta property=\"og:site_name\" content=\"Once de Junio Cooperativa\" \/>\n<meta property=\"article:modified_time\" content=\"2024-09-17T17:00:35+00:00\" \/>\n<meta name=\"twitter:card\" content=\"summary_large_image\" \/>\n<meta name=\"twitter:label1\" content=\"Tiempo de lectura\" \/>\n\t<meta name=\"twitter:data1\" content=\"1 minuto\" \/>\n<script type=\"application\/ld+json\" class=\"yoast-schema-graph\">{\"@context\":\"https:\/\/schema.org\",\"@graph\":[{\"@type\":\"WebPage\",\"@id\":\"https:\/\/www.oncedejunio.fin.ec\/oncedejunio\/exclusiones-sara\/\",\"url\":\"https:\/\/www.oncedejunio.fin.ec\/oncedejunio\/exclusiones-sara\/\",\"name\":\"Exclusiones SARAS - Once de Junio Cooperativa\",\"isPartOf\":{\"@id\":\"https:\/\/www.oncedejunio.fin.ec\/oncedejunio\/#website\"},\"datePublished\":\"2023-05-11T19:25:18+00:00\",\"dateModified\":\"2024-09-17T17:00:35+00:00\",\"breadcrumb\":{\"@id\":\"https:\/\/www.oncedejunio.fin.ec\/oncedejunio\/exclusiones-sara\/#breadcrumb\"},\"inLanguage\":\"es\",\"potentialAction\":[{\"@type\":\"ReadAction\",\"target\":[\"https:\/\/www.oncedejunio.fin.ec\/oncedejunio\/exclusiones-sara\/\"]}]},{\"@type\":\"BreadcrumbList\",\"@id\":\"https:\/\/www.oncedejunio.fin.ec\/oncedejunio\/exclusiones-sara\/#breadcrumb\",\"itemListElement\":[{\"@type\":\"ListItem\",\"position\":1,\"name\":\"Home\",\"item\":\"https:\/\/www.oncedejunio.fin.ec\/oncedejunio\/\"},{\"@type\":\"ListItem\",\"position\":2,\"name\":\"Exclusiones SARAS\"}]},{\"@type\":\"WebSite\",\"@id\":\"https:\/\/www.oncedejunio.fin.ec\/oncedejunio\/#website\",\"url\":\"https:\/\/www.oncedejunio.fin.ec\/oncedejunio\/\",\"name\":\"Cooperativa de Ahorro y Cr\u00e9dito Once de Junio\",\"description\":\"Once de Junio Cooperativa\",\"potentialAction\":[{\"@type\":\"SearchAction\",\"target\":{\"@type\":\"EntryPoint\",\"urlTemplate\":\"https:\/\/www.oncedejunio.fin.ec\/oncedejunio\/?s={search_term_string}\"},\"query-input\":{\"@type\":\"PropertyValueSpecification\",\"valueRequired\":true,\"valueName\":\"search_term_string\"}}],\"inLanguage\":\"es\"}]}<\/script>\n<!-- \/ Yoast SEO plugin. -->","yoast_head_json":{"title":"Exclusiones SARAS - Once de Junio Cooperativa","robots":{"index":"index","follow":"follow","max-snippet":"max-snippet:-1","max-image-preview":"max-image-preview:large","max-video-preview":"max-video-preview:-1"},"canonical":"https:\/\/www.oncedejunio.fin.ec\/oncedejunio\/exclusiones-sara\/","og_locale":"es_ES","og_type":"article","og_title":"Exclusiones SARAS - Once de Junio Cooperativa","og_description":"[vc_row][vc_column][vc_empty_space][\/vc_column][\/vc_row][vc_row][vc_column][vc_separator color=\u00bbcustom\u00bb border_width=\u00bb3&#8243; css_animation=\u00bbnone\u00bb accent_color=\u00bb#e68306&#8243;][vc_column_text css_animation=\u00bbnone\u00bb] LISTA DE ACTIVIDADES NO FINANCIABLES O EXCLUIDAS [\/vc_column_text][vc_separator color=\u00bbcustom\u00bb border_width=\u00bb3&#8243; css_animation=\u00bbnone\u00bb accent_color=\u00bb#e68306&#8243;][\/vc_column][\/vc_row][vc_row][vc_column][vc_column_text] La Cooperativa de Ahorro y Cr\u00e9dito Once de Junio, no financiar\u00e1 operaciones que afecten significativamente habitantes naturales cr\u00edticos o sitios de importancia cultural cr\u00edtica. De acuerdo a la RESOLUCI\u00d3N No. SEPS-IGT-IGS-IGJ-INFMR-INR-INGINT-2022-003 \u00abNORMA DE CONTROL PARA LA ADMINISTRACI\u00d3N [&hellip;]","og_url":"https:\/\/www.oncedejunio.fin.ec\/oncedejunio\/exclusiones-sara\/","og_site_name":"Once de Junio Cooperativa","article_modified_time":"2024-09-17T17:00:35+00:00","twitter_card":"summary_large_image","twitter_misc":{"Tiempo de lectura":"1 minuto"},"schema":{"@context":"https:\/\/schema.org","@graph":[{"@type":"WebPage","@id":"https:\/\/www.oncedejunio.fin.ec\/oncedejunio\/exclusiones-sara\/","url":"https:\/\/www.oncedejunio.fin.ec\/oncedejunio\/exclusiones-sara\/","name":"Exclusiones SARAS - Once de Junio Cooperativa","isPartOf":{"@id":"https:\/\/www.oncedejunio.fin.ec\/oncedejunio\/#website"},"datePublished":"2023-05-11T19:25:18+00:00","dateModified":"2024-09-17T17:00:35+00:00","breadcrumb":{"@id":"https:\/\/www.oncedejunio.fin.ec\/oncedejunio\/exclusiones-sara\/#breadcrumb"},"inLanguage":"es","potentialAction":[{"@type":"ReadAction","target":["https:\/\/www.oncedejunio.fin.ec\/oncedejunio\/exclusiones-sara\/"]}]},{"@type":"BreadcrumbList","@id":"https:\/\/www.oncedejunio.fin.ec\/oncedejunio\/exclusiones-sara\/#breadcrumb","itemListElement":[{"@type":"ListItem","position":1,"name":"Home","item":"https:\/\/www.oncedejunio.fin.ec\/oncedejunio\/"},{"@type":"ListItem","position":2,"name":"Exclusiones SARAS"}]},{"@type":"WebSite","@id":"https:\/\/www.oncedejunio.fin.ec\/oncedejunio\/#website","url":"https:\/\/www.oncedejunio.fin.ec\/oncedejunio\/","name":"Cooperativa de Ahorro y Cr\u00e9dito Once de Junio","description":"Once de Junio Cooperativa","potentialAction":[{"@type":"SearchAction","target":{"@type":"EntryPoint","urlTemplate":"https:\/\/www.oncedejunio.fin.ec\/oncedejunio\/?s={search_term_string}"},"query-input":{"@type":"PropertyValueSpecification","valueRequired":true,"valueName":"search_term_string"}}],"inLanguage":"es"}]}},"_links":{"self":[{"href":"https:\/\/www.oncedejunio.fin.ec\/oncedejunio\/wp-json\/wp\/v2\/pages\/7547"}],"collection":[{"href":"https:\/\/www.oncedejunio.fin.ec\/oncedejunio\/wp-json\/wp\/v2\/pages"}],"about":[{"href":"https:\/\/www.oncedejunio.fin.ec\/oncedejunio\/wp-json\/wp\/v2\/types\/page"}],"author":[{"embeddable":true,"href":"https:\/\/www.oncedejunio.fin.ec\/oncedejunio\/wp-json\/wp\/v2\/users\/1"}],"replies":[{"embeddable":true,"href":"https:\/\/www.oncedejunio.fin.ec\/oncedejunio\/wp-json\/wp\/v2\/comments?post=7547"}],"version-history":[{"count":1,"href":"https:\/\/www.oncedejunio.fin.ec\/oncedejunio\/wp-json\/wp\/v2\/pages\/7547\/revisions"}],"predecessor-version":[{"id":15425,"href":"https:\/\/www.oncedejunio.fin.ec\/oncedejunio\/wp-json\/wp\/v2\/pages\/7547\/revisions\/15425"}],"wp:attachment":[{"href":"https:\/\/www.oncedejunio.fin.ec\/oncedejunio\/wp-json\/wp\/v2\/media?parent=7547"}],"curies":[{"name":"wp","href":"https:\/\/api.w.org\/{rel}","templated":true}]}}