{"id":6087,"date":"2023-01-29T17:15:57","date_gmt":"2023-01-29T22:15:57","guid":{"rendered":"https:\/\/www.oncedejunio.fin.ec\/oncedejunio\/?page_id=6087"},"modified":"2023-02-10T08:30:42","modified_gmt":"2023-02-10T13:30:42","slug":"credito-inmobiliario","status":"publish","type":"page","link":"https:\/\/www.oncedejunio.fin.ec\/oncedejunio\/credito-inmobiliario\/","title":{"rendered":"Inmobiliario"},"content":{"rendered":"<p>[vc_row][vc_column][vc_single_image image=\u00bb5487&#8243; img_size=\u00bbfull\u00bb][vc_column_text]<\/p>\n<h3 style=\"text-align: justify;\"><span style=\"color: #005a28;\">Tu apoyo para la construcci\u00f3n, adquisici\u00f3n o remodelaci\u00f3n de vivienda.<\/span><\/h3>\n<p>[\/vc_column_text][vc_column_text]<\/p>\n<p style=\"text-align: justify;\">Once de Junio Cooperativa otorga cr\u00e9dito para la construcci\u00f3n, remodelaci\u00f3n, compra de vivienda, adquisici\u00f3n de vivienda terminada, adquisici\u00f3n de terreno. Con Catarina Hipotecaria Hasta $150.000,00<\/p>\n<p>[\/vc_column_text][\/vc_column][\/vc_row][vc_row css=\u00bb.vc_custom_1589391741989{margin-top: -50px !important;}\u00bb][vc_column][vc_tta_tabs color=\u00bbgreen\u00bb active_section=\u00bb1&#8243;][vc_tta_section title=\u00bbCr\u00e9dito Inmobiliario\u00bb tab_id=\u00bbcredito-pinmobiliario\u00bb][vc_column_text]<\/p>\n<p style=\"text-align: center;\"><div id=\"footable_parent_6091\"\n         class=\" footable_parent ninja_table_wrapper loading_ninja_table wp_table_data_press_parent semantic_ui \">\n                <table data-ninja_table_instance=\"ninja_table_instance_0\" data-footable_id=\"6091\" data-filter-delay=\"1000\" aria-label=\"12 Credito Inmoviliario.csv\"            id=\"footable_6091\"\n           data-unique_identifier=\"ninja_table_unique_id_1096110234_6091\"\n           class=\" foo-table ninja_footable foo_table_6091 ninja_table_unique_id_1096110234_6091 ui table  nt_type_ajax_table selectable celled striped compact vertical_centered  footable-paging-left ninja_table_search_disabled\">\n                <colgroup>\n                            <col class=\"ninja_column_0 \">\n                            <col class=\"ninja_column_1 \">\n                            <col class=\"ninja_column_2 \">\n                            <col class=\"ninja_column_3 \">\n                            <col class=\"ninja_column_4 \">\n                            <col class=\"ninja_column_5 \">\n                    <\/colgroup>\n            <\/table>\n    \n    \n    \n<\/div>\n<p>[\/vc_column_text][vc_column_text css_animation=\u00bbnone\u00bb css=\u00bb.vc_custom_1675029548926{padding-top: 30px !important;}\u00bb]<img loading=\"lazy\" decoding=\"async\" class=\"wp-image-2159 size-full aligncenter\" src=\"https:\/\/www.oncedejunio.fin.ec\/oncedejunio\/wp-content\/uploads\/2020\/05\/masBeneficios.png\" alt=\"\" width=\"170\" height=\"62\" \/><\/p>\n<ul>\n<li>Garant\u00eda Hipotecaria.<\/li>\n<li>Rapidez en el tr\u00e1mite.<\/li>\n<li>C\u00f3modas cuotas de pago.<\/li>\n<li>Tasa de inter\u00e9s atractiva.<\/li>\n<\/ul>\n<p>[\/vc_column_text][vc_row_inner][vc_column_inner width=\u00bb1\/4&#8243;][\/vc_column_inner][vc_column_inner width=\u00bb1\/2&#8243;][vc_column_text]<\/p>\n<h4 style=\"text-align: center;\"><span style=\"color: #005a28;\">Requisitos Pr\u00e9stamo Inmobiliario<\/span><\/h4>\n<ul>\n<li>Copia de Cedula: Deudor, Codeudor, Garante.<\/li>\n<li>Copia de Servicio B\u00e1sico.<\/li>\n<li>Declaraciones Juramentadas (Prestamos de 5.000,00 o de 10.000.00).<\/li>\n<li>Planillas de Aportaci\u00f3n de IESS.<\/li>\n<li>Giros Recibidos (5 meses).<\/li>\n<li>Contrato de Arriendo.<\/li>\n<li>Roles de Pago (3 meses \u00faltimos) o Certificados de Ingreso.<\/li>\n<li>Copia de libreta o Estado de cuenta de ser pensionista.<\/li>\n<li>Certificado de CONEFA.<\/li>\n<li>Declaraciones al IVA o Facturas (4 \u00faltimos meses); Ruc o RISE.<\/li>\n<li>Carnet de CONADIS para discapacitados.<\/li>\n<li>Ex\u00e1menes M\u00e9dicos (Prestamos mayores a 25.000,00).<\/li>\n<li>Hipoteca y Aval\u00fao de Perito calificado.<\/li>\n<\/ul>\n<p>[\/vc_column_text][\/vc_column_inner][vc_column_inner width=\u00bb1\/4&#8243;][\/vc_column_inner][\/vc_row_inner][\/vc_tta_section][\/vc_tta_tabs][\/vc_column][\/vc_row][vc_row][vc_column][vc_column_text]<\/p>\n<ul>\n<li>Para cr\u00e9ditos a conceder a partir de $100,000.00 d\u00f3lares, se debe coordinar con CORPASEGO CIA. LTDA. BROKER SEGUROS.<\/li>\n<li>Para los socios que tengan la edad entre 60 a 70 a\u00f1os y soliciten cr\u00e9ditos a partir de $75.000,00 d\u00f3lares<\/li>\n<\/ul>\n<p>[\/vc_column_text][\/vc_column][\/vc_row]<\/p>\n","protected":false},"excerpt":{"rendered":"<p>[vc_row][vc_column][vc_single_image image=\u00bb5487&#8243; img_size=\u00bbfull\u00bb][vc_column_text] Tu apoyo para la construcci\u00f3n, adquisici\u00f3n o remodelaci\u00f3n de vivienda. [\/vc_column_text][vc_column_text] Once de Junio Cooperativa otorga cr\u00e9dito para la construcci\u00f3n, remodelaci\u00f3n, compra de vivienda, adquisici\u00f3n de vivienda terminada, adquisici\u00f3n de terreno. Con Catarina Hipotecaria Hasta $150.000,00 [\/vc_column_text][\/vc_column][\/vc_row][vc_row css=\u00bb.vc_custom_1589391741989{margin-top: -50px !important;}\u00bb][vc_column][vc_tta_tabs color=\u00bbgreen\u00bb active_section=\u00bb1&#8243;][vc_tta_section title=\u00bbCr\u00e9dito Inmobiliario\u00bb tab_id=\u00bbcredito-pinmobiliario\u00bb][vc_column_text] [\/vc_column_text][vc_column_text css_animation=\u00bbnone\u00bb css=\u00bb.vc_custom_1675029548926{padding-top: 30px !important;}\u00bb] Garant\u00eda Hipotecaria. [&hellip;]<\/p>\n","protected":false},"author":1,"featured_media":0,"parent":0,"menu_order":0,"comment_status":"closed","ping_status":"closed","template":"","meta":{"content-type":"","_monsterinsights_skip_tracking":false,"_monsterinsights_sitenote_active":false,"_monsterinsights_sitenote_note":"","_monsterinsights_sitenote_category":0,"footnotes":""},"class_list":["post-6087","page","type-page","status-publish","hentry"],"yoast_head":"<!-- This site is optimized with the Yoast SEO plugin v24.5 - https:\/\/yoast.com\/wordpress\/plugins\/seo\/ -->\n<title>Inmobiliario - Once de Junio Cooperativa<\/title>\n<meta name=\"robots\" content=\"index, follow, max-snippet:-1, max-image-preview:large, max-video-preview:-1\" \/>\n<link rel=\"canonical\" href=\"https:\/\/www.oncedejunio.fin.ec\/oncedejunio\/credito-inmobiliario\/\" \/>\n<meta property=\"og:locale\" content=\"es_ES\" \/>\n<meta property=\"og:type\" content=\"article\" \/>\n<meta property=\"og:title\" content=\"Inmobiliario - Once de Junio Cooperativa\" \/>\n<meta property=\"og:description\" content=\"[vc_row][vc_column][vc_single_image image=\u00bb5487&#8243; img_size=\u00bbfull\u00bb][vc_column_text] Tu apoyo para la construcci\u00f3n, adquisici\u00f3n o remodelaci\u00f3n de vivienda. [\/vc_column_text][vc_column_text] Once de Junio Cooperativa otorga cr\u00e9dito para la construcci\u00f3n, remodelaci\u00f3n, compra de vivienda, adquisici\u00f3n de vivienda terminada, adquisici\u00f3n de terreno. Con Catarina Hipotecaria Hasta $150.000,00 [\/vc_column_text][\/vc_column][\/vc_row][vc_row css=\u00bb.vc_custom_1589391741989{margin-top: -50px !important;}\u00bb][vc_column][vc_tta_tabs color=\u00bbgreen\u00bb active_section=\u00bb1&#8243;][vc_tta_section title=\u00bbCr\u00e9dito Inmobiliario\u00bb tab_id=\u00bbcredito-pinmobiliario\u00bb][vc_column_text] [\/vc_column_text][vc_column_text css_animation=\u00bbnone\u00bb css=\u00bb.vc_custom_1675029548926{padding-top: 30px !important;}\u00bb] Garant\u00eda Hipotecaria. [&hellip;]\" \/>\n<meta property=\"og:url\" content=\"https:\/\/www.oncedejunio.fin.ec\/oncedejunio\/credito-inmobiliario\/\" \/>\n<meta property=\"og:site_name\" content=\"Once de Junio Cooperativa\" \/>\n<meta property=\"article:modified_time\" content=\"2023-02-10T13:30:42+00:00\" \/>\n<meta property=\"og:image\" content=\"https:\/\/www.oncedejunio.fin.ec\/oncedejunio\/wp-content\/uploads\/2020\/05\/masBeneficios.png\" \/>\n<meta name=\"twitter:card\" content=\"summary_large_image\" \/>\n<meta name=\"twitter:label1\" content=\"Tiempo de lectura\" \/>\n\t<meta name=\"twitter:data1\" content=\"2 minutos\" \/>\n<script type=\"application\/ld+json\" class=\"yoast-schema-graph\">{\"@context\":\"https:\/\/schema.org\",\"@graph\":[{\"@type\":\"WebPage\",\"@id\":\"https:\/\/www.oncedejunio.fin.ec\/oncedejunio\/credito-inmobiliario\/\",\"url\":\"https:\/\/www.oncedejunio.fin.ec\/oncedejunio\/credito-inmobiliario\/\",\"name\":\"Inmobiliario - Once de Junio Cooperativa\",\"isPartOf\":{\"@id\":\"https:\/\/www.oncedejunio.fin.ec\/oncedejunio\/#website\"},\"primaryImageOfPage\":{\"@id\":\"https:\/\/www.oncedejunio.fin.ec\/oncedejunio\/credito-inmobiliario\/#primaryimage\"},\"image\":{\"@id\":\"https:\/\/www.oncedejunio.fin.ec\/oncedejunio\/credito-inmobiliario\/#primaryimage\"},\"thumbnailUrl\":\"https:\/\/www.oncedejunio.fin.ec\/oncedejunio\/wp-content\/uploads\/2020\/05\/masBeneficios.png\",\"datePublished\":\"2023-01-29T22:15:57+00:00\",\"dateModified\":\"2023-02-10T13:30:42+00:00\",\"breadcrumb\":{\"@id\":\"https:\/\/www.oncedejunio.fin.ec\/oncedejunio\/credito-inmobiliario\/#breadcrumb\"},\"inLanguage\":\"es\",\"potentialAction\":[{\"@type\":\"ReadAction\",\"target\":[\"https:\/\/www.oncedejunio.fin.ec\/oncedejunio\/credito-inmobiliario\/\"]}]},{\"@type\":\"ImageObject\",\"inLanguage\":\"es\",\"@id\":\"https:\/\/www.oncedejunio.fin.ec\/oncedejunio\/credito-inmobiliario\/#primaryimage\",\"url\":\"https:\/\/www.oncedejunio.fin.ec\/oncedejunio\/wp-content\/uploads\/2020\/05\/masBeneficios.png\",\"contentUrl\":\"https:\/\/www.oncedejunio.fin.ec\/oncedejunio\/wp-content\/uploads\/2020\/05\/masBeneficios.png\",\"width\":170,\"height\":62},{\"@type\":\"BreadcrumbList\",\"@id\":\"https:\/\/www.oncedejunio.fin.ec\/oncedejunio\/credito-inmobiliario\/#breadcrumb\",\"itemListElement\":[{\"@type\":\"ListItem\",\"position\":1,\"name\":\"Home\",\"item\":\"https:\/\/www.oncedejunio.fin.ec\/oncedejunio\/\"},{\"@type\":\"ListItem\",\"position\":2,\"name\":\"Inmobiliario\"}]},{\"@type\":\"WebSite\",\"@id\":\"https:\/\/www.oncedejunio.fin.ec\/oncedejunio\/#website\",\"url\":\"https:\/\/www.oncedejunio.fin.ec\/oncedejunio\/\",\"name\":\"Cooperativa de Ahorro y Cr\u00e9dito Once de Junio\",\"description\":\"Once de Junio Cooperativa\",\"potentialAction\":[{\"@type\":\"SearchAction\",\"target\":{\"@type\":\"EntryPoint\",\"urlTemplate\":\"https:\/\/www.oncedejunio.fin.ec\/oncedejunio\/?s={search_term_string}\"},\"query-input\":{\"@type\":\"PropertyValueSpecification\",\"valueRequired\":true,\"valueName\":\"search_term_string\"}}],\"inLanguage\":\"es\"}]}<\/script>\n<!-- \/ Yoast SEO plugin. -->","yoast_head_json":{"title":"Inmobiliario - Once de Junio Cooperativa","robots":{"index":"index","follow":"follow","max-snippet":"max-snippet:-1","max-image-preview":"max-image-preview:large","max-video-preview":"max-video-preview:-1"},"canonical":"https:\/\/www.oncedejunio.fin.ec\/oncedejunio\/credito-inmobiliario\/","og_locale":"es_ES","og_type":"article","og_title":"Inmobiliario - Once de Junio Cooperativa","og_description":"[vc_row][vc_column][vc_single_image image=\u00bb5487&#8243; img_size=\u00bbfull\u00bb][vc_column_text] Tu apoyo para la construcci\u00f3n, adquisici\u00f3n o remodelaci\u00f3n de vivienda. [\/vc_column_text][vc_column_text] Once de Junio Cooperativa otorga cr\u00e9dito para la construcci\u00f3n, remodelaci\u00f3n, compra de vivienda, adquisici\u00f3n de vivienda terminada, adquisici\u00f3n de terreno. Con Catarina Hipotecaria Hasta $150.000,00 [\/vc_column_text][\/vc_column][\/vc_row][vc_row css=\u00bb.vc_custom_1589391741989{margin-top: -50px !important;}\u00bb][vc_column][vc_tta_tabs color=\u00bbgreen\u00bb active_section=\u00bb1&#8243;][vc_tta_section title=\u00bbCr\u00e9dito Inmobiliario\u00bb tab_id=\u00bbcredito-pinmobiliario\u00bb][vc_column_text] [\/vc_column_text][vc_column_text css_animation=\u00bbnone\u00bb css=\u00bb.vc_custom_1675029548926{padding-top: 30px !important;}\u00bb] Garant\u00eda Hipotecaria. [&hellip;]","og_url":"https:\/\/www.oncedejunio.fin.ec\/oncedejunio\/credito-inmobiliario\/","og_site_name":"Once de Junio Cooperativa","article_modified_time":"2023-02-10T13:30:42+00:00","og_image":[{"url":"https:\/\/www.oncedejunio.fin.ec\/oncedejunio\/wp-content\/uploads\/2020\/05\/masBeneficios.png","type":"","width":"","height":""}],"twitter_card":"summary_large_image","twitter_misc":{"Tiempo de lectura":"2 minutos"},"schema":{"@context":"https:\/\/schema.org","@graph":[{"@type":"WebPage","@id":"https:\/\/www.oncedejunio.fin.ec\/oncedejunio\/credito-inmobiliario\/","url":"https:\/\/www.oncedejunio.fin.ec\/oncedejunio\/credito-inmobiliario\/","name":"Inmobiliario - Once de Junio Cooperativa","isPartOf":{"@id":"https:\/\/www.oncedejunio.fin.ec\/oncedejunio\/#website"},"primaryImageOfPage":{"@id":"https:\/\/www.oncedejunio.fin.ec\/oncedejunio\/credito-inmobiliario\/#primaryimage"},"image":{"@id":"https:\/\/www.oncedejunio.fin.ec\/oncedejunio\/credito-inmobiliario\/#primaryimage"},"thumbnailUrl":"https:\/\/www.oncedejunio.fin.ec\/oncedejunio\/wp-content\/uploads\/2020\/05\/masBeneficios.png","datePublished":"2023-01-29T22:15:57+00:00","dateModified":"2023-02-10T13:30:42+00:00","breadcrumb":{"@id":"https:\/\/www.oncedejunio.fin.ec\/oncedejunio\/credito-inmobiliario\/#breadcrumb"},"inLanguage":"es","potentialAction":[{"@type":"ReadAction","target":["https:\/\/www.oncedejunio.fin.ec\/oncedejunio\/credito-inmobiliario\/"]}]},{"@type":"ImageObject","inLanguage":"es","@id":"https:\/\/www.oncedejunio.fin.ec\/oncedejunio\/credito-inmobiliario\/#primaryimage","url":"https:\/\/www.oncedejunio.fin.ec\/oncedejunio\/wp-content\/uploads\/2020\/05\/masBeneficios.png","contentUrl":"https:\/\/www.oncedejunio.fin.ec\/oncedejunio\/wp-content\/uploads\/2020\/05\/masBeneficios.png","width":170,"height":62},{"@type":"BreadcrumbList","@id":"https:\/\/www.oncedejunio.fin.ec\/oncedejunio\/credito-inmobiliario\/#breadcrumb","itemListElement":[{"@type":"ListItem","position":1,"name":"Home","item":"https:\/\/www.oncedejunio.fin.ec\/oncedejunio\/"},{"@type":"ListItem","position":2,"name":"Inmobiliario"}]},{"@type":"WebSite","@id":"https:\/\/www.oncedejunio.fin.ec\/oncedejunio\/#website","url":"https:\/\/www.oncedejunio.fin.ec\/oncedejunio\/","name":"Cooperativa de Ahorro y Cr\u00e9dito Once de Junio","description":"Once de Junio Cooperativa","potentialAction":[{"@type":"SearchAction","target":{"@type":"EntryPoint","urlTemplate":"https:\/\/www.oncedejunio.fin.ec\/oncedejunio\/?s={search_term_string}"},"query-input":{"@type":"PropertyValueSpecification","valueRequired":true,"valueName":"search_term_string"}}],"inLanguage":"es"}]}},"_links":{"self":[{"href":"https:\/\/www.oncedejunio.fin.ec\/oncedejunio\/wp-json\/wp\/v2\/pages\/6087"}],"collection":[{"href":"https:\/\/www.oncedejunio.fin.ec\/oncedejunio\/wp-json\/wp\/v2\/pages"}],"about":[{"href":"https:\/\/www.oncedejunio.fin.ec\/oncedejunio\/wp-json\/wp\/v2\/types\/page"}],"author":[{"embeddable":true,"href":"https:\/\/www.oncedejunio.fin.ec\/oncedejunio\/wp-json\/wp\/v2\/users\/1"}],"replies":[{"embeddable":true,"href":"https:\/\/www.oncedejunio.fin.ec\/oncedejunio\/wp-json\/wp\/v2\/comments?post=6087"}],"version-history":[{"count":0,"href":"https:\/\/www.oncedejunio.fin.ec\/oncedejunio\/wp-json\/wp\/v2\/pages\/6087\/revisions"}],"wp:attachment":[{"href":"https:\/\/www.oncedejunio.fin.ec\/oncedejunio\/wp-json\/wp\/v2\/media?parent=6087"}],"curies":[{"name":"wp","href":"https:\/\/api.w.org\/{rel}","templated":true}]}}