{"id":6078,"date":"2023-01-29T16:31:56","date_gmt":"2023-01-29T21:31:56","guid":{"rendered":"https:\/\/www.oncedejunio.fin.ec\/oncedejunio\/?page_id=6078"},"modified":"2023-02-10T09:06:58","modified_gmt":"2023-02-10T14:06:58","slug":"credito-comercial-pymes","status":"publish","type":"page","link":"https:\/\/www.oncedejunio.fin.ec\/oncedejunio\/credito-comercial-pymes\/","title":{"rendered":"Comercial PYME"},"content":{"rendered":"<p>[vc_row][vc_column][vc_single_image image=\u00bb5489&#8243; img_size=\u00bbfull\u00bb][vc_column_text]<\/p>\n<h3 style=\"text-align: justify;\"><span style=\"color: #005a28;\">Tu apoyo para adquirir bienes o servicios.<\/span><\/h3>\n<p>[\/vc_column_text][vc_column_text]<\/p>\n<p style=\"text-align: justify;\">Once de Junio Cooperativa otorga cr\u00e9dito a personas naturales obligadas a llevar contabilidad o a personas jur\u00eddicas cuyas ventas anuales sean superiores a USD 100,000.00 y hasta USD 1\u2019000,000.00, destinados para capital de trabajo y adquisici\u00f3n de bienes y servicios para actividades productivas y comerciales, las frecuencias de pago es mensuales, bimensuales y trimestrales, se realizar\u00e1 un solo desembolso en caso de financiamiento de adquisici\u00f3n de bienes .<\/p>\n<p>[\/vc_column_text][\/vc_column][\/vc_row][vc_row css=\u00bb.vc_custom_1589391741989{margin-top: -50px !important;}\u00bb][vc_column][vc_tta_tabs color=\u00bbgreen\u00bb active_section=\u00bb1&#8243;][vc_tta_section title=\u00bbCredito Pymes\u00bb tab_id=\u00bbcredito-pymes\u00bb][vc_column_text]<\/p>\n<p style=\"text-align: center;\"><div id=\"footable_parent_6081\"\n         class=\" footable_parent ninja_table_wrapper loading_ninja_table wp_table_data_press_parent semantic_ui \">\n                <table data-ninja_table_instance=\"ninja_table_instance_0\" data-footable_id=\"6081\" data-filter-delay=\"1000\" aria-label=\"11 Credito PYMES.csv\"            id=\"footable_6081\"\n           data-unique_identifier=\"ninja_table_unique_id_3517997464_6081\"\n           class=\" foo-table ninja_footable foo_table_6081 ninja_table_unique_id_3517997464_6081 ui table  nt_type_ajax_table selectable celled striped compact vertical_centered  footable-paging-left ninja_table_search_disabled\">\n                <colgroup>\n                            <col class=\"ninja_column_0 \">\n                            <col class=\"ninja_column_1 \">\n                            <col class=\"ninja_column_2 \">\n                            <col class=\"ninja_column_3 \">\n                            <col class=\"ninja_column_4 \">\n                            <col class=\"ninja_column_5 \">\n                            <col class=\"ninja_column_6 \">\n                    <\/colgroup>\n            <\/table>\n    \n    \n    \n<\/div>\n<p>[\/vc_column_text][vc_column_text css_animation=\u00bbnone\u00bb css=\u00bb.vc_custom_1674944786284{padding-top: 30px !important;}\u00bb]<img loading=\"lazy\" decoding=\"async\" class=\"wp-image-2159 size-full aligncenter\" src=\"https:\/\/www.oncedejunio.fin.ec\/oncedejunio\/wp-content\/uploads\/2020\/05\/masBeneficios.png\" alt=\"\" width=\"170\" height=\"62\" \/><\/p>\n<ul>\n<li>Garant\u00eda personal, prendaria e Hipotecaria de casa o terreno.<\/li>\n<li>Rapidez en el tr\u00e1mite.<\/li>\n<li>C\u00f3modas cuotas de pago.<\/li>\n<li>Hasta 6 a\u00f1os plazo.<\/li>\n<li>Tasa de inter\u00e9s atractiva.<\/li>\n<\/ul>\n<p>[\/vc_column_text][vc_row_inner][vc_column_inner width=\u00bb1\/2&#8243;][vc_column_text]<\/p>\n<h4 style=\"text-align: center;\"><span style=\"color: #005a28;\">Requisitos Personas Naturales<\/span><\/h4>\n<ul>\n<li>Solicitud de Cr\u00e9dito Completa.<\/li>\n<li>Presentaci\u00f3n de Cedula de Identidad C\u00f3nyuge o Conviviente.<\/li>\n<li>Copia de Servicio B\u00e1sico.<\/li>\n<li>Copia de RUC.<\/li>\n<li>Certificado de Cumplimiento de la Superintendencia de Compa\u00f1\u00edas.<\/li>\n<li>Referencias Bancarias.<\/li>\n<li>Balance General (2 \u00faltimos a\u00f1os y \u00faltimo trimestre).<\/li>\n<li>Estados Financieros (2 \u00faltimos a\u00f1os declarados y del presente a\u00f1o) .<\/li>\n<li>Balance Fiscal ( 2 \u00faltimos a\u00f1os).<\/li>\n<li>Flujo de Caja.<\/li>\n<li>Declaraci\u00f3n del Impuesto a la Renta (2 \u00faltimos a\u00f1os).<\/li>\n<\/ul>\n<p>[\/vc_column_text][\/vc_column_inner][vc_column_inner width=\u00bb1\/2&#8243;][vc_column_text]<\/p>\n<h4 style=\"text-align: center;\"><span style=\"color: #005a28;\">Requisitos Persona Jur\u00eddica<\/span><\/h4>\n<ul>\n<li>Solicitud de Cr\u00e9dito Completa.<\/li>\n<li>Copia de C\u00e9dula y Nombramiento del Representante Legal.<\/li>\n<li>Copia de Servicio B\u00e1sico.<\/li>\n<li>Copia de RUC.<\/li>\n<li>Certificado de Cumplimiento de la Superintendencia de Compa\u00f1\u00edas.<\/li>\n<li>Certificado de cumplimiento de obligaciones patronales con el IESS o Declaraci\u00f3n Juramentada en caso de no tener empleados.\u00a0 \u00a0 \u00a0 \u00a0 \u00a0 \u00a0 \u00a0 \u00a0 \u00a0 \u00a0 \u00a0 \u00a0 .<\/li>\n<li>N\u00f3mina de Socios y\/o Accionistas.<\/li>\n<li>Acta de Junta General u \u00f3rgano competente autorizando el cr\u00e9dito.<\/li>\n<li>Referencias Bancarias.<\/li>\n<li>Balance General (2 \u00faltimos a\u00f1os y \u00faltimo trimestre).<\/li>\n<li>Estados Financieros (2 \u00faltimos a\u00f1os declarados y del presente a\u00f1o) .<\/li>\n<li>Balance Fiscal ( 2 \u00faltimos a\u00f1os).<\/li>\n<li>Flujo de Caja.<\/li>\n<li>Declaraci\u00f3n del IVA (6 \u00faltimos meses).<\/li>\n<li>Declaraci\u00f3n del Impuesto a la Renta (2 \u00faltimos a\u00f1os).<\/li>\n<\/ul>\n<p>[\/vc_column_text][\/vc_column_inner][\/vc_row_inner][\/vc_tta_section][\/vc_tta_tabs][\/vc_column][\/vc_row][vc_row][vc_column][vc_column_text]<\/p>\n<ul>\n<li style=\"text-align: justify;\">Para las personas naturales cuyo monto sea a partir de $100,000.00 d\u00f3lares se requerir\u00e1 los ex\u00e1menes m\u00e9dicos respectivos, para lo cual debe coordinar con CORPASEGO CIA. LTDA. BROKER SEGUROS, el mismo caso aplica para los socios que tengan la edad entre 60 a 70 a\u00f1os y el monto sea a partir de $75.000,00.<\/li>\n<\/ul>\n<p>[\/vc_column_text][\/vc_column][\/vc_row]<\/p>\n","protected":false},"excerpt":{"rendered":"<p>[vc_row][vc_column][vc_single_image image=\u00bb5489&#8243; img_size=\u00bbfull\u00bb][vc_column_text] Tu apoyo para adquirir bienes o servicios. [\/vc_column_text][vc_column_text] Once de Junio Cooperativa otorga cr\u00e9dito a personas naturales obligadas a llevar contabilidad o a personas jur\u00eddicas cuyas ventas anuales sean superiores a USD 100,000.00 y hasta USD 1\u2019000,000.00, destinados para capital de trabajo y adquisici\u00f3n de bienes y servicios para actividades productivas y [&hellip;]<\/p>\n","protected":false},"author":1,"featured_media":0,"parent":0,"menu_order":0,"comment_status":"closed","ping_status":"closed","template":"","meta":{"content-type":"","_monsterinsights_skip_tracking":false,"_monsterinsights_sitenote_active":false,"_monsterinsights_sitenote_note":"","_monsterinsights_sitenote_category":0,"footnotes":""},"class_list":["post-6078","page","type-page","status-publish","hentry"],"yoast_head":"<!-- This site is optimized with the Yoast SEO plugin v24.5 - https:\/\/yoast.com\/wordpress\/plugins\/seo\/ -->\n<title>Comercial PYME - Once de Junio Cooperativa<\/title>\n<meta name=\"robots\" content=\"index, follow, max-snippet:-1, max-image-preview:large, max-video-preview:-1\" \/>\n<link rel=\"canonical\" href=\"https:\/\/www.oncedejunio.fin.ec\/oncedejunio\/credito-comercial-pymes\/\" \/>\n<meta property=\"og:locale\" content=\"es_ES\" \/>\n<meta property=\"og:type\" content=\"article\" \/>\n<meta property=\"og:title\" content=\"Comercial PYME - Once de Junio Cooperativa\" \/>\n<meta property=\"og:description\" content=\"[vc_row][vc_column][vc_single_image image=\u00bb5489&#8243; img_size=\u00bbfull\u00bb][vc_column_text] Tu apoyo para adquirir bienes o servicios. [\/vc_column_text][vc_column_text] Once de Junio Cooperativa otorga cr\u00e9dito a personas naturales obligadas a llevar contabilidad o a personas jur\u00eddicas cuyas ventas anuales sean superiores a USD 100,000.00 y hasta USD 1\u2019000,000.00, destinados para capital de trabajo y adquisici\u00f3n de bienes y servicios para actividades productivas y [&hellip;]\" \/>\n<meta property=\"og:url\" content=\"https:\/\/www.oncedejunio.fin.ec\/oncedejunio\/credito-comercial-pymes\/\" \/>\n<meta property=\"og:site_name\" content=\"Once de Junio Cooperativa\" \/>\n<meta property=\"article:modified_time\" content=\"2023-02-10T14:06:58+00:00\" \/>\n<meta property=\"og:image\" content=\"https:\/\/www.oncedejunio.fin.ec\/oncedejunio\/wp-content\/uploads\/2020\/05\/masBeneficios.png\" \/>\n<meta name=\"twitter:card\" content=\"summary_large_image\" \/>\n<meta name=\"twitter:label1\" content=\"Tiempo de lectura\" \/>\n\t<meta name=\"twitter:data1\" content=\"2 minutos\" \/>\n<script type=\"application\/ld+json\" class=\"yoast-schema-graph\">{\"@context\":\"https:\/\/schema.org\",\"@graph\":[{\"@type\":\"WebPage\",\"@id\":\"https:\/\/www.oncedejunio.fin.ec\/oncedejunio\/credito-comercial-pymes\/\",\"url\":\"https:\/\/www.oncedejunio.fin.ec\/oncedejunio\/credito-comercial-pymes\/\",\"name\":\"Comercial PYME - Once de Junio Cooperativa\",\"isPartOf\":{\"@id\":\"https:\/\/www.oncedejunio.fin.ec\/oncedejunio\/#website\"},\"primaryImageOfPage\":{\"@id\":\"https:\/\/www.oncedejunio.fin.ec\/oncedejunio\/credito-comercial-pymes\/#primaryimage\"},\"image\":{\"@id\":\"https:\/\/www.oncedejunio.fin.ec\/oncedejunio\/credito-comercial-pymes\/#primaryimage\"},\"thumbnailUrl\":\"https:\/\/www.oncedejunio.fin.ec\/oncedejunio\/wp-content\/uploads\/2020\/05\/masBeneficios.png\",\"datePublished\":\"2023-01-29T21:31:56+00:00\",\"dateModified\":\"2023-02-10T14:06:58+00:00\",\"breadcrumb\":{\"@id\":\"https:\/\/www.oncedejunio.fin.ec\/oncedejunio\/credito-comercial-pymes\/#breadcrumb\"},\"inLanguage\":\"es\",\"potentialAction\":[{\"@type\":\"ReadAction\",\"target\":[\"https:\/\/www.oncedejunio.fin.ec\/oncedejunio\/credito-comercial-pymes\/\"]}]},{\"@type\":\"ImageObject\",\"inLanguage\":\"es\",\"@id\":\"https:\/\/www.oncedejunio.fin.ec\/oncedejunio\/credito-comercial-pymes\/#primaryimage\",\"url\":\"https:\/\/www.oncedejunio.fin.ec\/oncedejunio\/wp-content\/uploads\/2020\/05\/masBeneficios.png\",\"contentUrl\":\"https:\/\/www.oncedejunio.fin.ec\/oncedejunio\/wp-content\/uploads\/2020\/05\/masBeneficios.png\",\"width\":170,\"height\":62},{\"@type\":\"BreadcrumbList\",\"@id\":\"https:\/\/www.oncedejunio.fin.ec\/oncedejunio\/credito-comercial-pymes\/#breadcrumb\",\"itemListElement\":[{\"@type\":\"ListItem\",\"position\":1,\"name\":\"Home\",\"item\":\"https:\/\/www.oncedejunio.fin.ec\/oncedejunio\/\"},{\"@type\":\"ListItem\",\"position\":2,\"name\":\"Comercial PYME\"}]},{\"@type\":\"WebSite\",\"@id\":\"https:\/\/www.oncedejunio.fin.ec\/oncedejunio\/#website\",\"url\":\"https:\/\/www.oncedejunio.fin.ec\/oncedejunio\/\",\"name\":\"Cooperativa de Ahorro y Cr\u00e9dito Once de Junio\",\"description\":\"Once de Junio Cooperativa\",\"potentialAction\":[{\"@type\":\"SearchAction\",\"target\":{\"@type\":\"EntryPoint\",\"urlTemplate\":\"https:\/\/www.oncedejunio.fin.ec\/oncedejunio\/?s={search_term_string}\"},\"query-input\":{\"@type\":\"PropertyValueSpecification\",\"valueRequired\":true,\"valueName\":\"search_term_string\"}}],\"inLanguage\":\"es\"}]}<\/script>\n<!-- \/ Yoast SEO plugin. -->","yoast_head_json":{"title":"Comercial PYME - Once de Junio Cooperativa","robots":{"index":"index","follow":"follow","max-snippet":"max-snippet:-1","max-image-preview":"max-image-preview:large","max-video-preview":"max-video-preview:-1"},"canonical":"https:\/\/www.oncedejunio.fin.ec\/oncedejunio\/credito-comercial-pymes\/","og_locale":"es_ES","og_type":"article","og_title":"Comercial PYME - Once de Junio Cooperativa","og_description":"[vc_row][vc_column][vc_single_image image=\u00bb5489&#8243; img_size=\u00bbfull\u00bb][vc_column_text] Tu apoyo para adquirir bienes o servicios. [\/vc_column_text][vc_column_text] Once de Junio Cooperativa otorga cr\u00e9dito a personas naturales obligadas a llevar contabilidad o a personas jur\u00eddicas cuyas ventas anuales sean superiores a USD 100,000.00 y hasta USD 1\u2019000,000.00, destinados para capital de trabajo y adquisici\u00f3n de bienes y servicios para actividades productivas y [&hellip;]","og_url":"https:\/\/www.oncedejunio.fin.ec\/oncedejunio\/credito-comercial-pymes\/","og_site_name":"Once de Junio Cooperativa","article_modified_time":"2023-02-10T14:06:58+00:00","og_image":[{"url":"https:\/\/www.oncedejunio.fin.ec\/oncedejunio\/wp-content\/uploads\/2020\/05\/masBeneficios.png","type":"","width":"","height":""}],"twitter_card":"summary_large_image","twitter_misc":{"Tiempo de lectura":"2 minutos"},"schema":{"@context":"https:\/\/schema.org","@graph":[{"@type":"WebPage","@id":"https:\/\/www.oncedejunio.fin.ec\/oncedejunio\/credito-comercial-pymes\/","url":"https:\/\/www.oncedejunio.fin.ec\/oncedejunio\/credito-comercial-pymes\/","name":"Comercial PYME - Once de Junio Cooperativa","isPartOf":{"@id":"https:\/\/www.oncedejunio.fin.ec\/oncedejunio\/#website"},"primaryImageOfPage":{"@id":"https:\/\/www.oncedejunio.fin.ec\/oncedejunio\/credito-comercial-pymes\/#primaryimage"},"image":{"@id":"https:\/\/www.oncedejunio.fin.ec\/oncedejunio\/credito-comercial-pymes\/#primaryimage"},"thumbnailUrl":"https:\/\/www.oncedejunio.fin.ec\/oncedejunio\/wp-content\/uploads\/2020\/05\/masBeneficios.png","datePublished":"2023-01-29T21:31:56+00:00","dateModified":"2023-02-10T14:06:58+00:00","breadcrumb":{"@id":"https:\/\/www.oncedejunio.fin.ec\/oncedejunio\/credito-comercial-pymes\/#breadcrumb"},"inLanguage":"es","potentialAction":[{"@type":"ReadAction","target":["https:\/\/www.oncedejunio.fin.ec\/oncedejunio\/credito-comercial-pymes\/"]}]},{"@type":"ImageObject","inLanguage":"es","@id":"https:\/\/www.oncedejunio.fin.ec\/oncedejunio\/credito-comercial-pymes\/#primaryimage","url":"https:\/\/www.oncedejunio.fin.ec\/oncedejunio\/wp-content\/uploads\/2020\/05\/masBeneficios.png","contentUrl":"https:\/\/www.oncedejunio.fin.ec\/oncedejunio\/wp-content\/uploads\/2020\/05\/masBeneficios.png","width":170,"height":62},{"@type":"BreadcrumbList","@id":"https:\/\/www.oncedejunio.fin.ec\/oncedejunio\/credito-comercial-pymes\/#breadcrumb","itemListElement":[{"@type":"ListItem","position":1,"name":"Home","item":"https:\/\/www.oncedejunio.fin.ec\/oncedejunio\/"},{"@type":"ListItem","position":2,"name":"Comercial PYME"}]},{"@type":"WebSite","@id":"https:\/\/www.oncedejunio.fin.ec\/oncedejunio\/#website","url":"https:\/\/www.oncedejunio.fin.ec\/oncedejunio\/","name":"Cooperativa de Ahorro y Cr\u00e9dito Once de Junio","description":"Once de Junio Cooperativa","potentialAction":[{"@type":"SearchAction","target":{"@type":"EntryPoint","urlTemplate":"https:\/\/www.oncedejunio.fin.ec\/oncedejunio\/?s={search_term_string}"},"query-input":{"@type":"PropertyValueSpecification","valueRequired":true,"valueName":"search_term_string"}}],"inLanguage":"es"}]}},"_links":{"self":[{"href":"https:\/\/www.oncedejunio.fin.ec\/oncedejunio\/wp-json\/wp\/v2\/pages\/6078"}],"collection":[{"href":"https:\/\/www.oncedejunio.fin.ec\/oncedejunio\/wp-json\/wp\/v2\/pages"}],"about":[{"href":"https:\/\/www.oncedejunio.fin.ec\/oncedejunio\/wp-json\/wp\/v2\/types\/page"}],"author":[{"embeddable":true,"href":"https:\/\/www.oncedejunio.fin.ec\/oncedejunio\/wp-json\/wp\/v2\/users\/1"}],"replies":[{"embeddable":true,"href":"https:\/\/www.oncedejunio.fin.ec\/oncedejunio\/wp-json\/wp\/v2\/comments?post=6078"}],"version-history":[{"count":0,"href":"https:\/\/www.oncedejunio.fin.ec\/oncedejunio\/wp-json\/wp\/v2\/pages\/6078\/revisions"}],"wp:attachment":[{"href":"https:\/\/www.oncedejunio.fin.ec\/oncedejunio\/wp-json\/wp\/v2\/media?parent=6078"}],"curies":[{"name":"wp","href":"https:\/\/api.w.org\/{rel}","templated":true}]}}