{"id":6056,"date":"2023-01-27T10:18:42","date_gmt":"2023-01-27T15:18:42","guid":{"rendered":"https:\/\/www.oncedejunio.fin.ec\/oncedejunio\/?page_id=6056"},"modified":"2023-01-27T10:25:29","modified_gmt":"2023-01-27T15:25:29","slug":"acceso-seguro-plataformas-virtuales","status":"publish","type":"page","link":"https:\/\/www.oncedejunio.fin.ec\/oncedejunio\/acceso-seguro-plataformas-virtuales\/","title":{"rendered":"Acceso Seguro Plataformas Virtuales"},"content":{"rendered":"<p>[vc_row][vc_column][vc_empty_space][\/vc_column][\/vc_row][vc_row][vc_column][vc_separator color=\u00bbcustom\u00bb border_width=\u00bb3&#8243; accent_color=\u00bb#c38a03&#8243;][vc_column_text]<\/p>\r\n<h3 style=\"text-align: left;\"><span style=\"color: #005a28;\"><strong>\u00bfC\u00f3mo usar tu App Once M\u00f3vil y Banca Web Once Virtual de manera m\u00e1s segura?<\/strong><\/span><\/h3>\r\n<p>[\/vc_column_text][vc_separator color=\u00bbcustom\u00bb border_width=\u00bb3&#8243; accent_color=\u00bb#c38a03&#8243;][\/vc_column][\/vc_row][vc_row][vc_column][vc_single_image image=\u00bb6058&#8243; img_size=\u00bbfull\u00bb alignment=\u00bbcenter\u00bb][vc_separator color=\u00bbcustom\u00bb border_width=\u00bb3&#8243; accent_color=\u00bb#c38a03&#8243;][\/vc_column][\/vc_row][vc_row][vc_column][vc_column_text]<\/p>\r\n<h5 style=\"text-align: justify;\"><span style=\"color: #005a28;\"><strong>\u00a0<\/strong>Para nosotros la seguridad de la informaci\u00f3n de nuestros socios y clientes es de vital importancia.<\/span><\/h5>\r\n<h5 style=\"text-align: justify;\"><span style=\"color: #005a28;\"><strong>\u00a0<\/strong>Te compartimos los siguientes consejos:<\/span><\/h5>\r\n<ul>\r\n<li style=\"text-align: justify;\">\r\n<h6><span style=\"color: #c38a03;\"><strong>Cuando realice operaciones en la Once Virtual de la cooperativa, verifique siempre que la barra de direcci\u00f3n del navegador comienza con &#8216;https&#8217; y que muestra un candado.<\/strong><\/span><\/h6>\r\n<\/li>\r\n<li style=\"text-align: justify;\">\r\n<h6><span style=\"color: #c38a03;\"><strong>No se conecte a redes Wifi de acceso p\u00fablico:<\/strong><\/span>\u00a0<span style=\"color: #005a28;\">son poco seguras y pueden ser utilizadas para robar tu informaci\u00f3n.<\/span><\/h6>\r\n<\/li>\r\n<li style=\"text-align: justify;\">\r\n<h6><span style=\"color: #c38a03;\"><strong>Cambia la contrase\u00f1a de acceso de forma peri\u00f3dica<\/strong>:<\/span> <span style=\"color: #005a28;\">Adem\u00e1s, debe ser compleja, a\u00f1adiendo diferentes caracteres, n\u00fameros y letras min\u00fasculas\/may\u00fasculas.<\/span><\/h6>\r\n<\/li>\r\n<li style=\"text-align: justify;\">\r\n<h6><span style=\"color: #c38a03;\"><strong>Mant\u00e9n actualizado el sistema operativo y el antivirus licenciado de tus dispositivos, programas y aplicaciones instaladas.<\/strong><\/span><\/h6>\r\n<\/li>\r\n<li style=\"text-align: justify;\">\r\n<h6><span style=\"color: #c38a03;\"><strong>No utilice tel\u00e9fonos celulares de terceros para realizar transacciones.<\/strong><\/span><\/h6>\r\n<\/li>\r\n<li>\r\n<h6 style=\"text-align: justify;\"><strong><span style=\"color: #c38a03;\">Limita los permisos de las Apps en tu celular:<\/span>\u00a0<\/strong><span style=\"color: #005a28;\">aseg\u00farate de dar los debidos accesos \u00fanicamente a las Apps seguras y verificadas.<\/span><\/h6>\r\n<\/li>\r\n<\/ul>\r\n<p>[\/vc_column_text][\/vc_column][\/vc_row][vc_row][vc_column][vc_separator color=\u00bbcustom\u00bb border_width=\u00bb3&#8243; accent_color=\u00bb#c38a03&#8243;][vc_column_text]<\/p>\r\n<ul>\r\n<li style=\"text-align: justify;\"><strong>Te recordamos que la Cooperativa de Ahorro y Cr\u00e9dito Once de Junio Ltda. nunca le requerir\u00e1, ni por correo electr\u00f3nico ni en formularios ni en redes sociales, datos confidenciales como contrase\u00f1as, n\u00fameros de cuentas, n\u00fameros de tarjetas, tel\u00e9fono celular, entre otros.<\/strong><\/li>\r\n<\/ul>\r\n<p>[\/vc_column_text][vc_separator color=\u00bbcustom\u00bb border_width=\u00bb3&#8243; accent_color=\u00bb#c38a03&#8243;][\/vc_column][\/vc_row]<\/p>","protected":false},"excerpt":{"rendered":"<p>[vc_row][vc_column][vc_empty_space][\/vc_column][\/vc_row][vc_row][vc_column][vc_separator color=\u00bbcustom\u00bb border_width=\u00bb3&#8243; accent_color=\u00bb#c38a03&#8243;][vc_column_text] \u00bfC\u00f3mo usar tu App Once M\u00f3vil y Banca Web Once Virtual de manera m\u00e1s segura? [\/vc_column_text][vc_separator color=\u00bbcustom\u00bb border_width=\u00bb3&#8243; accent_color=\u00bb#c38a03&#8243;][\/vc_column][\/vc_row][vc_row][vc_column][vc_single_image image=\u00bb6058&#8243; img_size=\u00bbfull\u00bb alignment=\u00bbcenter\u00bb][vc_separator color=\u00bbcustom\u00bb border_width=\u00bb3&#8243; accent_color=\u00bb#c38a03&#8243;][\/vc_column][\/vc_row][vc_row][vc_column][vc_column_text] \u00a0Para nosotros la seguridad de la informaci\u00f3n de nuestros socios y clientes es de vital importancia. \u00a0Te compartimos los siguientes consejos: Cuando realice operaciones en la [&hellip;]<\/p>\n","protected":false},"author":1,"featured_media":0,"parent":0,"menu_order":0,"comment_status":"closed","ping_status":"closed","template":"","meta":{"content-type":"","_monsterinsights_skip_tracking":false,"_monsterinsights_sitenote_active":false,"_monsterinsights_sitenote_note":"","_monsterinsights_sitenote_category":0,"footnotes":""},"class_list":["post-6056","page","type-page","status-publish","hentry"],"yoast_head":"<!-- This site is optimized with the Yoast SEO plugin v24.5 - https:\/\/yoast.com\/wordpress\/plugins\/seo\/ -->\n<title>Acceso Seguro Plataformas Virtuales - Once de Junio Cooperativa<\/title>\n<meta name=\"robots\" content=\"index, follow, max-snippet:-1, max-image-preview:large, max-video-preview:-1\" \/>\n<link rel=\"canonical\" href=\"https:\/\/www.oncedejunio.fin.ec\/oncedejunio\/acceso-seguro-plataformas-virtuales\/\" \/>\n<meta property=\"og:locale\" content=\"es_ES\" \/>\n<meta property=\"og:type\" content=\"article\" \/>\n<meta property=\"og:title\" content=\"Acceso Seguro Plataformas Virtuales - Once de Junio Cooperativa\" \/>\n<meta property=\"og:description\" content=\"[vc_row][vc_column][vc_empty_space][\/vc_column][\/vc_row][vc_row][vc_column][vc_separator color=\u00bbcustom\u00bb border_width=\u00bb3&#8243; accent_color=\u00bb#c38a03&#8243;][vc_column_text] \u00bfC\u00f3mo usar tu App Once M\u00f3vil y Banca Web Once Virtual de manera m\u00e1s segura? [\/vc_column_text][vc_separator color=\u00bbcustom\u00bb border_width=\u00bb3&#8243; accent_color=\u00bb#c38a03&#8243;][\/vc_column][\/vc_row][vc_row][vc_column][vc_single_image image=\u00bb6058&#8243; img_size=\u00bbfull\u00bb alignment=\u00bbcenter\u00bb][vc_separator color=\u00bbcustom\u00bb border_width=\u00bb3&#8243; accent_color=\u00bb#c38a03&#8243;][\/vc_column][\/vc_row][vc_row][vc_column][vc_column_text] \u00a0Para nosotros la seguridad de la informaci\u00f3n de nuestros socios y clientes es de vital importancia. \u00a0Te compartimos los siguientes consejos: Cuando realice operaciones en la [&hellip;]\" \/>\n<meta property=\"og:url\" content=\"https:\/\/www.oncedejunio.fin.ec\/oncedejunio\/acceso-seguro-plataformas-virtuales\/\" \/>\n<meta property=\"og:site_name\" content=\"Once de Junio Cooperativa\" \/>\n<meta property=\"article:modified_time\" content=\"2023-01-27T15:25:29+00:00\" \/>\n<meta name=\"twitter:card\" content=\"summary_large_image\" \/>\n<meta name=\"twitter:label1\" content=\"Tiempo de lectura\" \/>\n\t<meta name=\"twitter:data1\" content=\"2 minutos\" \/>\n<script type=\"application\/ld+json\" class=\"yoast-schema-graph\">{\"@context\":\"https:\/\/schema.org\",\"@graph\":[{\"@type\":\"WebPage\",\"@id\":\"https:\/\/www.oncedejunio.fin.ec\/oncedejunio\/acceso-seguro-plataformas-virtuales\/\",\"url\":\"https:\/\/www.oncedejunio.fin.ec\/oncedejunio\/acceso-seguro-plataformas-virtuales\/\",\"name\":\"Acceso Seguro Plataformas Virtuales - Once de Junio Cooperativa\",\"isPartOf\":{\"@id\":\"https:\/\/www.oncedejunio.fin.ec\/oncedejunio\/#website\"},\"datePublished\":\"2023-01-27T15:18:42+00:00\",\"dateModified\":\"2023-01-27T15:25:29+00:00\",\"breadcrumb\":{\"@id\":\"https:\/\/www.oncedejunio.fin.ec\/oncedejunio\/acceso-seguro-plataformas-virtuales\/#breadcrumb\"},\"inLanguage\":\"es\",\"potentialAction\":[{\"@type\":\"ReadAction\",\"target\":[\"https:\/\/www.oncedejunio.fin.ec\/oncedejunio\/acceso-seguro-plataformas-virtuales\/\"]}]},{\"@type\":\"BreadcrumbList\",\"@id\":\"https:\/\/www.oncedejunio.fin.ec\/oncedejunio\/acceso-seguro-plataformas-virtuales\/#breadcrumb\",\"itemListElement\":[{\"@type\":\"ListItem\",\"position\":1,\"name\":\"Home\",\"item\":\"https:\/\/www.oncedejunio.fin.ec\/oncedejunio\/\"},{\"@type\":\"ListItem\",\"position\":2,\"name\":\"Acceso Seguro Plataformas Virtuales\"}]},{\"@type\":\"WebSite\",\"@id\":\"https:\/\/www.oncedejunio.fin.ec\/oncedejunio\/#website\",\"url\":\"https:\/\/www.oncedejunio.fin.ec\/oncedejunio\/\",\"name\":\"Cooperativa de Ahorro y Cr\u00e9dito Once de Junio\",\"description\":\"Once de Junio Cooperativa\",\"potentialAction\":[{\"@type\":\"SearchAction\",\"target\":{\"@type\":\"EntryPoint\",\"urlTemplate\":\"https:\/\/www.oncedejunio.fin.ec\/oncedejunio\/?s={search_term_string}\"},\"query-input\":{\"@type\":\"PropertyValueSpecification\",\"valueRequired\":true,\"valueName\":\"search_term_string\"}}],\"inLanguage\":\"es\"}]}<\/script>\n<!-- \/ Yoast SEO plugin. -->","yoast_head_json":{"title":"Acceso Seguro Plataformas Virtuales - Once de Junio Cooperativa","robots":{"index":"index","follow":"follow","max-snippet":"max-snippet:-1","max-image-preview":"max-image-preview:large","max-video-preview":"max-video-preview:-1"},"canonical":"https:\/\/www.oncedejunio.fin.ec\/oncedejunio\/acceso-seguro-plataformas-virtuales\/","og_locale":"es_ES","og_type":"article","og_title":"Acceso Seguro Plataformas Virtuales - Once de Junio Cooperativa","og_description":"[vc_row][vc_column][vc_empty_space][\/vc_column][\/vc_row][vc_row][vc_column][vc_separator color=\u00bbcustom\u00bb border_width=\u00bb3&#8243; accent_color=\u00bb#c38a03&#8243;][vc_column_text] \u00bfC\u00f3mo usar tu App Once M\u00f3vil y Banca Web Once Virtual de manera m\u00e1s segura? [\/vc_column_text][vc_separator color=\u00bbcustom\u00bb border_width=\u00bb3&#8243; accent_color=\u00bb#c38a03&#8243;][\/vc_column][\/vc_row][vc_row][vc_column][vc_single_image image=\u00bb6058&#8243; img_size=\u00bbfull\u00bb alignment=\u00bbcenter\u00bb][vc_separator color=\u00bbcustom\u00bb border_width=\u00bb3&#8243; accent_color=\u00bb#c38a03&#8243;][\/vc_column][\/vc_row][vc_row][vc_column][vc_column_text] \u00a0Para nosotros la seguridad de la informaci\u00f3n de nuestros socios y clientes es de vital importancia. \u00a0Te compartimos los siguientes consejos: Cuando realice operaciones en la [&hellip;]","og_url":"https:\/\/www.oncedejunio.fin.ec\/oncedejunio\/acceso-seguro-plataformas-virtuales\/","og_site_name":"Once de Junio Cooperativa","article_modified_time":"2023-01-27T15:25:29+00:00","twitter_card":"summary_large_image","twitter_misc":{"Tiempo de lectura":"2 minutos"},"schema":{"@context":"https:\/\/schema.org","@graph":[{"@type":"WebPage","@id":"https:\/\/www.oncedejunio.fin.ec\/oncedejunio\/acceso-seguro-plataformas-virtuales\/","url":"https:\/\/www.oncedejunio.fin.ec\/oncedejunio\/acceso-seguro-plataformas-virtuales\/","name":"Acceso Seguro Plataformas Virtuales - Once de Junio Cooperativa","isPartOf":{"@id":"https:\/\/www.oncedejunio.fin.ec\/oncedejunio\/#website"},"datePublished":"2023-01-27T15:18:42+00:00","dateModified":"2023-01-27T15:25:29+00:00","breadcrumb":{"@id":"https:\/\/www.oncedejunio.fin.ec\/oncedejunio\/acceso-seguro-plataformas-virtuales\/#breadcrumb"},"inLanguage":"es","potentialAction":[{"@type":"ReadAction","target":["https:\/\/www.oncedejunio.fin.ec\/oncedejunio\/acceso-seguro-plataformas-virtuales\/"]}]},{"@type":"BreadcrumbList","@id":"https:\/\/www.oncedejunio.fin.ec\/oncedejunio\/acceso-seguro-plataformas-virtuales\/#breadcrumb","itemListElement":[{"@type":"ListItem","position":1,"name":"Home","item":"https:\/\/www.oncedejunio.fin.ec\/oncedejunio\/"},{"@type":"ListItem","position":2,"name":"Acceso Seguro Plataformas Virtuales"}]},{"@type":"WebSite","@id":"https:\/\/www.oncedejunio.fin.ec\/oncedejunio\/#website","url":"https:\/\/www.oncedejunio.fin.ec\/oncedejunio\/","name":"Cooperativa de Ahorro y Cr\u00e9dito Once de Junio","description":"Once de Junio Cooperativa","potentialAction":[{"@type":"SearchAction","target":{"@type":"EntryPoint","urlTemplate":"https:\/\/www.oncedejunio.fin.ec\/oncedejunio\/?s={search_term_string}"},"query-input":{"@type":"PropertyValueSpecification","valueRequired":true,"valueName":"search_term_string"}}],"inLanguage":"es"}]}},"_links":{"self":[{"href":"https:\/\/www.oncedejunio.fin.ec\/oncedejunio\/wp-json\/wp\/v2\/pages\/6056"}],"collection":[{"href":"https:\/\/www.oncedejunio.fin.ec\/oncedejunio\/wp-json\/wp\/v2\/pages"}],"about":[{"href":"https:\/\/www.oncedejunio.fin.ec\/oncedejunio\/wp-json\/wp\/v2\/types\/page"}],"author":[{"embeddable":true,"href":"https:\/\/www.oncedejunio.fin.ec\/oncedejunio\/wp-json\/wp\/v2\/users\/1"}],"replies":[{"embeddable":true,"href":"https:\/\/www.oncedejunio.fin.ec\/oncedejunio\/wp-json\/wp\/v2\/comments?post=6056"}],"version-history":[{"count":0,"href":"https:\/\/www.oncedejunio.fin.ec\/oncedejunio\/wp-json\/wp\/v2\/pages\/6056\/revisions"}],"wp:attachment":[{"href":"https:\/\/www.oncedejunio.fin.ec\/oncedejunio\/wp-json\/wp\/v2\/media?parent=6056"}],"curies":[{"name":"wp","href":"https:\/\/api.w.org\/{rel}","templated":true}]}}