{"id":6022,"date":"2023-01-27T09:06:11","date_gmt":"2023-01-27T14:06:11","guid":{"rendered":"https:\/\/www.oncedejunio.fin.ec\/oncedejunio\/?page_id=6022"},"modified":"2023-01-27T09:10:07","modified_gmt":"2023-01-27T14:10:07","slug":"consejos-y-acceso-seguro","status":"publish","type":"page","link":"https:\/\/www.oncedejunio.fin.ec\/oncedejunio\/consejos-y-acceso-seguro\/","title":{"rendered":"Consejos y Acceso Seguro"},"content":{"rendered":"<p>[vc_row][vc_column][vc_empty_space][\/vc_column][\/vc_row][vc_row][vc_column][vc_separator color=\u00bbcustom\u00bb border_width=\u00bb3&#8243; accent_color=\u00bb#c38a03&#8243;][vc_column_text]<\/p>\r\n<h3 style=\"text-align: center;\"><span style=\"color: #005a25;\"><em><strong>5 Consejos para evitar ser v\u00edctima de Phishing<\/strong><\/em><\/span><\/h3>\r\n<p>[\/vc_column_text][vc_separator color=\u00bbcustom\u00bb border_width=\u00bb3&#8243; accent_color=\u00bb#c38a03&#8243;][\/vc_column][\/vc_row][vc_row][vc_column][vc_single_image image=\u00bb6037&#8243; img_size=\u00bbfull\u00bb alignment=\u00bbcenter\u00bb][vc_separator color=\u00bbcustom\u00bb border_width=\u00bb3&#8243; accent_color=\u00bb#c38a03&#8243;][\/vc_column][\/vc_row][vc_row][vc_column width=\u00bb1\/3&#8243;][vc_column_text]<\/p>\r\n<h5><em><span style=\"color: #c38a03;\"><strong>1. No entregues informaci\u00f3n confidencial: <\/strong><\/span><\/em><\/h5>\r\n<p style=\"text-align: justify;\"><span style=\"color: #005a28;\"><strong>Recuerda que la Cooperativa Once de Junio Ltda.\u00a0 jam\u00e1s te enviar\u00e1 enlaces solicitando datos confidenciales como usuarios, claves, n\u00fameros de cuenta\/tarjetas, acceso a los canales digitales (Once Virtual\/Once M\u00f3vil) a trav\u00e9s de SMS, e-mail, llamada telef\u00f3nica o redes sociales.<\/strong><\/span><\/p>\r\n<p>[\/vc_column_text][\/vc_column][vc_column width=\u00bb1\/3&#8243;][vc_column_text]<\/p>\r\n<h5><em><span style=\"color: #c38a03;\"><strong>2. <\/strong><strong>Revisa peri\u00f3dicamente tus cuentas:<\/strong><\/span><\/em><\/h5>\r\n<p style=\"text-align: justify;\"><span style=\"color: #005a28;\"><strong>Nunca est\u00e1 de m\u00e1s revisar tus cuentas de forma peri\u00f3dica, para estar al tanto de cualquier irregularidad en tus transacciones online.<\/strong><\/span><\/p>\r\n<p>[\/vc_column_text][\/vc_column][vc_column width=\u00bb1\/3&#8243;][vc_column_text]<\/p>\r\n<h5><em><span style=\"color: #c38a03;\"><strong>3. <\/strong><strong>No s\u00f3lo de banca online vive el Phishing:<\/strong><\/span><\/em><\/h5>\r\n<p style=\"text-align: justify;\"><span style=\"color: #005a28;\"><strong>L<\/strong><strong>a mayor parte de ataques de phishing van contra instituciones financieras, pero en realidad pueden utilizar cualquier otra web popular del momento como gancho para robar datos personales: ebay, facebook, Pay Pal, etc.<\/strong><\/span><\/p>\r\n<p>[\/vc_column_text][\/vc_column][\/vc_row][vc_row][vc_column width=\u00bb1\/2&#8243;][vc_column_text]<\/p>\r\n<h5><em><span style=\"color: #c38a03;\"><strong>4. <\/strong><strong>No descargue ni abra archivos de fuentes no confiables:<\/strong><\/span><\/em><\/h5>\r\n<p><span style=\"color: #005a28;\"><strong>Esos archivos pueden tener virus o software malicioso que podr\u00edan permitir a un atacante acceder a su computadora o dispositivo m\u00f3vil.<\/strong><\/span><\/p>\r\n<p>[\/vc_column_text][\/vc_column][vc_column width=\u00bb1\/2&#8243;][vc_column_text]<\/p>\r\n<h5><em><span style=\"color: #c38a03;\"><strong>5. <\/strong><strong>No exponer datos personales:<\/strong><\/span><\/em><\/h5>\r\n<p style=\"text-align: justify;\"><span style=\"color: #005a28;\"><strong>Nunca debes hacer p\u00fablica tu direcci\u00f3n de correo en foros abiertos o a trav\u00e9s de comentarios en p\u00e1ginas web. Tampoco debes publicar tu n\u00famero de tel\u00e9fono. As\u00ed estar\u00e1s protegiendo tus datos personales.<\/strong><\/span><\/p>\r\n<p>[\/vc_column_text][\/vc_column][\/vc_row][vc_row][vc_column][vc_separator color=\u00bbcustom\u00bb border_width=\u00bb3&#8243; accent_color=\u00bb#c38a03&#8243;][vc_column_text]<\/p>\r\n<ul>\r\n<li style=\"text-align: justify;\"><strong>Te recordamos que la Cooperativa de Ahorro y Cr\u00e9dito Once de Junio Ltda. nunca le requerir\u00e1, ni por correo electr\u00f3nico ni en formularios ni en redes sociales, datos confidenciales como contrase\u00f1as, n\u00fameros de cuentas, n\u00fameros de tarjetas, tel\u00e9fono celular, entre otros.<\/strong><\/li>\r\n<\/ul>\r\n<p>[\/vc_column_text][vc_separator color=\u00bbcustom\u00bb border_width=\u00bb3&#8243; accent_color=\u00bb#c38a03&#8243;][\/vc_column][\/vc_row]<\/p>","protected":false},"excerpt":{"rendered":"<p>[vc_row][vc_column][vc_empty_space][\/vc_column][\/vc_row][vc_row][vc_column][vc_separator color=\u00bbcustom\u00bb border_width=\u00bb3&#8243; accent_color=\u00bb#c38a03&#8243;][vc_column_text] 5 Consejos para evitar ser v\u00edctima de Phishing [\/vc_column_text][vc_separator color=\u00bbcustom\u00bb border_width=\u00bb3&#8243; accent_color=\u00bb#c38a03&#8243;][\/vc_column][\/vc_row][vc_row][vc_column][vc_single_image image=\u00bb6037&#8243; img_size=\u00bbfull\u00bb alignment=\u00bbcenter\u00bb][vc_separator color=\u00bbcustom\u00bb border_width=\u00bb3&#8243; accent_color=\u00bb#c38a03&#8243;][\/vc_column][\/vc_row][vc_row][vc_column width=\u00bb1\/3&#8243;][vc_column_text] 1. No entregues informaci\u00f3n confidencial: Recuerda que la Cooperativa Once de Junio Ltda.\u00a0 jam\u00e1s te enviar\u00e1 enlaces solicitando datos confidenciales como usuarios, claves, n\u00fameros de cuenta\/tarjetas, acceso a los canales digitales (Once [&hellip;]<\/p>\n","protected":false},"author":1,"featured_media":0,"parent":0,"menu_order":0,"comment_status":"closed","ping_status":"closed","template":"","meta":{"content-type":"","_monsterinsights_skip_tracking":false,"_monsterinsights_sitenote_active":false,"_monsterinsights_sitenote_note":"","_monsterinsights_sitenote_category":0,"footnotes":""},"class_list":["post-6022","page","type-page","status-publish","hentry"],"yoast_head":"<!-- This site is optimized with the Yoast SEO plugin v24.5 - https:\/\/yoast.com\/wordpress\/plugins\/seo\/ -->\n<title>Consejos y Acceso Seguro - Once de Junio Cooperativa<\/title>\n<meta name=\"robots\" content=\"index, follow, max-snippet:-1, max-image-preview:large, max-video-preview:-1\" \/>\n<link rel=\"canonical\" href=\"https:\/\/www.oncedejunio.fin.ec\/oncedejunio\/consejos-y-acceso-seguro\/\" \/>\n<meta property=\"og:locale\" content=\"es_ES\" \/>\n<meta property=\"og:type\" content=\"article\" \/>\n<meta property=\"og:title\" content=\"Consejos y Acceso Seguro - Once de Junio Cooperativa\" \/>\n<meta property=\"og:description\" content=\"[vc_row][vc_column][vc_empty_space][\/vc_column][\/vc_row][vc_row][vc_column][vc_separator color=\u00bbcustom\u00bb border_width=\u00bb3&#8243; accent_color=\u00bb#c38a03&#8243;][vc_column_text] 5 Consejos para evitar ser v\u00edctima de Phishing [\/vc_column_text][vc_separator color=\u00bbcustom\u00bb border_width=\u00bb3&#8243; accent_color=\u00bb#c38a03&#8243;][\/vc_column][\/vc_row][vc_row][vc_column][vc_single_image image=\u00bb6037&#8243; img_size=\u00bbfull\u00bb alignment=\u00bbcenter\u00bb][vc_separator color=\u00bbcustom\u00bb border_width=\u00bb3&#8243; accent_color=\u00bb#c38a03&#8243;][\/vc_column][\/vc_row][vc_row][vc_column width=\u00bb1\/3&#8243;][vc_column_text] 1. No entregues informaci\u00f3n confidencial: Recuerda que la Cooperativa Once de Junio Ltda.\u00a0 jam\u00e1s te enviar\u00e1 enlaces solicitando datos confidenciales como usuarios, claves, n\u00fameros de cuenta\/tarjetas, acceso a los canales digitales (Once [&hellip;]\" \/>\n<meta property=\"og:url\" content=\"https:\/\/www.oncedejunio.fin.ec\/oncedejunio\/consejos-y-acceso-seguro\/\" \/>\n<meta property=\"og:site_name\" content=\"Once de Junio Cooperativa\" \/>\n<meta property=\"article:modified_time\" content=\"2023-01-27T14:10:07+00:00\" \/>\n<meta name=\"twitter:card\" content=\"summary_large_image\" \/>\n<meta name=\"twitter:label1\" content=\"Tiempo de lectura\" \/>\n\t<meta name=\"twitter:data1\" content=\"2 minutos\" \/>\n<script type=\"application\/ld+json\" class=\"yoast-schema-graph\">{\"@context\":\"https:\/\/schema.org\",\"@graph\":[{\"@type\":\"WebPage\",\"@id\":\"https:\/\/www.oncedejunio.fin.ec\/oncedejunio\/consejos-y-acceso-seguro\/\",\"url\":\"https:\/\/www.oncedejunio.fin.ec\/oncedejunio\/consejos-y-acceso-seguro\/\",\"name\":\"Consejos y Acceso Seguro - Once de Junio Cooperativa\",\"isPartOf\":{\"@id\":\"https:\/\/www.oncedejunio.fin.ec\/oncedejunio\/#website\"},\"datePublished\":\"2023-01-27T14:06:11+00:00\",\"dateModified\":\"2023-01-27T14:10:07+00:00\",\"breadcrumb\":{\"@id\":\"https:\/\/www.oncedejunio.fin.ec\/oncedejunio\/consejos-y-acceso-seguro\/#breadcrumb\"},\"inLanguage\":\"es\",\"potentialAction\":[{\"@type\":\"ReadAction\",\"target\":[\"https:\/\/www.oncedejunio.fin.ec\/oncedejunio\/consejos-y-acceso-seguro\/\"]}]},{\"@type\":\"BreadcrumbList\",\"@id\":\"https:\/\/www.oncedejunio.fin.ec\/oncedejunio\/consejos-y-acceso-seguro\/#breadcrumb\",\"itemListElement\":[{\"@type\":\"ListItem\",\"position\":1,\"name\":\"Home\",\"item\":\"https:\/\/www.oncedejunio.fin.ec\/oncedejunio\/\"},{\"@type\":\"ListItem\",\"position\":2,\"name\":\"Consejos y Acceso Seguro\"}]},{\"@type\":\"WebSite\",\"@id\":\"https:\/\/www.oncedejunio.fin.ec\/oncedejunio\/#website\",\"url\":\"https:\/\/www.oncedejunio.fin.ec\/oncedejunio\/\",\"name\":\"Cooperativa de Ahorro y Cr\u00e9dito Once de Junio\",\"description\":\"Once de Junio Cooperativa\",\"potentialAction\":[{\"@type\":\"SearchAction\",\"target\":{\"@type\":\"EntryPoint\",\"urlTemplate\":\"https:\/\/www.oncedejunio.fin.ec\/oncedejunio\/?s={search_term_string}\"},\"query-input\":{\"@type\":\"PropertyValueSpecification\",\"valueRequired\":true,\"valueName\":\"search_term_string\"}}],\"inLanguage\":\"es\"}]}<\/script>\n<!-- \/ Yoast SEO plugin. -->","yoast_head_json":{"title":"Consejos y Acceso Seguro - Once de Junio Cooperativa","robots":{"index":"index","follow":"follow","max-snippet":"max-snippet:-1","max-image-preview":"max-image-preview:large","max-video-preview":"max-video-preview:-1"},"canonical":"https:\/\/www.oncedejunio.fin.ec\/oncedejunio\/consejos-y-acceso-seguro\/","og_locale":"es_ES","og_type":"article","og_title":"Consejos y Acceso Seguro - Once de Junio Cooperativa","og_description":"[vc_row][vc_column][vc_empty_space][\/vc_column][\/vc_row][vc_row][vc_column][vc_separator color=\u00bbcustom\u00bb border_width=\u00bb3&#8243; accent_color=\u00bb#c38a03&#8243;][vc_column_text] 5 Consejos para evitar ser v\u00edctima de Phishing [\/vc_column_text][vc_separator color=\u00bbcustom\u00bb border_width=\u00bb3&#8243; accent_color=\u00bb#c38a03&#8243;][\/vc_column][\/vc_row][vc_row][vc_column][vc_single_image image=\u00bb6037&#8243; img_size=\u00bbfull\u00bb alignment=\u00bbcenter\u00bb][vc_separator color=\u00bbcustom\u00bb border_width=\u00bb3&#8243; accent_color=\u00bb#c38a03&#8243;][\/vc_column][\/vc_row][vc_row][vc_column width=\u00bb1\/3&#8243;][vc_column_text] 1. No entregues informaci\u00f3n confidencial: Recuerda que la Cooperativa Once de Junio Ltda.\u00a0 jam\u00e1s te enviar\u00e1 enlaces solicitando datos confidenciales como usuarios, claves, n\u00fameros de cuenta\/tarjetas, acceso a los canales digitales (Once [&hellip;]","og_url":"https:\/\/www.oncedejunio.fin.ec\/oncedejunio\/consejos-y-acceso-seguro\/","og_site_name":"Once de Junio Cooperativa","article_modified_time":"2023-01-27T14:10:07+00:00","twitter_card":"summary_large_image","twitter_misc":{"Tiempo de lectura":"2 minutos"},"schema":{"@context":"https:\/\/schema.org","@graph":[{"@type":"WebPage","@id":"https:\/\/www.oncedejunio.fin.ec\/oncedejunio\/consejos-y-acceso-seguro\/","url":"https:\/\/www.oncedejunio.fin.ec\/oncedejunio\/consejos-y-acceso-seguro\/","name":"Consejos y Acceso Seguro - Once de Junio Cooperativa","isPartOf":{"@id":"https:\/\/www.oncedejunio.fin.ec\/oncedejunio\/#website"},"datePublished":"2023-01-27T14:06:11+00:00","dateModified":"2023-01-27T14:10:07+00:00","breadcrumb":{"@id":"https:\/\/www.oncedejunio.fin.ec\/oncedejunio\/consejos-y-acceso-seguro\/#breadcrumb"},"inLanguage":"es","potentialAction":[{"@type":"ReadAction","target":["https:\/\/www.oncedejunio.fin.ec\/oncedejunio\/consejos-y-acceso-seguro\/"]}]},{"@type":"BreadcrumbList","@id":"https:\/\/www.oncedejunio.fin.ec\/oncedejunio\/consejos-y-acceso-seguro\/#breadcrumb","itemListElement":[{"@type":"ListItem","position":1,"name":"Home","item":"https:\/\/www.oncedejunio.fin.ec\/oncedejunio\/"},{"@type":"ListItem","position":2,"name":"Consejos y Acceso Seguro"}]},{"@type":"WebSite","@id":"https:\/\/www.oncedejunio.fin.ec\/oncedejunio\/#website","url":"https:\/\/www.oncedejunio.fin.ec\/oncedejunio\/","name":"Cooperativa de Ahorro y Cr\u00e9dito Once de Junio","description":"Once de Junio Cooperativa","potentialAction":[{"@type":"SearchAction","target":{"@type":"EntryPoint","urlTemplate":"https:\/\/www.oncedejunio.fin.ec\/oncedejunio\/?s={search_term_string}"},"query-input":{"@type":"PropertyValueSpecification","valueRequired":true,"valueName":"search_term_string"}}],"inLanguage":"es"}]}},"_links":{"self":[{"href":"https:\/\/www.oncedejunio.fin.ec\/oncedejunio\/wp-json\/wp\/v2\/pages\/6022"}],"collection":[{"href":"https:\/\/www.oncedejunio.fin.ec\/oncedejunio\/wp-json\/wp\/v2\/pages"}],"about":[{"href":"https:\/\/www.oncedejunio.fin.ec\/oncedejunio\/wp-json\/wp\/v2\/types\/page"}],"author":[{"embeddable":true,"href":"https:\/\/www.oncedejunio.fin.ec\/oncedejunio\/wp-json\/wp\/v2\/users\/1"}],"replies":[{"embeddable":true,"href":"https:\/\/www.oncedejunio.fin.ec\/oncedejunio\/wp-json\/wp\/v2\/comments?post=6022"}],"version-history":[{"count":0,"href":"https:\/\/www.oncedejunio.fin.ec\/oncedejunio\/wp-json\/wp\/v2\/pages\/6022\/revisions"}],"wp:attachment":[{"href":"https:\/\/www.oncedejunio.fin.ec\/oncedejunio\/wp-json\/wp\/v2\/media?parent=6022"}],"curies":[{"name":"wp","href":"https:\/\/api.w.org\/{rel}","templated":true}]}}