{"id":5972,"date":"2023-01-23T07:55:14","date_gmt":"2023-01-23T12:55:14","guid":{"rendered":"https:\/\/www.oncedejunio.fin.ec\/oncedejunio\/?page_id=5972"},"modified":"2023-02-16T16:27:27","modified_gmt":"2023-02-16T21:27:27","slug":"buen-gobierno-etica-y-comportamiento","status":"publish","type":"page","link":"https:\/\/www.oncedejunio.fin.ec\/oncedejunio\/buen-gobierno-etica-y-comportamiento\/","title":{"rendered":"Buen Gobierno, \u00c9tica y Comportamiento"},"content":{"rendered":"<p>[vc_row][vc_column][vc_empty_space][vc_column_text]<\/p>\n<h3><span style=\"color: #005a28;\">Norma de Control de Buen Gobierno, \u00c9tica y Comportamiento<\/span><\/h3>\n<h4><span style=\"color: #c39000;\">Estatuto de la Entidad, Distribuci\u00f3n de Excedentes, C\u00f3digo de \u00c9tica y Comportamiento, Normativa Relativa al Proceso Eleccionario.<\/span><\/h4>\n<p style=\"text-align: justify;\">Cumpliendo con la Resoluci\u00f3n N\u00ba SEPS-IGT-IGS-IGJ-INSESF-INGINT-2021-019, damos a conocer informaci\u00f3n institucional, la misma que permitir\u00e1 a nuestros socios, clientes y p\u00fablico en general conocer la transparencia que nos caracteriza, permiti\u00e9ndonos seguir creciendo d\u00eda tras d\u00eda.<\/p>\n<p>[\/vc_column_text][\/vc_column][\/vc_row][vc_row css=\u00bb.vc_custom_1589448415819{margin-top: -20px !important;}\u00bb][vc_column width=\u00bb1\/2&#8243;][vc_single_image image=\u00bb5496&#8243; img_size=\u00bbfull\u00bb alignment=\u00bbcenter\u00bb css_animation=\u00bbflipInX\u00bb][\/vc_column][vc_column width=\u00bb1\/2&#8243;][vc_tta_accordion style=\u00bbmodern\u00bb shape=\u00bbsquare\u00bb color=\u00bbwhite\u00bb active_section=\u00bb1&#8243; no_fill=\u00bbtrue\u00bb][vc_tta_section i_icon_fontawesome=\u00bbfas fa-file-pdf\u00bb add_icon=\u00bbtrue\u00bb title=\u00bbESTATUTO\u00bb tab_id=\u00bbestatuto-cooperativa\u00bb][vc_column_text]<a href=\"https:\/\/www.oncedejunio.fin.ec\/oncedejunio\/wp-content\/uploads\/2023\/01\/Estatuto-Coac-Once-de-Junio-Ltda..pdf\" target=\"_blank\" rel=\"noopener noreferrer\">Documento Estatuto Once de Junio Cooperativa<\/a>[\/vc_column_text][\/vc_tta_section][vc_tta_section i_icon_fontawesome=\u00bbfas fa-file-pdf\u00bb add_icon=\u00bbtrue\u00bb title=\u00bbDISTRIBUCI\u00d3N DE EXCEDENTES\u00bb tab_id=\u00bbdistribucion-excedentes\u00bb][vc_column_text]<a href=\"https:\/\/www.oncedejunio.fin.ec\/oncedejunio\/wp-content\/uploads\/2023\/01\/Distribuci\u00f3n-de-Excedentes-2022.pdf\" target=\"_blank\" rel=\"noopener noreferrer\">Documento Distribuci\u00f3n de Excedentes<\/a>[\/vc_column_text][\/vc_tta_section][vc_tta_section i_icon_fontawesome=\u00bbfas fa-file-pdf\u00bb add_icon=\u00bbtrue\u00bb title=\u00bbETICA Y COMPORTAMIENTO\u00bb tab_id=\u00bbetica-comportamiento\u00bb][vc_column_text]<a href=\"https:\/\/www.oncedejunio.fin.ec\/oncedejunio\/wp-content\/uploads\/2023\/01\/Codigo-Etica-Once-de-Junio-Cooperativa.pdf\" target=\"_blank\" rel=\"noopener noreferrer\">Documento C\u00f3digo de \u00c9tica y Comportamiento<\/a>[\/vc_column_text][\/vc_tta_section][vc_tta_section i_icon_fontawesome=\u00bbfas fa-file-pdf\u00bb add_icon=\u00bbtrue\u00bb title=\u00bbNORMATIVA RELATIVA\u00bb tab_id=\u00bbnormativa-relativa\u00bb][vc_column_text]<a href=\"https:\/\/www.oncedejunio.fin.ec\/oncedejunio\/wp-content\/uploads\/2023\/01\/Reglamento-de-elecciones-2021.pdf\" target=\"_blank\" rel=\"noopener noreferrer\">Documento Normativa Relativa al Proceso Eleccionario<\/a>[\/vc_column_text][\/vc_tta_section][vc_tta_section i_icon_fontawesome=\u00bbfas fa-file-pdf\u00bb add_icon=\u00bbtrue\u00bb title=\u00bbINDICADORES A EMPLEADOS\u00bb tab_id=\u00bbindicadores-empleados\u00bb][vc_column_text]<a href=\"https:\/\/www.oncedejunio.fin.ec\/oncedejunio\/wp-content\/uploads\/2023\/02\/Indicadores-Correspondiente-Empleados.pdf\" target=\"_blank\" rel=\"noopener noreferrer\">Indicadores Correspondiente a Empleados<\/a>[\/vc_column_text][\/vc_tta_section][vc_tta_section i_icon_fontawesome=\u00bbfas fa-file-pdf\u00bb add_icon=\u00bbtrue\u00bb title=\u00bbINDICADORES SOCIOS\u00bb tab_id=\u00bbindicadores-socios\u00bb][vc_column_text]<a href=\"https:\/\/www.oncedejunio.fin.ec\/oncedejunio\/wp-content\/uploads\/2023\/01\/INDICADORES-CORRESPONDIENTE-A-SOCIOS-CORTE-DICIEMBRE-2022.pdf\" target=\"_blank\" rel=\"noopener noreferrer\">Indicadores Correspondiente a Socios<\/a>[\/vc_column_text][\/vc_tta_section][vc_tta_section i_icon_fontawesome=\u00bbfas fa-file-pdf\u00bb add_icon=\u00bbtrue\u00bb title=\u00bbINDICADORES POR RECLAMOS\u00bb tab_id=\u00bbindicadores-reclamos\u00bb][vc_column_text]<a href=\"https:\/\/www.oncedejunio.fin.ec\/oncedejunio\/wp-content\/uploads\/2023\/02\/Indicadores-Correspondiente-a-Reclamos.pdf\" target=\"_blank\" rel=\"noopener noreferrer\">Indicadores Correspondiente a Reclamos<\/a>[\/vc_column_text][\/vc_tta_section][vc_tta_section i_icon_fontawesome=\u00bbfas fa-file-pdf\u00bb add_icon=\u00bbtrue\u00bb title=\u00bbINDICADORES DE COMIT\u00c9S Y COMISIONES\u00bb tab_id=\u00bbindicadores-comites\u00bb][vc_column_text]<a href=\"https:\/\/www.oncedejunio.fin.ec\/oncedejunio\/wp-content\/uploads\/2023\/02\/Indicadores-de-Comites-Vigentes.pdf\" target=\"_blank\" rel=\"noopener noreferrer\">Indicadores Comit\u00e9s y Comisiones<\/a>[\/vc_column_text][\/vc_tta_section][\/vc_tta_accordion][\/vc_column][\/vc_row][vc_row][vc_column][vc_separator color=\u00bbgreen\u00bb border_width=\u00bb2&#8243; css_animation=\u00bbslideInLeft\u00bb][\/vc_column][\/vc_row]<\/p>\n","protected":false},"excerpt":{"rendered":"<p>[vc_row][vc_column][vc_empty_space][vc_column_text] Norma de Control de Buen Gobierno, \u00c9tica y Comportamiento Estatuto de la Entidad, Distribuci\u00f3n de Excedentes, C\u00f3digo de \u00c9tica y Comportamiento, Normativa Relativa al Proceso Eleccionario. Cumpliendo con la Resoluci\u00f3n N\u00ba SEPS-IGT-IGS-IGJ-INSESF-INGINT-2021-019, damos a conocer informaci\u00f3n institucional, la misma que permitir\u00e1 a nuestros socios, clientes y p\u00fablico en general conocer la transparencia que nos [&hellip;]<\/p>\n","protected":false},"author":1,"featured_media":0,"parent":0,"menu_order":0,"comment_status":"closed","ping_status":"closed","template":"","meta":{"content-type":"","_monsterinsights_skip_tracking":false,"_monsterinsights_sitenote_active":false,"_monsterinsights_sitenote_note":"","_monsterinsights_sitenote_category":0,"footnotes":""},"class_list":["post-5972","page","type-page","status-publish","hentry"],"yoast_head":"<!-- This site is optimized with the Yoast SEO plugin v24.5 - https:\/\/yoast.com\/wordpress\/plugins\/seo\/ -->\n<title>Buen Gobierno, \u00c9tica y Comportamiento - Once de Junio Cooperativa<\/title>\n<meta name=\"robots\" content=\"index, follow, max-snippet:-1, max-image-preview:large, max-video-preview:-1\" \/>\n<link rel=\"canonical\" href=\"https:\/\/www.oncedejunio.fin.ec\/oncedejunio\/buen-gobierno-etica-y-comportamiento\/\" \/>\n<meta property=\"og:locale\" content=\"es_ES\" \/>\n<meta property=\"og:type\" content=\"article\" \/>\n<meta property=\"og:title\" content=\"Buen Gobierno, \u00c9tica y Comportamiento - Once de Junio Cooperativa\" \/>\n<meta property=\"og:description\" content=\"[vc_row][vc_column][vc_empty_space][vc_column_text] Norma de Control de Buen Gobierno, \u00c9tica y Comportamiento Estatuto de la Entidad, Distribuci\u00f3n de Excedentes, C\u00f3digo de \u00c9tica y Comportamiento, Normativa Relativa al Proceso Eleccionario. Cumpliendo con la Resoluci\u00f3n N\u00ba SEPS-IGT-IGS-IGJ-INSESF-INGINT-2021-019, damos a conocer informaci\u00f3n institucional, la misma que permitir\u00e1 a nuestros socios, clientes y p\u00fablico en general conocer la transparencia que nos [&hellip;]\" \/>\n<meta property=\"og:url\" content=\"https:\/\/www.oncedejunio.fin.ec\/oncedejunio\/buen-gobierno-etica-y-comportamiento\/\" \/>\n<meta property=\"og:site_name\" content=\"Once de Junio Cooperativa\" \/>\n<meta property=\"article:modified_time\" content=\"2023-02-16T21:27:27+00:00\" \/>\n<meta name=\"twitter:card\" content=\"summary_large_image\" \/>\n<meta name=\"twitter:label1\" content=\"Tiempo de lectura\" \/>\n\t<meta name=\"twitter:data1\" content=\"2 minutos\" \/>\n<script type=\"application\/ld+json\" class=\"yoast-schema-graph\">{\"@context\":\"https:\/\/schema.org\",\"@graph\":[{\"@type\":\"WebPage\",\"@id\":\"https:\/\/www.oncedejunio.fin.ec\/oncedejunio\/buen-gobierno-etica-y-comportamiento\/\",\"url\":\"https:\/\/www.oncedejunio.fin.ec\/oncedejunio\/buen-gobierno-etica-y-comportamiento\/\",\"name\":\"Buen Gobierno, \u00c9tica y Comportamiento - Once de Junio Cooperativa\",\"isPartOf\":{\"@id\":\"https:\/\/www.oncedejunio.fin.ec\/oncedejunio\/#website\"},\"datePublished\":\"2023-01-23T12:55:14+00:00\",\"dateModified\":\"2023-02-16T21:27:27+00:00\",\"breadcrumb\":{\"@id\":\"https:\/\/www.oncedejunio.fin.ec\/oncedejunio\/buen-gobierno-etica-y-comportamiento\/#breadcrumb\"},\"inLanguage\":\"es\",\"potentialAction\":[{\"@type\":\"ReadAction\",\"target\":[\"https:\/\/www.oncedejunio.fin.ec\/oncedejunio\/buen-gobierno-etica-y-comportamiento\/\"]}]},{\"@type\":\"BreadcrumbList\",\"@id\":\"https:\/\/www.oncedejunio.fin.ec\/oncedejunio\/buen-gobierno-etica-y-comportamiento\/#breadcrumb\",\"itemListElement\":[{\"@type\":\"ListItem\",\"position\":1,\"name\":\"Home\",\"item\":\"https:\/\/www.oncedejunio.fin.ec\/oncedejunio\/\"},{\"@type\":\"ListItem\",\"position\":2,\"name\":\"Buen Gobierno, \u00c9tica y Comportamiento\"}]},{\"@type\":\"WebSite\",\"@id\":\"https:\/\/www.oncedejunio.fin.ec\/oncedejunio\/#website\",\"url\":\"https:\/\/www.oncedejunio.fin.ec\/oncedejunio\/\",\"name\":\"Cooperativa de Ahorro y Cr\u00e9dito Once de Junio\",\"description\":\"Once de Junio Cooperativa\",\"potentialAction\":[{\"@type\":\"SearchAction\",\"target\":{\"@type\":\"EntryPoint\",\"urlTemplate\":\"https:\/\/www.oncedejunio.fin.ec\/oncedejunio\/?s={search_term_string}\"},\"query-input\":{\"@type\":\"PropertyValueSpecification\",\"valueRequired\":true,\"valueName\":\"search_term_string\"}}],\"inLanguage\":\"es\"}]}<\/script>\n<!-- \/ Yoast SEO plugin. -->","yoast_head_json":{"title":"Buen Gobierno, \u00c9tica y Comportamiento - Once de Junio Cooperativa","robots":{"index":"index","follow":"follow","max-snippet":"max-snippet:-1","max-image-preview":"max-image-preview:large","max-video-preview":"max-video-preview:-1"},"canonical":"https:\/\/www.oncedejunio.fin.ec\/oncedejunio\/buen-gobierno-etica-y-comportamiento\/","og_locale":"es_ES","og_type":"article","og_title":"Buen Gobierno, \u00c9tica y Comportamiento - Once de Junio Cooperativa","og_description":"[vc_row][vc_column][vc_empty_space][vc_column_text] Norma de Control de Buen Gobierno, \u00c9tica y Comportamiento Estatuto de la Entidad, Distribuci\u00f3n de Excedentes, C\u00f3digo de \u00c9tica y Comportamiento, Normativa Relativa al Proceso Eleccionario. Cumpliendo con la Resoluci\u00f3n N\u00ba SEPS-IGT-IGS-IGJ-INSESF-INGINT-2021-019, damos a conocer informaci\u00f3n institucional, la misma que permitir\u00e1 a nuestros socios, clientes y p\u00fablico en general conocer la transparencia que nos [&hellip;]","og_url":"https:\/\/www.oncedejunio.fin.ec\/oncedejunio\/buen-gobierno-etica-y-comportamiento\/","og_site_name":"Once de Junio Cooperativa","article_modified_time":"2023-02-16T21:27:27+00:00","twitter_card":"summary_large_image","twitter_misc":{"Tiempo de lectura":"2 minutos"},"schema":{"@context":"https:\/\/schema.org","@graph":[{"@type":"WebPage","@id":"https:\/\/www.oncedejunio.fin.ec\/oncedejunio\/buen-gobierno-etica-y-comportamiento\/","url":"https:\/\/www.oncedejunio.fin.ec\/oncedejunio\/buen-gobierno-etica-y-comportamiento\/","name":"Buen Gobierno, \u00c9tica y Comportamiento - Once de Junio Cooperativa","isPartOf":{"@id":"https:\/\/www.oncedejunio.fin.ec\/oncedejunio\/#website"},"datePublished":"2023-01-23T12:55:14+00:00","dateModified":"2023-02-16T21:27:27+00:00","breadcrumb":{"@id":"https:\/\/www.oncedejunio.fin.ec\/oncedejunio\/buen-gobierno-etica-y-comportamiento\/#breadcrumb"},"inLanguage":"es","potentialAction":[{"@type":"ReadAction","target":["https:\/\/www.oncedejunio.fin.ec\/oncedejunio\/buen-gobierno-etica-y-comportamiento\/"]}]},{"@type":"BreadcrumbList","@id":"https:\/\/www.oncedejunio.fin.ec\/oncedejunio\/buen-gobierno-etica-y-comportamiento\/#breadcrumb","itemListElement":[{"@type":"ListItem","position":1,"name":"Home","item":"https:\/\/www.oncedejunio.fin.ec\/oncedejunio\/"},{"@type":"ListItem","position":2,"name":"Buen Gobierno, \u00c9tica y Comportamiento"}]},{"@type":"WebSite","@id":"https:\/\/www.oncedejunio.fin.ec\/oncedejunio\/#website","url":"https:\/\/www.oncedejunio.fin.ec\/oncedejunio\/","name":"Cooperativa de Ahorro y Cr\u00e9dito Once de Junio","description":"Once de Junio Cooperativa","potentialAction":[{"@type":"SearchAction","target":{"@type":"EntryPoint","urlTemplate":"https:\/\/www.oncedejunio.fin.ec\/oncedejunio\/?s={search_term_string}"},"query-input":{"@type":"PropertyValueSpecification","valueRequired":true,"valueName":"search_term_string"}}],"inLanguage":"es"}]}},"_links":{"self":[{"href":"https:\/\/www.oncedejunio.fin.ec\/oncedejunio\/wp-json\/wp\/v2\/pages\/5972"}],"collection":[{"href":"https:\/\/www.oncedejunio.fin.ec\/oncedejunio\/wp-json\/wp\/v2\/pages"}],"about":[{"href":"https:\/\/www.oncedejunio.fin.ec\/oncedejunio\/wp-json\/wp\/v2\/types\/page"}],"author":[{"embeddable":true,"href":"https:\/\/www.oncedejunio.fin.ec\/oncedejunio\/wp-json\/wp\/v2\/users\/1"}],"replies":[{"embeddable":true,"href":"https:\/\/www.oncedejunio.fin.ec\/oncedejunio\/wp-json\/wp\/v2\/comments?post=5972"}],"version-history":[{"count":0,"href":"https:\/\/www.oncedejunio.fin.ec\/oncedejunio\/wp-json\/wp\/v2\/pages\/5972\/revisions"}],"wp:attachment":[{"href":"https:\/\/www.oncedejunio.fin.ec\/oncedejunio\/wp-json\/wp\/v2\/media?parent=5972"}],"curies":[{"name":"wp","href":"https:\/\/api.w.org\/{rel}","templated":true}]}}