{"id":4054,"date":"2022-06-15T16:46:37","date_gmt":"2022-06-15T21:46:37","guid":{"rendered":"https:\/\/www.oncedejunio.fin.ec\/oncedejunio\/?page_id=4054"},"modified":"2022-11-17T12:22:03","modified_gmt":"2022-11-17T17:22:03","slug":"phishing","status":"publish","type":"page","link":"https:\/\/www.oncedejunio.fin.ec\/oncedejunio\/phishing\/","title":{"rendered":"Phishing"},"content":{"rendered":"<p>[vc_row][vc_column][vc_empty_space][\/vc_column][\/vc_row][vc_row][vc_column][vc_separator color=\u00bbcustom\u00bb border_width=\u00bb3&#8243; el_width=\u00bb50&#8243; css_animation=\u00bbslideInLeft\u00bb accent_color=\u00bb#e68306&#8243;][\/vc_column][\/vc_row][vc_row][vc_column][vc_column_text css_animation=\u00bbslideInRight\u00bb]<\/p>\n<h3 style=\"text-align: center;\"><span style=\"color: #005a25;\"><em><strong>\u00bfQu\u00e9 es PHISHING?<\/strong><\/em><\/span><\/h3>\n<p>[\/vc_column_text][\/vc_column][\/vc_row][vc_row][vc_column][vc_separator color=\u00bbcustom\u00bb border_width=\u00bb3&#8243; el_width=\u00bb50&#8243; css_animation=\u00bbslideInRight\u00bb accent_color=\u00bb#e68306&#8243;][\/vc_column][\/vc_row][vc_row css=\u00bb.vc_custom_1589448415819{margin-top: -20px !important;}\u00bb][vc_column width=\u00bb1\/2&#8243;][vc_column_text css=\u00bb.vc_custom_1657224072159{border-top-width: 3px !important;border-right-width: 3px !important;border-bottom-width: 3px !important;border-left-width: 3px !important;border-left-color: #e29b1f !important;border-left-style: solid !important;border-right-color: #e29b1f !important;border-right-style: solid !important;border-top-color: #e29b1f !important;border-top-style: solid !important;border-bottom-color: #e29b1f !important;border-bottom-style: solid !important;}\u00bb]<\/p>\n<div style=\"width: 640px;\" class=\"wp-video\"><!--[if lt IE 9]><script>document.createElement('video');<\/script><![endif]-->\n<video class=\"wp-video-shortcode\" id=\"video-4054-1\" width=\"640\" height=\"640\" loop=\"1\" autoplay=\"1\" preload=\"metadata\" controls=\"controls\"><source type=\"video\/mp4\" src=\"https:\/\/www.oncedejunio.fin.ec\/oncedejunio\/wp-content\/uploads\/2022\/07\/PHISHING.mp4?_=1\" \/><a href=\"https:\/\/www.oncedejunio.fin.ec\/oncedejunio\/wp-content\/uploads\/2022\/07\/PHISHING.mp4\">https:\/\/www.oncedejunio.fin.ec\/oncedejunio\/wp-content\/uploads\/2022\/07\/PHISHING.mp4<\/a><\/video><\/div>\n<p>[\/vc_column_text][\/vc_column][vc_column width=\u00bb1\/2&#8243;][vc_column_text css_animation=\u00bbnone\u00bb]<\/p>\n<h5 style=\"text-align: justify;\"><span style=\"color: #005a25;\">El phishing es un ataque que intenta robar su dinero o tambi\u00e9n su identidad, haciendo que divulgue informaci\u00f3n personal (como n\u00fameros de tarjeta de cr\u00e9dito, informaci\u00f3n bancaria o contrase\u00f1as de seguridad) en sitios web que fingen ser sitios leg\u00edtimos. Los ciberdelincuentes suelen fingir ser empresas prestigiosas, amigos o conocidos en un mensaje falso, que contiene un v\u00ednculo a un sitio web de phishing.<\/span><\/h5>\n<h5 style=\"text-align: justify;\"><span style=\"color: #005a25;\">Los correos electr\u00f3nicos pueden aparecer como comunicaciones de bancos, servicios de pago, mercados de compra en l\u00ednea o proveedores de servicios p\u00fablicos, este tipo de<\/span><span style=\"color: #005a25;\">\u00a0mensajes de correo electr\u00f3nico con una identidad falsa, intentando suplantar a una empresa de renombre o entidades bancarias para realizar una solicitud de datos fraudulenta forman parte de nuestro d\u00eda a d\u00eda<\/span><span style=\"color: #005a25;\">.<\/span><\/h5>\n<h5 style=\"text-align: justify;\"><span style=\"color: #005a25;\">Este tipo de ataques cibern\u00e9ticos, conocidos como\u00a0<strong>phishing<\/strong>, son cada vez m\u00e1s habituales y, al ser tan evidentes, muchos usuarios caen f\u00e1cilmente en la trampa de los hackers.<\/span><\/h5>\n<p>[\/vc_column_text][\/vc_column][\/vc_row][vc_row][vc_column][vc_separator color=\u00bbcustom\u00bb border_width=\u00bb3&#8243; css_animation=\u00bbslideInLeft\u00bb accent_color=\u00bb#e68306&#8243;][\/vc_column][\/vc_row][vc_row][vc_column][vc_column_text]<\/p>\n<h4><span style=\"color: #c39000;\"><em>TIPOS DE ESTAFA DE PHISHING<\/em><\/span><\/h4>\n<p>[\/vc_column_text][\/vc_column][\/vc_row][vc_row][vc_column][vc_separator color=\u00bbcustom\u00bb border_width=\u00bb3&#8243; css_animation=\u00bbslideInRight\u00bb accent_color=\u00bb#e68306&#8243;][\/vc_column][\/vc_row][vc_row][vc_column width=\u00bb1\/2&#8243;][vc_column_text]<\/p>\n<h4><strong><span style=\"color: #ff9900;\"><img loading=\"lazy\" decoding=\"async\" class=\"alignleft wp-image-4019\" src=\"https:\/\/www.oncedejunio.fin.ec\/oncedejunio\/wp-content\/uploads\/2022\/06\/pishingcorreo-1-150x150.png\" alt=\"\" width=\"120\" height=\"117\" srcset=\"https:\/\/www.oncedejunio.fin.ec\/oncedejunio\/wp-content\/uploads\/2022\/06\/pishingcorreo-1-300x293.png 300w, https:\/\/www.oncedejunio.fin.ec\/oncedejunio\/wp-content\/uploads\/2022\/06\/pishingcorreo-1.png 379w\" sizes=\"(max-width: 120px) 100vw, 120px\" \/><\/span><\/strong><\/h4>\n<h5 style=\"text-align: left;\"><span style=\"color: #c39000;\">Phishing por correo electr\u00f3nico:<\/span><\/h5>\n<h5 style=\"text-align: justify;\"><span style=\"color: #005a25;\"><strong>Los mensajes de correo electr\u00f3nico son, por mucho, el m\u00e9todo m\u00e1s com\u00fan para entregar el cebo del\u00a0phishing. Estos mensajes suelen contener enlaces que llevan hasta sitios web maliciosos o archivos adjuntos infectados con malware, de esta manera infectando nuestros dispositivos.<\/strong><\/span><\/h5>\n<p>[\/vc_column_text][\/vc_column][vc_column width=\u00bb1\/2&#8243;][vc_column_text]<\/p>\n<h4 style=\"text-align: justify;\"><span style=\"color: #ff9900;\"><img loading=\"lazy\" decoding=\"async\" class=\"alignleft wp-image-4018\" src=\"https:\/\/www.oncedejunio.fin.ec\/oncedejunio\/wp-content\/uploads\/2022\/06\/PhishinWes-295x300.png\" alt=\"\" width=\"120\" height=\"122\" srcset=\"https:\/\/www.oncedejunio.fin.ec\/oncedejunio\/wp-content\/uploads\/2022\/06\/PhishinWes-295x300.png 295w, https:\/\/www.oncedejunio.fin.ec\/oncedejunio\/wp-content\/uploads\/2022\/06\/PhishinWes-68x70.png 68w, https:\/\/www.oncedejunio.fin.ec\/oncedejunio\/wp-content\/uploads\/2022\/06\/PhishinWes.png 378w\" sizes=\"(max-width: 120px) 100vw, 120px\" \/><\/span><\/h4>\n<h5 style=\"text-align: justify;\"><span style=\"color: #c39000;\">Phishing por sitio web:<\/span><\/h5>\n<h5 style=\"text-align: justify;\"><span style=\"color: #005a25;\"><strong>Los sitios web de phishing, tambi\u00e9n conocidos como sitios\u00a0falsificados, son copias falsas de sitios web que conoce y en los que conf\u00eda. Los hackers crean estos sitios para enga\u00f1arlo de modo que introduzca sus credenciales de inicio de sesi\u00f3n, que a continuaci\u00f3n utilizar\u00e1n para conectarse a sus cuentas. Las ventanas emergentes son otra fuente habitual de phishing por sitio web.<\/strong><\/span><\/h5>\n<p>[\/vc_column_text][\/vc_column][\/vc_row][vc_row][vc_column width=\u00bb1\/2&#8243;][vc_column_text]<\/p>\n<h5 style=\"text-align: justify;\"><span style=\"color: #ff9900;\"><img loading=\"lazy\" decoding=\"async\" class=\"alignleft wp-image-4042\" src=\"https:\/\/www.oncedejunio.fin.ec\/oncedejunio\/wp-content\/uploads\/2022\/06\/Vishing.png\" alt=\"\" width=\"120\" height=\"110\" \/><span style=\"color: #c39000;\">Phishing de Voz, Vishing:<\/span><\/span><\/h5>\n<h5 style=\"text-align: justify;\"><span style=\"color: #005a25;\">E<strong>sta abreviatura de \u00abvoice phishing\u00bb (phishing de voz) hace referencia a la versi\u00f3n sonora del phishing de Internet. El atacante intenta convencer por tel\u00e9fono a las v\u00edctimas para que revelen informaci\u00f3n personal que pueda utilizarse m\u00e1s adelante para el\u00a0robo de identidad. Muchas robollamadas son intentos de vishing.<\/strong><\/span><\/h5>\n<p>[\/vc_column_text][\/vc_column][vc_column width=\u00bb1\/2&#8243;][vc_column_text]<\/p>\n<h5><span style=\"color: #ff9900;\"><img loading=\"lazy\" decoding=\"async\" class=\"alignleft wp-image-4046\" src=\"https:\/\/www.oncedejunio.fin.ec\/oncedejunio\/wp-content\/uploads\/2022\/06\/phishingredes.png\" alt=\"\" width=\"130\" height=\"107\" \/><span style=\"color: #c39000;\">Phishing por redes sociales:<\/span><\/span><\/h5>\n<h5 style=\"text-align: justify;\"><span style=\"color: #005a25;\"><strong>Algunos atacantes pueden colarse en las cuentas de redes sociales y forzar a la gente a enviar enlaces maliciosos a sus amigos. Otros crean perfiles falsos y los utilizan para enga\u00f1ar a sus v\u00edctimas.<\/strong><\/span><\/h5>\n<p>[\/vc_column_text][\/vc_column][\/vc_row][vc_row][vc_column][vc_separator color=\u00bbcustom\u00bb border_width=\u00bb3&#8243; css_animation=\u00bbslideInRight\u00bb accent_color=\u00bb#e68306&#8243;][vc_column_text]<\/p>\n<h4><span style=\"color: #c39000;\"><em>\u00bfCOMO PROTEGERSE DEL PISHING?<\/em><\/span><\/h4>\n<p>[\/vc_column_text][vc_separator color=\u00bbcustom\u00bb border_width=\u00bb3&#8243; css_animation=\u00bbslideInLeft\u00bb accent_color=\u00bb#e68306&#8243;][vc_column_text]<\/p>\n<h5 style=\"text-align: justify;\"><span style=\"color: #c39000;\"><em>APRENDE A IDENTIFICAR CLARAMENTE LOS CORREOS ELECTR\u00d3NICOS SOSPECHOSOS DE SER PHISHING: <\/em><\/span><strong><span style=\"color: #005a25;\">Existen algunos aspectos que inequ\u00edvocamente, identifican este tipo de ataques a trav\u00e9s de correo electr\u00f3nico:<\/span><\/strong><\/h5>\n<ul>\n<li style=\"list-style-type: none;\">\n<ul>\n<li>\n<h5><strong><span style=\"color: #005a25;\">Utilizan nombres y adoptan la imagen de empresas reales<\/span><\/strong><\/h5>\n<\/li>\n<li>\n<h5><strong><span style=\"color: #005a25;\">Llevan como remitente el nombre de la empresa o el de un empleado real de la empresa<\/span><\/strong><\/h5>\n<\/li>\n<li>\n<h5><strong><span style=\"color: #005a25;\">Incluyen webs que visualmente son iguales a las de empresas reales<\/span><\/strong><\/h5>\n<\/li>\n<li>\n<h5><strong><span style=\"color: #005a25;\">Como gancho utilizan regalos o la perdida de la propia cuenta existente<\/span><\/strong><\/h5>\n<\/li>\n<\/ul>\n<\/li>\n<\/ul>\n<h5 style=\"text-align: justify;\"><span style=\"color: #e29b1f;\"><em><span style=\"color: #c39000;\">VERIFICA LA FUENTE DE INFORMACI\u00d3N DE TUS CORREOS ENTRANTES:<\/span> <\/em><\/span><strong><span style=\"color: #005a25;\">La Coop. Once de Junio nunca te pedir\u00e1 que le env\u00edes tus claves o datos personales por correo. No respondas a este tipo de preguntas y si tienes alguna duda, llama a nuestro Call Center para aclararlo.<\/span><\/strong><\/h5>\n<h5 style=\"text-align: justify;\"><span style=\"color: #c39000;\"><em>NO ENTRES EN LA WEB DE LA COOP. ONCE DE JUNIO PULSANDO EN LINKS DE CORREOS ELECTR\u00d3NICOS: <\/em><\/span><strong><span style=\"color: #005a25;\">No hagas clic en los hiperv\u00ednculos o enlaces que te adjunten en el correo, ya que de forma oculta te podr\u00edan dirigir a una web fraudulenta. Teclea directamente la direcci\u00f3n web en tu navegador.<\/span><\/strong><\/h5>\n<h5 style=\"text-align: justify;\"><span style=\"color: #c39000;\"><em>REFUERZA LA SEGURIDAD DE TU ORDENADOR: <\/em><\/span><strong><span style=\"color: #005a25;\">El sentido com\u00fan y la prudencia es tan indispensable como mantener tu equipo protegido con un buen antivirus que bloquee este tipo de ataques. Adem\u00e1s, siempre debes tener actualizado tu sistema operativo y navegadores web.<\/span><\/strong><\/h5>\n<h5 style=\"text-align: justify;\"><span style=\"color: #e29b1f;\"><em><span style=\"color: #c39000;\">INTRODUCE TUS DATOS CONFIDENCIALES \u00daNICAMENTE EN WEBS SEGURAS:<\/span> <\/em><\/span><span style=\"color: #005a25;\"><span style=\"color: #005a25;\">Al ingresar a la web de la Coop. Once de Junio, verifica en la barra de direcciones que la direcci\u00f3n inicie por <span style=\"color: #c39000;\">https:\/\/<\/span> y debe aparecer el icono de un peque\u00f1o candado cerrado, esto indica que la conexi\u00f3n es segura.<\/span><\/span><\/h5>\n<h5 style=\"text-align: justify;\"><em><span style=\"color: #e68306;\"><a href=\"https:\/\/www.oncedejunio.fin.ec\/oncedejunio\/wp-content\/uploads\/2022\/06\/WebSegura.png\"><img loading=\"lazy\" decoding=\"async\" class=\"aligncenter wp-image-4137 size-full\" src=\"https:\/\/www.oncedejunio.fin.ec\/oncedejunio\/wp-content\/uploads\/2022\/06\/WebSegura.png\" alt=\"\" width=\"1588\" height=\"119\" srcset=\"https:\/\/www.oncedejunio.fin.ec\/oncedejunio\/wp-content\/uploads\/2022\/06\/WebSegura.png 1588w, https:\/\/www.oncedejunio.fin.ec\/oncedejunio\/wp-content\/uploads\/2022\/06\/WebSegura-300x22.png 300w, https:\/\/www.oncedejunio.fin.ec\/oncedejunio\/wp-content\/uploads\/2022\/06\/WebSegura-1024x77.png 1024w, https:\/\/www.oncedejunio.fin.ec\/oncedejunio\/wp-content\/uploads\/2022\/06\/WebSegura-768x58.png 768w, https:\/\/www.oncedejunio.fin.ec\/oncedejunio\/wp-content\/uploads\/2022\/06\/WebSegura-1536x115.png 1536w\" sizes=\"(max-width: 1588px) 100vw, 1588px\" \/><\/a><\/span><\/em><\/h5>\n<h5 style=\"text-align: justify;\"><span style=\"color: #e29b1f;\"><em><span style=\"color: #c39000;\">REVISA PERI\u00d3DICAMENTE TUS CUENTAS:<\/span> <\/em><\/span><strong><span style=\"color: #005a25;\">Nunca est\u00e1 de m\u00e1s revisar tus cuentas bancarias de forma peri\u00f3dica, para estar al tanto de cualquier irregularidad en tus transacciones online.<\/span><\/strong><\/h5>\n<h5 style=\"text-align: justify;\"><span style=\"color: #c39000;\"><em>NO S\u00d3LO DE BANCA ONLINE VIVE EL PHISHING: <\/em><\/span><strong><span style=\"color: #005a25;\">La mayor parte de ataques de phishing van contra entidades bancarias, pero en realidad pueden utilizar cualquier otra web popular del momento como gancho para robar datos personales: eBay, Facebook, Pay Pal, etc.<\/span><\/strong><\/h5>\n<h5 style=\"text-align: justify;\"><span style=\"color: #c39000;\"><em>EL PHISHING SABE IDIOMAS: <\/em><\/span><strong><span style=\"color: #005a25;\">El phishing no conoce fronteras y pueden llegarte ataques en cualquier idioma. Por norma general est\u00e1n mal escritos o traducidos, as\u00ed que este puede ser otro indicador de que algo no va bien. Si nunca entras a la web en ingl\u00e9s de tu banco, \u00bfPor qu\u00e9 ahora debe llegarte un comunicado suyo en este idioma?<\/span><\/strong><\/h5>\n<h5 style=\"text-align: justify;\"><span style=\"color: #e29b1f;\"><em><span style=\"color: #c39000;\">ANTE LA M\u00cdNIMA DUDA SE PRUDENTE Y NO TE ARRIESGUES:<\/span> <\/em><\/span><strong><span style=\"color: #005a25;\">La mejor forma de acertar siempre es rechazar de forma sistem\u00e1tica cualquier correo electr\u00f3nico o comunicado que incida en que facilites datos confidenciales. Elimina este tipo de correos y llama a tu entidad bancaria para aclarar cualquier duda.<\/span><\/strong><\/h5>\n<p>[\/vc_column_text][vc_separator color=\u00bbcustom\u00bb border_width=\u00bb3&#8243; accent_color=\u00bb#e68306&#8243;][\/vc_column][\/vc_row]<\/p>\n","protected":false},"excerpt":{"rendered":"<p>[vc_row][vc_column][vc_empty_space][\/vc_column][\/vc_row][vc_row][vc_column][vc_separator color=\u00bbcustom\u00bb border_width=\u00bb3&#8243; el_width=\u00bb50&#8243; css_animation=\u00bbslideInLeft\u00bb accent_color=\u00bb#e68306&#8243;][\/vc_column][\/vc_row][vc_row][vc_column][vc_column_text css_animation=\u00bbslideInRight\u00bb] \u00bfQu\u00e9 es PHISHING? [\/vc_column_text][\/vc_column][\/vc_row][vc_row][vc_column][vc_separator color=\u00bbcustom\u00bb border_width=\u00bb3&#8243; el_width=\u00bb50&#8243; css_animation=\u00bbslideInRight\u00bb accent_color=\u00bb#e68306&#8243;][\/vc_column][\/vc_row][vc_row css=\u00bb.vc_custom_1589448415819{margin-top: -20px !important;}\u00bb][vc_column width=\u00bb1\/2&#8243;][vc_column_text css=\u00bb.vc_custom_1657224072159{border-top-width: 3px !important;border-right-width: 3px !important;border-bottom-width: 3px !important;border-left-width: 3px !important;border-left-color: #e29b1f !important;border-left-style: solid !important;border-right-color: #e29b1f !important;border-right-style: solid !important;border-top-color: #e29b1f !important;border-top-style: solid !important;border-bottom-color: #e29b1f !important;border-bottom-style: solid !important;}\u00bb] [\/vc_column_text][\/vc_column][vc_column width=\u00bb1\/2&#8243;][vc_column_text css_animation=\u00bbnone\u00bb] El phishing es un ataque que intenta [&hellip;]<\/p>\n","protected":false},"author":1,"featured_media":0,"parent":0,"menu_order":0,"comment_status":"closed","ping_status":"closed","template":"","meta":{"content-type":"","_monsterinsights_skip_tracking":false,"_monsterinsights_sitenote_active":false,"_monsterinsights_sitenote_note":"","_monsterinsights_sitenote_category":0,"footnotes":""},"class_list":["post-4054","page","type-page","status-publish","hentry"],"yoast_head":"<!-- This site is optimized with the Yoast SEO plugin v24.5 - https:\/\/yoast.com\/wordpress\/plugins\/seo\/ -->\n<title>Phishing - Once de Junio Cooperativa<\/title>\n<meta name=\"robots\" content=\"index, follow, max-snippet:-1, max-image-preview:large, max-video-preview:-1\" \/>\n<link rel=\"canonical\" href=\"https:\/\/www.oncedejunio.fin.ec\/oncedejunio\/phishing\/\" \/>\n<meta property=\"og:locale\" content=\"es_ES\" \/>\n<meta property=\"og:type\" content=\"article\" \/>\n<meta property=\"og:title\" content=\"Phishing - Once de Junio Cooperativa\" \/>\n<meta property=\"og:description\" content=\"[vc_row][vc_column][vc_empty_space][\/vc_column][\/vc_row][vc_row][vc_column][vc_separator color=\u00bbcustom\u00bb border_width=\u00bb3&#8243; el_width=\u00bb50&#8243; css_animation=\u00bbslideInLeft\u00bb accent_color=\u00bb#e68306&#8243;][\/vc_column][\/vc_row][vc_row][vc_column][vc_column_text css_animation=\u00bbslideInRight\u00bb] \u00bfQu\u00e9 es PHISHING? [\/vc_column_text][\/vc_column][\/vc_row][vc_row][vc_column][vc_separator color=\u00bbcustom\u00bb border_width=\u00bb3&#8243; el_width=\u00bb50&#8243; css_animation=\u00bbslideInRight\u00bb accent_color=\u00bb#e68306&#8243;][\/vc_column][\/vc_row][vc_row css=\u00bb.vc_custom_1589448415819{margin-top: -20px !important;}\u00bb][vc_column width=\u00bb1\/2&#8243;][vc_column_text css=\u00bb.vc_custom_1657224072159{border-top-width: 3px !important;border-right-width: 3px !important;border-bottom-width: 3px !important;border-left-width: 3px !important;border-left-color: #e29b1f !important;border-left-style: solid !important;border-right-color: #e29b1f !important;border-right-style: solid !important;border-top-color: #e29b1f !important;border-top-style: solid !important;border-bottom-color: #e29b1f !important;border-bottom-style: solid !important;}\u00bb] [\/vc_column_text][\/vc_column][vc_column width=\u00bb1\/2&#8243;][vc_column_text css_animation=\u00bbnone\u00bb] El phishing es un ataque que intenta [&hellip;]\" \/>\n<meta property=\"og:url\" content=\"https:\/\/www.oncedejunio.fin.ec\/oncedejunio\/phishing\/\" \/>\n<meta property=\"og:site_name\" content=\"Once de Junio Cooperativa\" \/>\n<meta property=\"article:modified_time\" content=\"2022-11-17T17:22:03+00:00\" \/>\n<meta property=\"og:image\" content=\"https:\/\/www.oncedejunio.fin.ec\/oncedejunio\/wp-content\/uploads\/2022\/06\/pishingcorreo-1-150x150.png\" \/>\n<meta name=\"twitter:card\" content=\"summary_large_image\" \/>\n<meta name=\"twitter:label1\" content=\"Tiempo de lectura\" \/>\n\t<meta name=\"twitter:data1\" content=\"6 minutos\" \/>\n<script type=\"application\/ld+json\" class=\"yoast-schema-graph\">{\"@context\":\"https:\/\/schema.org\",\"@graph\":[{\"@type\":\"WebPage\",\"@id\":\"https:\/\/www.oncedejunio.fin.ec\/oncedejunio\/phishing\/\",\"url\":\"https:\/\/www.oncedejunio.fin.ec\/oncedejunio\/phishing\/\",\"name\":\"Phishing - Once de Junio Cooperativa\",\"isPartOf\":{\"@id\":\"https:\/\/www.oncedejunio.fin.ec\/oncedejunio\/#website\"},\"primaryImageOfPage\":{\"@id\":\"https:\/\/www.oncedejunio.fin.ec\/oncedejunio\/phishing\/#primaryimage\"},\"image\":{\"@id\":\"https:\/\/www.oncedejunio.fin.ec\/oncedejunio\/phishing\/#primaryimage\"},\"thumbnailUrl\":\"https:\/\/www.oncedejunio.fin.ec\/oncedejunio\/wp-content\/uploads\/2022\/06\/pishingcorreo-1-150x150.png\",\"datePublished\":\"2022-06-15T21:46:37+00:00\",\"dateModified\":\"2022-11-17T17:22:03+00:00\",\"breadcrumb\":{\"@id\":\"https:\/\/www.oncedejunio.fin.ec\/oncedejunio\/phishing\/#breadcrumb\"},\"inLanguage\":\"es\",\"potentialAction\":[{\"@type\":\"ReadAction\",\"target\":[\"https:\/\/www.oncedejunio.fin.ec\/oncedejunio\/phishing\/\"]}]},{\"@type\":\"ImageObject\",\"inLanguage\":\"es\",\"@id\":\"https:\/\/www.oncedejunio.fin.ec\/oncedejunio\/phishing\/#primaryimage\",\"url\":\"https:\/\/www.oncedejunio.fin.ec\/oncedejunio\/wp-content\/uploads\/2022\/06\/pishingcorreo-1.png\",\"contentUrl\":\"https:\/\/www.oncedejunio.fin.ec\/oncedejunio\/wp-content\/uploads\/2022\/06\/pishingcorreo-1.png\",\"width\":379,\"height\":370},{\"@type\":\"BreadcrumbList\",\"@id\":\"https:\/\/www.oncedejunio.fin.ec\/oncedejunio\/phishing\/#breadcrumb\",\"itemListElement\":[{\"@type\":\"ListItem\",\"position\":1,\"name\":\"Home\",\"item\":\"https:\/\/www.oncedejunio.fin.ec\/oncedejunio\/\"},{\"@type\":\"ListItem\",\"position\":2,\"name\":\"Phishing\"}]},{\"@type\":\"WebSite\",\"@id\":\"https:\/\/www.oncedejunio.fin.ec\/oncedejunio\/#website\",\"url\":\"https:\/\/www.oncedejunio.fin.ec\/oncedejunio\/\",\"name\":\"Cooperativa de Ahorro y Cr\u00e9dito Once de Junio\",\"description\":\"Once de Junio Cooperativa\",\"potentialAction\":[{\"@type\":\"SearchAction\",\"target\":{\"@type\":\"EntryPoint\",\"urlTemplate\":\"https:\/\/www.oncedejunio.fin.ec\/oncedejunio\/?s={search_term_string}\"},\"query-input\":{\"@type\":\"PropertyValueSpecification\",\"valueRequired\":true,\"valueName\":\"search_term_string\"}}],\"inLanguage\":\"es\"}]}<\/script>\n<!-- \/ Yoast SEO plugin. -->","yoast_head_json":{"title":"Phishing - Once de Junio Cooperativa","robots":{"index":"index","follow":"follow","max-snippet":"max-snippet:-1","max-image-preview":"max-image-preview:large","max-video-preview":"max-video-preview:-1"},"canonical":"https:\/\/www.oncedejunio.fin.ec\/oncedejunio\/phishing\/","og_locale":"es_ES","og_type":"article","og_title":"Phishing - Once de Junio Cooperativa","og_description":"[vc_row][vc_column][vc_empty_space][\/vc_column][\/vc_row][vc_row][vc_column][vc_separator color=\u00bbcustom\u00bb border_width=\u00bb3&#8243; el_width=\u00bb50&#8243; css_animation=\u00bbslideInLeft\u00bb accent_color=\u00bb#e68306&#8243;][\/vc_column][\/vc_row][vc_row][vc_column][vc_column_text css_animation=\u00bbslideInRight\u00bb] \u00bfQu\u00e9 es PHISHING? [\/vc_column_text][\/vc_column][\/vc_row][vc_row][vc_column][vc_separator color=\u00bbcustom\u00bb border_width=\u00bb3&#8243; el_width=\u00bb50&#8243; css_animation=\u00bbslideInRight\u00bb accent_color=\u00bb#e68306&#8243;][\/vc_column][\/vc_row][vc_row css=\u00bb.vc_custom_1589448415819{margin-top: -20px !important;}\u00bb][vc_column width=\u00bb1\/2&#8243;][vc_column_text css=\u00bb.vc_custom_1657224072159{border-top-width: 3px !important;border-right-width: 3px !important;border-bottom-width: 3px !important;border-left-width: 3px !important;border-left-color: #e29b1f !important;border-left-style: solid !important;border-right-color: #e29b1f !important;border-right-style: solid !important;border-top-color: #e29b1f !important;border-top-style: solid !important;border-bottom-color: #e29b1f !important;border-bottom-style: solid !important;}\u00bb] [\/vc_column_text][\/vc_column][vc_column width=\u00bb1\/2&#8243;][vc_column_text css_animation=\u00bbnone\u00bb] El phishing es un ataque que intenta [&hellip;]","og_url":"https:\/\/www.oncedejunio.fin.ec\/oncedejunio\/phishing\/","og_site_name":"Once de Junio Cooperativa","article_modified_time":"2022-11-17T17:22:03+00:00","og_image":[{"url":"https:\/\/www.oncedejunio.fin.ec\/oncedejunio\/wp-content\/uploads\/2022\/06\/pishingcorreo-1-150x150.png","type":"","width":"","height":""}],"twitter_card":"summary_large_image","twitter_misc":{"Tiempo de lectura":"6 minutos"},"schema":{"@context":"https:\/\/schema.org","@graph":[{"@type":"WebPage","@id":"https:\/\/www.oncedejunio.fin.ec\/oncedejunio\/phishing\/","url":"https:\/\/www.oncedejunio.fin.ec\/oncedejunio\/phishing\/","name":"Phishing - Once de Junio Cooperativa","isPartOf":{"@id":"https:\/\/www.oncedejunio.fin.ec\/oncedejunio\/#website"},"primaryImageOfPage":{"@id":"https:\/\/www.oncedejunio.fin.ec\/oncedejunio\/phishing\/#primaryimage"},"image":{"@id":"https:\/\/www.oncedejunio.fin.ec\/oncedejunio\/phishing\/#primaryimage"},"thumbnailUrl":"https:\/\/www.oncedejunio.fin.ec\/oncedejunio\/wp-content\/uploads\/2022\/06\/pishingcorreo-1-150x150.png","datePublished":"2022-06-15T21:46:37+00:00","dateModified":"2022-11-17T17:22:03+00:00","breadcrumb":{"@id":"https:\/\/www.oncedejunio.fin.ec\/oncedejunio\/phishing\/#breadcrumb"},"inLanguage":"es","potentialAction":[{"@type":"ReadAction","target":["https:\/\/www.oncedejunio.fin.ec\/oncedejunio\/phishing\/"]}]},{"@type":"ImageObject","inLanguage":"es","@id":"https:\/\/www.oncedejunio.fin.ec\/oncedejunio\/phishing\/#primaryimage","url":"https:\/\/www.oncedejunio.fin.ec\/oncedejunio\/wp-content\/uploads\/2022\/06\/pishingcorreo-1.png","contentUrl":"https:\/\/www.oncedejunio.fin.ec\/oncedejunio\/wp-content\/uploads\/2022\/06\/pishingcorreo-1.png","width":379,"height":370},{"@type":"BreadcrumbList","@id":"https:\/\/www.oncedejunio.fin.ec\/oncedejunio\/phishing\/#breadcrumb","itemListElement":[{"@type":"ListItem","position":1,"name":"Home","item":"https:\/\/www.oncedejunio.fin.ec\/oncedejunio\/"},{"@type":"ListItem","position":2,"name":"Phishing"}]},{"@type":"WebSite","@id":"https:\/\/www.oncedejunio.fin.ec\/oncedejunio\/#website","url":"https:\/\/www.oncedejunio.fin.ec\/oncedejunio\/","name":"Cooperativa de Ahorro y Cr\u00e9dito Once de Junio","description":"Once de Junio Cooperativa","potentialAction":[{"@type":"SearchAction","target":{"@type":"EntryPoint","urlTemplate":"https:\/\/www.oncedejunio.fin.ec\/oncedejunio\/?s={search_term_string}"},"query-input":{"@type":"PropertyValueSpecification","valueRequired":true,"valueName":"search_term_string"}}],"inLanguage":"es"}]}},"_links":{"self":[{"href":"https:\/\/www.oncedejunio.fin.ec\/oncedejunio\/wp-json\/wp\/v2\/pages\/4054"}],"collection":[{"href":"https:\/\/www.oncedejunio.fin.ec\/oncedejunio\/wp-json\/wp\/v2\/pages"}],"about":[{"href":"https:\/\/www.oncedejunio.fin.ec\/oncedejunio\/wp-json\/wp\/v2\/types\/page"}],"author":[{"embeddable":true,"href":"https:\/\/www.oncedejunio.fin.ec\/oncedejunio\/wp-json\/wp\/v2\/users\/1"}],"replies":[{"embeddable":true,"href":"https:\/\/www.oncedejunio.fin.ec\/oncedejunio\/wp-json\/wp\/v2\/comments?post=4054"}],"version-history":[{"count":0,"href":"https:\/\/www.oncedejunio.fin.ec\/oncedejunio\/wp-json\/wp\/v2\/pages\/4054\/revisions"}],"wp:attachment":[{"href":"https:\/\/www.oncedejunio.fin.ec\/oncedejunio\/wp-json\/wp\/v2\/media?parent=4054"}],"curies":[{"name":"wp","href":"https:\/\/api.w.org\/{rel}","templated":true}]}}