{"id":2918,"date":"2021-09-22T12:33:34","date_gmt":"2021-09-22T17:33:34","guid":{"rendered":"https:\/\/www.oncedejunio.fin.ec\/oncedejunio\/?page_id=2918"},"modified":"2022-11-24T12:26:23","modified_gmt":"2022-11-24T17:26:23","slug":"corporacion-del-seguro-de-depositos","status":"publish","type":"page","link":"https:\/\/www.oncedejunio.fin.ec\/oncedejunio\/corporacion-del-seguro-de-depositos\/","title":{"rendered":"Corporaci\u00f3n del Seguro de Dep\u00f3sitos"},"content":{"rendered":"<p>[vc_row][vc_column][vc_empty_space][\/vc_column][\/vc_row][vc_row][vc_column][vc_empty_space][\/vc_column][\/vc_row][vc_row][vc_column width=\u00bb1\/2&#8243;][vc_column_text]<\/p>\r\n<p><span style=\"color: #c39000;\"><strong>Estimados Depositantes,<\/strong><\/span><\/p>\r\n<p>Conoce tu monto de cobertura; los dep\u00f3sitos realizados en <span style=\"color: #c39000;\"><strong>Cooperativa Once de Junio<\/strong><\/span> est\u00e1n protegidos por la <span style=\"color: #c39000;\"><strong>Corporaci\u00f3n del Seguro de Dep\u00f3sitos (COSEDE)<\/strong><\/span>, la entidad asegura los dep\u00f3sitos realizados en:<\/p>\r\n<ul>\r\n<li style=\"list-style-type: none;\">\r\n<ul>\r\n<li style=\"list-style-type: none;\">\r\n<ul>\r\n<li style=\"list-style-type: none;\">\r\n<ul>\r\n<li style=\"list-style-type: none;\">\r\n<ul>\r\n<li>Cuentas de ahorro<\/li>\r\n<li>Dep\u00f3sitos a la vista<\/li>\r\n<li>Plazo fijo<\/li>\r\n<\/ul>\r\n<\/li>\r\n<\/ul>\r\n<\/li>\r\n<\/ul>\r\n<\/li>\r\n<\/ul>\r\n<\/li>\r\n<\/ul>\r\n<p><span style=\"color: #c39000;\"><strong>EL SEGURO DE DEP\u00d3SITOS ES AUTOM\u00c1TICO Y GRATUITO<\/strong><\/span><\/p>\r\n<p>Para mayor informaci\u00f3n sobre montos de cobertura y condiciones del seguro. Visita <a href=\"https:\/\/www.cosede.gob.ec\/conoce-tu-monto-de-cobertura\/\">www.cosede.gob.ec<\/a><\/p>\r\n<p>Para adquirir mas conocimientos ingresa a: <a href=\"https:\/\/educate.cosede.gob.ec\/\">www.educate.cosede.gob.ec<\/a><\/p>\r\n<p>Para consultas comun\u00edcate a: <a href=\"http:\/\/servicioalcliente@cosede.gob.ec\/\">servicioalcliente@cosede.gob.ec<\/a>.<\/p>\r\n<hr \/>\r\n<p><strong>S\u00edganos en:<\/strong><br \/>Twitter:\u00a0<a href=\"https:\/\/twitter.com\/depositoseguros\" target=\"_blank\" rel=\"noopener noreferrer\">@depositoseguros<\/a><\/p>\r\n<p>Facebook:\u00a0<a href=\"https:\/\/www.facebook.com\/Corporaci%C3%B3n-del-Seguro-de-Dep%C3%B3sitos-277227479055933\/timeline\/\" target=\"_blank\" rel=\"noopener noreferrer\">Corporaci\u00f3n del Seguro de Dep\u00f3sitos<\/a><\/p>\r\n<p style=\"padding-left: 120px;\">\u00a0<img loading=\"lazy\" decoding=\"async\" class=\"size-medium wp-image-2932 alignleft\" src=\"https:\/\/www.oncedejunio.fin.ec\/oncedejunio\/wp-content\/uploads\/2021\/09\/cosede-protegemos-tu-dinero-300x103.png\" alt=\"\" width=\"300\" height=\"103\" srcset=\"https:\/\/www.oncedejunio.fin.ec\/oncedejunio\/wp-content\/uploads\/2021\/09\/cosede-protegemos-tu-dinero-300x103.png 300w, https:\/\/www.oncedejunio.fin.ec\/oncedejunio\/wp-content\/uploads\/2021\/09\/cosede-protegemos-tu-dinero-768x265.png 768w, https:\/\/www.oncedejunio.fin.ec\/oncedejunio\/wp-content\/uploads\/2021\/09\/cosede-protegemos-tu-dinero.png 827w\" sizes=\"(max-width: 300px) 100vw, 300px\" \/><\/p>\r\n<p>[\/vc_column_text][\/vc_column][vc_column width=\u00bb1\/2&#8243;][vc_single_image image=\u00bb2941&#8243; img_size=\u00bbfull\u00bb][\/vc_column][\/vc_row]<\/p>","protected":false},"excerpt":{"rendered":"<p>[vc_row][vc_column][vc_empty_space][\/vc_column][\/vc_row][vc_row][vc_column][vc_empty_space][\/vc_column][\/vc_row][vc_row][vc_column width=\u00bb1\/2&#8243;][vc_column_text] Estimados Depositantes, Conoce tu monto de cobertura; los dep\u00f3sitos realizados en Cooperativa Once de Junio est\u00e1n protegidos por la Corporaci\u00f3n del Seguro de Dep\u00f3sitos (COSEDE), la entidad asegura los dep\u00f3sitos realizados en: Cuentas de ahorro Dep\u00f3sitos a la vista Plazo fijo EL SEGURO DE DEP\u00d3SITOS ES AUTOM\u00c1TICO Y GRATUITO Para mayor informaci\u00f3n sobre [&hellip;]<\/p>\n","protected":false},"author":1,"featured_media":0,"parent":0,"menu_order":0,"comment_status":"closed","ping_status":"closed","template":"","meta":{"content-type":"","_monsterinsights_skip_tracking":false,"_monsterinsights_sitenote_active":false,"_monsterinsights_sitenote_note":"","_monsterinsights_sitenote_category":0,"footnotes":""},"class_list":["post-2918","page","type-page","status-publish","hentry"],"yoast_head":"<!-- This site is optimized with the Yoast SEO plugin v24.5 - https:\/\/yoast.com\/wordpress\/plugins\/seo\/ -->\n<title>Corporaci\u00f3n del Seguro de Dep\u00f3sitos - Once de Junio Cooperativa<\/title>\n<meta name=\"robots\" content=\"index, follow, max-snippet:-1, max-image-preview:large, max-video-preview:-1\" \/>\n<link rel=\"canonical\" href=\"https:\/\/www.oncedejunio.fin.ec\/oncedejunio\/corporacion-del-seguro-de-depositos\/\" \/>\n<meta property=\"og:locale\" content=\"es_ES\" \/>\n<meta property=\"og:type\" content=\"article\" \/>\n<meta property=\"og:title\" content=\"Corporaci\u00f3n del Seguro de Dep\u00f3sitos - Once de Junio Cooperativa\" \/>\n<meta property=\"og:description\" content=\"[vc_row][vc_column][vc_empty_space][\/vc_column][\/vc_row][vc_row][vc_column][vc_empty_space][\/vc_column][\/vc_row][vc_row][vc_column width=\u00bb1\/2&#8243;][vc_column_text] Estimados Depositantes, Conoce tu monto de cobertura; los dep\u00f3sitos realizados en Cooperativa Once de Junio est\u00e1n protegidos por la Corporaci\u00f3n del Seguro de Dep\u00f3sitos (COSEDE), la entidad asegura los dep\u00f3sitos realizados en: Cuentas de ahorro Dep\u00f3sitos a la vista Plazo fijo EL SEGURO DE DEP\u00d3SITOS ES AUTOM\u00c1TICO Y GRATUITO Para mayor informaci\u00f3n sobre [&hellip;]\" \/>\n<meta property=\"og:url\" content=\"https:\/\/www.oncedejunio.fin.ec\/oncedejunio\/corporacion-del-seguro-de-depositos\/\" \/>\n<meta property=\"og:site_name\" content=\"Once de Junio Cooperativa\" \/>\n<meta property=\"article:modified_time\" content=\"2022-11-24T17:26:23+00:00\" \/>\n<meta property=\"og:image\" content=\"https:\/\/www.oncedejunio.fin.ec\/oncedejunio\/wp-content\/uploads\/2021\/09\/cosede-protegemos-tu-dinero-300x103.png\" \/>\n<meta name=\"twitter:card\" content=\"summary_large_image\" \/>\n<meta name=\"twitter:label1\" content=\"Tiempo de lectura\" \/>\n\t<meta name=\"twitter:data1\" content=\"1 minuto\" \/>\n<script type=\"application\/ld+json\" class=\"yoast-schema-graph\">{\"@context\":\"https:\/\/schema.org\",\"@graph\":[{\"@type\":\"WebPage\",\"@id\":\"https:\/\/www.oncedejunio.fin.ec\/oncedejunio\/corporacion-del-seguro-de-depositos\/\",\"url\":\"https:\/\/www.oncedejunio.fin.ec\/oncedejunio\/corporacion-del-seguro-de-depositos\/\",\"name\":\"Corporaci\u00f3n del Seguro de Dep\u00f3sitos - Once de Junio Cooperativa\",\"isPartOf\":{\"@id\":\"https:\/\/www.oncedejunio.fin.ec\/oncedejunio\/#website\"},\"primaryImageOfPage\":{\"@id\":\"https:\/\/www.oncedejunio.fin.ec\/oncedejunio\/corporacion-del-seguro-de-depositos\/#primaryimage\"},\"image\":{\"@id\":\"https:\/\/www.oncedejunio.fin.ec\/oncedejunio\/corporacion-del-seguro-de-depositos\/#primaryimage\"},\"thumbnailUrl\":\"https:\/\/www.oncedejunio.fin.ec\/oncedejunio\/wp-content\/uploads\/2021\/09\/cosede-protegemos-tu-dinero-300x103.png\",\"datePublished\":\"2021-09-22T17:33:34+00:00\",\"dateModified\":\"2022-11-24T17:26:23+00:00\",\"breadcrumb\":{\"@id\":\"https:\/\/www.oncedejunio.fin.ec\/oncedejunio\/corporacion-del-seguro-de-depositos\/#breadcrumb\"},\"inLanguage\":\"es\",\"potentialAction\":[{\"@type\":\"ReadAction\",\"target\":[\"https:\/\/www.oncedejunio.fin.ec\/oncedejunio\/corporacion-del-seguro-de-depositos\/\"]}]},{\"@type\":\"ImageObject\",\"inLanguage\":\"es\",\"@id\":\"https:\/\/www.oncedejunio.fin.ec\/oncedejunio\/corporacion-del-seguro-de-depositos\/#primaryimage\",\"url\":\"https:\/\/www.oncedejunio.fin.ec\/oncedejunio\/wp-content\/uploads\/2021\/09\/cosede-protegemos-tu-dinero.png\",\"contentUrl\":\"https:\/\/www.oncedejunio.fin.ec\/oncedejunio\/wp-content\/uploads\/2021\/09\/cosede-protegemos-tu-dinero.png\",\"width\":827,\"height\":285},{\"@type\":\"BreadcrumbList\",\"@id\":\"https:\/\/www.oncedejunio.fin.ec\/oncedejunio\/corporacion-del-seguro-de-depositos\/#breadcrumb\",\"itemListElement\":[{\"@type\":\"ListItem\",\"position\":1,\"name\":\"Home\",\"item\":\"https:\/\/www.oncedejunio.fin.ec\/oncedejunio\/\"},{\"@type\":\"ListItem\",\"position\":2,\"name\":\"Corporaci\u00f3n del Seguro de Dep\u00f3sitos\"}]},{\"@type\":\"WebSite\",\"@id\":\"https:\/\/www.oncedejunio.fin.ec\/oncedejunio\/#website\",\"url\":\"https:\/\/www.oncedejunio.fin.ec\/oncedejunio\/\",\"name\":\"Cooperativa de Ahorro y Cr\u00e9dito Once de Junio\",\"description\":\"Once de Junio Cooperativa\",\"potentialAction\":[{\"@type\":\"SearchAction\",\"target\":{\"@type\":\"EntryPoint\",\"urlTemplate\":\"https:\/\/www.oncedejunio.fin.ec\/oncedejunio\/?s={search_term_string}\"},\"query-input\":{\"@type\":\"PropertyValueSpecification\",\"valueRequired\":true,\"valueName\":\"search_term_string\"}}],\"inLanguage\":\"es\"}]}<\/script>\n<!-- \/ Yoast SEO plugin. -->","yoast_head_json":{"title":"Corporaci\u00f3n del Seguro de Dep\u00f3sitos - Once de Junio Cooperativa","robots":{"index":"index","follow":"follow","max-snippet":"max-snippet:-1","max-image-preview":"max-image-preview:large","max-video-preview":"max-video-preview:-1"},"canonical":"https:\/\/www.oncedejunio.fin.ec\/oncedejunio\/corporacion-del-seguro-de-depositos\/","og_locale":"es_ES","og_type":"article","og_title":"Corporaci\u00f3n del Seguro de Dep\u00f3sitos - Once de Junio Cooperativa","og_description":"[vc_row][vc_column][vc_empty_space][\/vc_column][\/vc_row][vc_row][vc_column][vc_empty_space][\/vc_column][\/vc_row][vc_row][vc_column width=\u00bb1\/2&#8243;][vc_column_text] Estimados Depositantes, Conoce tu monto de cobertura; los dep\u00f3sitos realizados en Cooperativa Once de Junio est\u00e1n protegidos por la Corporaci\u00f3n del Seguro de Dep\u00f3sitos (COSEDE), la entidad asegura los dep\u00f3sitos realizados en: Cuentas de ahorro Dep\u00f3sitos a la vista Plazo fijo EL SEGURO DE DEP\u00d3SITOS ES AUTOM\u00c1TICO Y GRATUITO Para mayor informaci\u00f3n sobre [&hellip;]","og_url":"https:\/\/www.oncedejunio.fin.ec\/oncedejunio\/corporacion-del-seguro-de-depositos\/","og_site_name":"Once de Junio Cooperativa","article_modified_time":"2022-11-24T17:26:23+00:00","og_image":[{"url":"https:\/\/www.oncedejunio.fin.ec\/oncedejunio\/wp-content\/uploads\/2021\/09\/cosede-protegemos-tu-dinero-300x103.png","type":"","width":"","height":""}],"twitter_card":"summary_large_image","twitter_misc":{"Tiempo de lectura":"1 minuto"},"schema":{"@context":"https:\/\/schema.org","@graph":[{"@type":"WebPage","@id":"https:\/\/www.oncedejunio.fin.ec\/oncedejunio\/corporacion-del-seguro-de-depositos\/","url":"https:\/\/www.oncedejunio.fin.ec\/oncedejunio\/corporacion-del-seguro-de-depositos\/","name":"Corporaci\u00f3n del Seguro de Dep\u00f3sitos - Once de Junio Cooperativa","isPartOf":{"@id":"https:\/\/www.oncedejunio.fin.ec\/oncedejunio\/#website"},"primaryImageOfPage":{"@id":"https:\/\/www.oncedejunio.fin.ec\/oncedejunio\/corporacion-del-seguro-de-depositos\/#primaryimage"},"image":{"@id":"https:\/\/www.oncedejunio.fin.ec\/oncedejunio\/corporacion-del-seguro-de-depositos\/#primaryimage"},"thumbnailUrl":"https:\/\/www.oncedejunio.fin.ec\/oncedejunio\/wp-content\/uploads\/2021\/09\/cosede-protegemos-tu-dinero-300x103.png","datePublished":"2021-09-22T17:33:34+00:00","dateModified":"2022-11-24T17:26:23+00:00","breadcrumb":{"@id":"https:\/\/www.oncedejunio.fin.ec\/oncedejunio\/corporacion-del-seguro-de-depositos\/#breadcrumb"},"inLanguage":"es","potentialAction":[{"@type":"ReadAction","target":["https:\/\/www.oncedejunio.fin.ec\/oncedejunio\/corporacion-del-seguro-de-depositos\/"]}]},{"@type":"ImageObject","inLanguage":"es","@id":"https:\/\/www.oncedejunio.fin.ec\/oncedejunio\/corporacion-del-seguro-de-depositos\/#primaryimage","url":"https:\/\/www.oncedejunio.fin.ec\/oncedejunio\/wp-content\/uploads\/2021\/09\/cosede-protegemos-tu-dinero.png","contentUrl":"https:\/\/www.oncedejunio.fin.ec\/oncedejunio\/wp-content\/uploads\/2021\/09\/cosede-protegemos-tu-dinero.png","width":827,"height":285},{"@type":"BreadcrumbList","@id":"https:\/\/www.oncedejunio.fin.ec\/oncedejunio\/corporacion-del-seguro-de-depositos\/#breadcrumb","itemListElement":[{"@type":"ListItem","position":1,"name":"Home","item":"https:\/\/www.oncedejunio.fin.ec\/oncedejunio\/"},{"@type":"ListItem","position":2,"name":"Corporaci\u00f3n del Seguro de Dep\u00f3sitos"}]},{"@type":"WebSite","@id":"https:\/\/www.oncedejunio.fin.ec\/oncedejunio\/#website","url":"https:\/\/www.oncedejunio.fin.ec\/oncedejunio\/","name":"Cooperativa de Ahorro y Cr\u00e9dito Once de Junio","description":"Once de Junio Cooperativa","potentialAction":[{"@type":"SearchAction","target":{"@type":"EntryPoint","urlTemplate":"https:\/\/www.oncedejunio.fin.ec\/oncedejunio\/?s={search_term_string}"},"query-input":{"@type":"PropertyValueSpecification","valueRequired":true,"valueName":"search_term_string"}}],"inLanguage":"es"}]}},"_links":{"self":[{"href":"https:\/\/www.oncedejunio.fin.ec\/oncedejunio\/wp-json\/wp\/v2\/pages\/2918"}],"collection":[{"href":"https:\/\/www.oncedejunio.fin.ec\/oncedejunio\/wp-json\/wp\/v2\/pages"}],"about":[{"href":"https:\/\/www.oncedejunio.fin.ec\/oncedejunio\/wp-json\/wp\/v2\/types\/page"}],"author":[{"embeddable":true,"href":"https:\/\/www.oncedejunio.fin.ec\/oncedejunio\/wp-json\/wp\/v2\/users\/1"}],"replies":[{"embeddable":true,"href":"https:\/\/www.oncedejunio.fin.ec\/oncedejunio\/wp-json\/wp\/v2\/comments?post=2918"}],"version-history":[{"count":0,"href":"https:\/\/www.oncedejunio.fin.ec\/oncedejunio\/wp-json\/wp\/v2\/pages\/2918\/revisions"}],"wp:attachment":[{"href":"https:\/\/www.oncedejunio.fin.ec\/oncedejunio\/wp-json\/wp\/v2\/media?parent=2918"}],"curies":[{"name":"wp","href":"https:\/\/api.w.org\/{rel}","templated":true}]}}