{"id":2826,"date":"2021-09-08T12:25:05","date_gmt":"2021-09-08T17:25:05","guid":{"rendered":"https:\/\/www.oncedejunio.fin.ec\/oncedejunio\/?page_id=2826"},"modified":"2024-03-26T12:37:05","modified_gmt":"2024-03-26T17:37:05","slug":"emprendimientos","status":"publish","type":"page","link":"https:\/\/www.oncedejunio.fin.ec\/oncedejunio\/emprendimientos\/","title":{"rendered":"Testimonios"},"content":{"rendered":"<p>[vc_row][vc_column][vc_empty_space][vc_column_text]<\/p>\n<h4><span style=\"color: #c39000;\"><strong>NUESTROS SOCIOS<\/strong><\/span><\/h4>\n<h3><span style=\"color: #005a28;\">Comparten su experiencia realizando cr\u00e9dito con la Once<\/span><\/h3>\n<p>[\/vc_column_text][\/vc_column][\/vc_row][vc_row][vc_column][vc_column_text]<\/p>\n<h5 style=\"text-align: justify;\">En los momentos de crisis, solo la creatividad es m\u00e1s importante que el conocimiento. Perm\u00edtenos ser el impulso de tu creatividad, adquiere cr\u00e9dito en la Once, te ayudamos a cumplir tus sue\u00f1os!! Nuestros socios han cumplido sus objetivos y nos comparten su testimonio.<\/h5>\n<p>[\/vc_column_text][\/vc_column][\/vc_row][vc_row css=\u00bb.vc_custom_1683897293016{background-color: #005a28 !important;}\u00bb][vc_column width=\u00bb1\/2&#8243;][vc_empty_space][vc_column_text]<\/p>\n<div style=\"width: 640px;\" class=\"wp-video\"><!--[if lt IE 9]><script>document.createElement('video');<\/script><![endif]-->\n<video class=\"wp-video-shortcode\" id=\"video-2826-1\" width=\"640\" height=\"360\" preload=\"auto\" controls=\"controls\"><source type=\"video\/mp4\" src=\"https:\/\/www.oncedejunio.fin.ec\/oncedejunio\/wp-content\/uploads\/2023\/05\/1-LAS-EMPANADAS-DE-KUN.mp4?_=1\" \/><a href=\"https:\/\/www.oncedejunio.fin.ec\/oncedejunio\/wp-content\/uploads\/2023\/05\/1-LAS-EMPANADAS-DE-KUN.mp4\">https:\/\/www.oncedejunio.fin.ec\/oncedejunio\/wp-content\/uploads\/2023\/05\/1-LAS-EMPANADAS-DE-KUN.mp4<\/a><\/video><\/div>\n<p>[\/vc_column_text][\/vc_column][vc_column width=\u00bb1\/2&#8243;][vc_empty_space][vc_column_text]<\/p>\n<div style=\"width: 640px;\" class=\"wp-video\"><video class=\"wp-video-shortcode\" id=\"video-2826-2\" width=\"640\" height=\"360\" preload=\"metadata\" controls=\"controls\"><source type=\"video\/mp4\" src=\"https:\/\/www.oncedejunio.fin.ec\/oncedejunio\/wp-content\/uploads\/2023\/05\/2-NUEVOS-SPOTS-ONCE-2023-CASA-3.mp4?_=2\" \/><a href=\"https:\/\/www.oncedejunio.fin.ec\/oncedejunio\/wp-content\/uploads\/2023\/05\/2-NUEVOS-SPOTS-ONCE-2023-CASA-3.mp4\">https:\/\/www.oncedejunio.fin.ec\/oncedejunio\/wp-content\/uploads\/2023\/05\/2-NUEVOS-SPOTS-ONCE-2023-CASA-3.mp4<\/a><\/video><\/div>\n<p>[\/vc_column_text][\/vc_column][\/vc_row][vc_row css=\u00bb.vc_custom_1683897293016{background-color: #005a28 !important;}\u00bb][vc_column width=\u00bb1\/2&#8243;][vc_empty_space][vc_column_text]<\/p>\n<div style=\"width: 640px;\" class=\"wp-video\"><video class=\"wp-video-shortcode\" id=\"video-2826-3\" width=\"640\" height=\"360\" preload=\"metadata\" controls=\"controls\"><source type=\"video\/mp4\" src=\"https:\/\/www.oncedejunio.fin.ec\/oncedejunio\/wp-content\/uploads\/2023\/05\/3-NUEVOS-SPOTS-ONCE-2023-JANETH-CABRERA.mp4?_=3\" \/><a href=\"https:\/\/www.oncedejunio.fin.ec\/oncedejunio\/wp-content\/uploads\/2023\/05\/3-NUEVOS-SPOTS-ONCE-2023-JANETH-CABRERA.mp4\">https:\/\/www.oncedejunio.fin.ec\/oncedejunio\/wp-content\/uploads\/2023\/05\/3-NUEVOS-SPOTS-ONCE-2023-JANETH-CABRERA.mp4<\/a><\/video><\/div>\n<p>[\/vc_column_text][\/vc_column][vc_column width=\u00bb1\/2&#8243;][vc_empty_space][vc_column_text]<\/p>\n<div style=\"width: 640px;\" class=\"wp-video\"><video class=\"wp-video-shortcode\" id=\"video-2826-4\" width=\"640\" height=\"360\" preload=\"metadata\" controls=\"controls\"><source type=\"video\/mp4\" src=\"https:\/\/www.oncedejunio.fin.ec\/oncedejunio\/wp-content\/uploads\/2023\/05\/4-NUEVOS-SPOTS-ONCE-2023-NELLY-RICO.mp4?_=4\" \/><a href=\"https:\/\/www.oncedejunio.fin.ec\/oncedejunio\/wp-content\/uploads\/2023\/05\/4-NUEVOS-SPOTS-ONCE-2023-NELLY-RICO.mp4\">https:\/\/www.oncedejunio.fin.ec\/oncedejunio\/wp-content\/uploads\/2023\/05\/4-NUEVOS-SPOTS-ONCE-2023-NELLY-RICO.mp4<\/a><\/video><\/div>\n<p>[\/vc_column_text][\/vc_column][\/vc_row][vc_row css=\u00bb.vc_custom_1683897293016{background-color: #005a28 !important;}\u00bb][vc_column width=\u00bb1\/2&#8243;][vc_empty_space][vc_column_text]<\/p>\n<div style=\"width: 640px;\" class=\"wp-video\"><video class=\"wp-video-shortcode\" id=\"video-2826-5\" width=\"640\" height=\"360\" preload=\"metadata\" controls=\"controls\"><source type=\"video\/mp4\" src=\"https:\/\/www.oncedejunio.fin.ec\/oncedejunio\/wp-content\/uploads\/2023\/05\/5-NUEVOS-SPOTS-ONCE-2023-NOVEDADES-JO.mp4?_=5\" \/><a href=\"https:\/\/www.oncedejunio.fin.ec\/oncedejunio\/wp-content\/uploads\/2023\/05\/5-NUEVOS-SPOTS-ONCE-2023-NOVEDADES-JO.mp4\">https:\/\/www.oncedejunio.fin.ec\/oncedejunio\/wp-content\/uploads\/2023\/05\/5-NUEVOS-SPOTS-ONCE-2023-NOVEDADES-JO.mp4<\/a><\/video><\/div>\n<p>[\/vc_column_text][\/vc_column][vc_column width=\u00bb1\/2&#8243;][vc_empty_space][vc_column_text]<\/p>\n<div style=\"width: 640px;\" class=\"wp-video\"><video class=\"wp-video-shortcode\" id=\"video-2826-6\" width=\"640\" height=\"360\" preload=\"metadata\" controls=\"controls\"><source type=\"video\/mp4\" src=\"https:\/\/www.oncedejunio.fin.ec\/oncedejunio\/wp-content\/uploads\/2023\/05\/6-ONCE-CREDITOS-FABIAN-MOROCHO-2023.mp4?_=6\" \/><a href=\"https:\/\/www.oncedejunio.fin.ec\/oncedejunio\/wp-content\/uploads\/2023\/05\/6-ONCE-CREDITOS-FABIAN-MOROCHO-2023.mp4\">https:\/\/www.oncedejunio.fin.ec\/oncedejunio\/wp-content\/uploads\/2023\/05\/6-ONCE-CREDITOS-FABIAN-MOROCHO-2023.mp4<\/a><\/video><\/div>\n<p>[\/vc_column_text][\/vc_column][\/vc_row][vc_row css=\u00bb.vc_custom_1683897293016{background-color: #005a28 !important;}\u00bb][vc_column width=\u00bb1\/2&#8243;][vc_empty_space][vc_column_text]<\/p>\n<div style=\"width: 640px;\" class=\"wp-video\"><video class=\"wp-video-shortcode\" id=\"video-2826-7\" width=\"640\" height=\"360\" preload=\"metadata\" controls=\"controls\"><source type=\"video\/mp4\" src=\"https:\/\/www.oncedejunio.fin.ec\/oncedejunio\/wp-content\/uploads\/2023\/05\/15-SPOT-ONCE-LUIS-PANAMITO-CAMI\u00d3N.mp4?_=7\" \/><a href=\"https:\/\/www.oncedejunio.fin.ec\/oncedejunio\/wp-content\/uploads\/2023\/05\/15-SPOT-ONCE-LUIS-PANAMITO-CAMI\u00d3N.mp4\">https:\/\/www.oncedejunio.fin.ec\/oncedejunio\/wp-content\/uploads\/2023\/05\/15-SPOT-ONCE-LUIS-PANAMITO-CAMI\u00d3N.mp4<\/a><\/video><\/div>\n<p>[\/vc_column_text][\/vc_column][vc_column width=\u00bb1\/2&#8243;][vc_empty_space][vc_column_text]<\/p>\n<div style=\"width: 640px;\" class=\"wp-video\"><video class=\"wp-video-shortcode\" id=\"video-2826-8\" width=\"640\" height=\"360\" preload=\"metadata\" controls=\"controls\"><source type=\"video\/mp4\" src=\"https:\/\/www.oncedejunio.fin.ec\/oncedejunio\/wp-content\/uploads\/2023\/05\/8-ONCE-CREDITOS-GERARDO-VILLACIS-2023.mp4?_=8\" \/><a href=\"https:\/\/www.oncedejunio.fin.ec\/oncedejunio\/wp-content\/uploads\/2023\/05\/8-ONCE-CREDITOS-GERARDO-VILLACIS-2023.mp4\">https:\/\/www.oncedejunio.fin.ec\/oncedejunio\/wp-content\/uploads\/2023\/05\/8-ONCE-CREDITOS-GERARDO-VILLACIS-2023.mp4<\/a><\/video><\/div>\n<p>[\/vc_column_text][\/vc_column][\/vc_row][vc_row css=\u00bb.vc_custom_1683897293016{background-color: #005a28 !important;}\u00bb][vc_column width=\u00bb1\/2&#8243;][vc_empty_space][vc_column_text]<\/p>\n<div style=\"width: 640px;\" class=\"wp-video\"><video class=\"wp-video-shortcode\" id=\"video-2826-9\" width=\"640\" height=\"360\" preload=\"metadata\" controls=\"controls\"><source type=\"video\/mp4\" src=\"https:\/\/www.oncedejunio.fin.ec\/oncedejunio\/wp-content\/uploads\/2023\/05\/9-ONCE-CREDITOS-JORGE-PE\u00d1AFIEL-2023.mp4?_=9\" \/><a href=\"https:\/\/www.oncedejunio.fin.ec\/oncedejunio\/wp-content\/uploads\/2023\/05\/9-ONCE-CREDITOS-JORGE-PE\u00d1AFIEL-2023.mp4\">https:\/\/www.oncedejunio.fin.ec\/oncedejunio\/wp-content\/uploads\/2023\/05\/9-ONCE-CREDITOS-JORGE-PE\u00d1AFIEL-2023.mp4<\/a><\/video><\/div>\n<p>[\/vc_column_text][\/vc_column][vc_column width=\u00bb1\/2&#8243;][vc_empty_space][vc_column_text]<\/p>\n<div style=\"width: 640px;\" class=\"wp-video\"><video class=\"wp-video-shortcode\" id=\"video-2826-10\" width=\"640\" height=\"360\" preload=\"metadata\" controls=\"controls\"><source type=\"video\/mp4\" src=\"https:\/\/www.oncedejunio.fin.ec\/oncedejunio\/wp-content\/uploads\/2023\/05\/10-ONCE-CREDITOS-JULIO-TENECOTA-2023.mp4?_=10\" \/><a href=\"https:\/\/www.oncedejunio.fin.ec\/oncedejunio\/wp-content\/uploads\/2023\/05\/10-ONCE-CREDITOS-JULIO-TENECOTA-2023.mp4\">https:\/\/www.oncedejunio.fin.ec\/oncedejunio\/wp-content\/uploads\/2023\/05\/10-ONCE-CREDITOS-JULIO-TENECOTA-2023.mp4<\/a><\/video><\/div>\n<p>[\/vc_column_text][\/vc_column][\/vc_row][vc_row css=\u00bb.vc_custom_1683897293016{background-color: #005a28 !important;}\u00bb][vc_column width=\u00bb1\/2&#8243;][vc_empty_space][vc_column_text]<\/p>\n<div style=\"width: 640px;\" class=\"wp-video\"><video class=\"wp-video-shortcode\" id=\"video-2826-11\" width=\"640\" height=\"360\" preload=\"metadata\" controls=\"controls\"><source type=\"video\/mp4\" src=\"https:\/\/www.oncedejunio.fin.ec\/oncedejunio\/wp-content\/uploads\/2023\/05\/11-ONCE-CREDITOS-MELLYS-BOUTIQUE-2023.mp4?_=11\" \/><a href=\"https:\/\/www.oncedejunio.fin.ec\/oncedejunio\/wp-content\/uploads\/2023\/05\/11-ONCE-CREDITOS-MELLYS-BOUTIQUE-2023.mp4\">https:\/\/www.oncedejunio.fin.ec\/oncedejunio\/wp-content\/uploads\/2023\/05\/11-ONCE-CREDITOS-MELLYS-BOUTIQUE-2023.mp4<\/a><\/video><\/div>\n<p>[\/vc_column_text][\/vc_column][vc_column width=\u00bb1\/2&#8243;][vc_empty_space][vc_column_text]<\/p>\n<div style=\"width: 640px;\" class=\"wp-video\"><video class=\"wp-video-shortcode\" id=\"video-2826-12\" width=\"640\" height=\"360\" preload=\"metadata\" controls=\"controls\"><source type=\"video\/mp4\" src=\"https:\/\/www.oncedejunio.fin.ec\/oncedejunio\/wp-content\/uploads\/2023\/05\/12-ONCE-DE-JUNIO-VIDEO-PUBLICIDAD-2023.mp4?_=12\" \/><a href=\"https:\/\/www.oncedejunio.fin.ec\/oncedejunio\/wp-content\/uploads\/2023\/05\/12-ONCE-DE-JUNIO-VIDEO-PUBLICIDAD-2023.mp4\">https:\/\/www.oncedejunio.fin.ec\/oncedejunio\/wp-content\/uploads\/2023\/05\/12-ONCE-DE-JUNIO-VIDEO-PUBLICIDAD-2023.mp4<\/a><\/video><\/div>\n<p>[\/vc_column_text][\/vc_column][\/vc_row][vc_row css=\u00bb.vc_custom_1683897293016{background-color: #005a28 !important;}\u00bb][vc_column width=\u00bb1\/2&#8243;][vc_empty_space][vc_column_text]<\/p>\n<div style=\"width: 640px;\" class=\"wp-video\"><video class=\"wp-video-shortcode\" id=\"video-2826-13\" width=\"640\" height=\"360\" preload=\"metadata\" controls=\"controls\"><source type=\"video\/mp4\" src=\"https:\/\/www.oncedejunio.fin.ec\/oncedejunio\/wp-content\/uploads\/2023\/05\/13-ONCE-SPOT-JUNIOR-SALINAS.mp4?_=13\" \/><a href=\"https:\/\/www.oncedejunio.fin.ec\/oncedejunio\/wp-content\/uploads\/2023\/05\/13-ONCE-SPOT-JUNIOR-SALINAS.mp4\">https:\/\/www.oncedejunio.fin.ec\/oncedejunio\/wp-content\/uploads\/2023\/05\/13-ONCE-SPOT-JUNIOR-SALINAS.mp4<\/a><\/video><\/div>\n<p>[\/vc_column_text][\/vc_column][vc_column width=\u00bb1\/2&#8243;][vc_empty_space][vc_column_text]<\/p>\n<div style=\"width: 640px;\" class=\"wp-video\"><video class=\"wp-video-shortcode\" id=\"video-2826-14\" width=\"640\" height=\"360\" preload=\"metadata\" controls=\"controls\"><source type=\"video\/mp4\" src=\"https:\/\/www.oncedejunio.fin.ec\/oncedejunio\/wp-content\/uploads\/2023\/05\/14-SPOT-MARIA-TORRES.mp4?_=14\" \/><a href=\"https:\/\/www.oncedejunio.fin.ec\/oncedejunio\/wp-content\/uploads\/2023\/05\/14-SPOT-MARIA-TORRES.mp4\">https:\/\/www.oncedejunio.fin.ec\/oncedejunio\/wp-content\/uploads\/2023\/05\/14-SPOT-MARIA-TORRES.mp4<\/a><\/video><\/div>\n<p>[\/vc_column_text][\/vc_column][\/vc_row][vc_row][vc_column][vc_empty_space][\/vc_column][\/vc_row]<\/p>\n","protected":false},"excerpt":{"rendered":"<p>[vc_row][vc_column][vc_empty_space][vc_column_text] NUESTROS SOCIOS Comparten su experiencia realizando cr\u00e9dito con la Once [\/vc_column_text][\/vc_column][\/vc_row][vc_row][vc_column][vc_column_text] En los momentos de crisis, solo la creatividad es m\u00e1s importante que el conocimiento. Perm\u00edtenos ser el impulso de tu creatividad, adquiere cr\u00e9dito en la Once, te ayudamos a cumplir tus sue\u00f1os!! Nuestros socios han cumplido sus objetivos y nos comparten su testimonio. [&hellip;]<\/p>\n","protected":false},"author":1,"featured_media":0,"parent":0,"menu_order":0,"comment_status":"closed","ping_status":"closed","template":"","meta":{"content-type":"","_monsterinsights_skip_tracking":false,"_monsterinsights_sitenote_active":false,"_monsterinsights_sitenote_note":"","_monsterinsights_sitenote_category":0,"footnotes":""},"class_list":["post-2826","page","type-page","status-publish","hentry"],"yoast_head":"<!-- This site is optimized with the Yoast SEO plugin v24.5 - https:\/\/yoast.com\/wordpress\/plugins\/seo\/ -->\n<title>Testimonios - Once de Junio Cooperativa<\/title>\n<meta name=\"robots\" content=\"index, follow, max-snippet:-1, max-image-preview:large, max-video-preview:-1\" \/>\n<link rel=\"canonical\" href=\"https:\/\/www.oncedejunio.fin.ec\/oncedejunio\/emprendimientos\/\" \/>\n<meta property=\"og:locale\" content=\"es_ES\" \/>\n<meta property=\"og:type\" content=\"article\" \/>\n<meta property=\"og:title\" content=\"Testimonios - Once de Junio Cooperativa\" \/>\n<meta property=\"og:description\" content=\"[vc_row][vc_column][vc_empty_space][vc_column_text] NUESTROS SOCIOS Comparten su experiencia realizando cr\u00e9dito con la Once [\/vc_column_text][\/vc_column][\/vc_row][vc_row][vc_column][vc_column_text] En los momentos de crisis, solo la creatividad es m\u00e1s importante que el conocimiento. Perm\u00edtenos ser el impulso de tu creatividad, adquiere cr\u00e9dito en la Once, te ayudamos a cumplir tus sue\u00f1os!! Nuestros socios han cumplido sus objetivos y nos comparten su testimonio. [&hellip;]\" \/>\n<meta property=\"og:url\" content=\"https:\/\/www.oncedejunio.fin.ec\/oncedejunio\/emprendimientos\/\" \/>\n<meta property=\"og:site_name\" content=\"Once de Junio Cooperativa\" \/>\n<meta property=\"article:modified_time\" content=\"2024-03-26T17:37:05+00:00\" \/>\n<meta name=\"twitter:card\" content=\"summary_large_image\" \/>\n<meta name=\"twitter:label1\" content=\"Tiempo de lectura\" \/>\n\t<meta name=\"twitter:data1\" content=\"3 minutos\" \/>\n<script type=\"application\/ld+json\" class=\"yoast-schema-graph\">{\"@context\":\"https:\/\/schema.org\",\"@graph\":[{\"@type\":\"WebPage\",\"@id\":\"https:\/\/www.oncedejunio.fin.ec\/oncedejunio\/emprendimientos\/\",\"url\":\"https:\/\/www.oncedejunio.fin.ec\/oncedejunio\/emprendimientos\/\",\"name\":\"Testimonios - Once de Junio Cooperativa\",\"isPartOf\":{\"@id\":\"https:\/\/www.oncedejunio.fin.ec\/oncedejunio\/#website\"},\"datePublished\":\"2021-09-08T17:25:05+00:00\",\"dateModified\":\"2024-03-26T17:37:05+00:00\",\"breadcrumb\":{\"@id\":\"https:\/\/www.oncedejunio.fin.ec\/oncedejunio\/emprendimientos\/#breadcrumb\"},\"inLanguage\":\"es\",\"potentialAction\":[{\"@type\":\"ReadAction\",\"target\":[\"https:\/\/www.oncedejunio.fin.ec\/oncedejunio\/emprendimientos\/\"]}]},{\"@type\":\"BreadcrumbList\",\"@id\":\"https:\/\/www.oncedejunio.fin.ec\/oncedejunio\/emprendimientos\/#breadcrumb\",\"itemListElement\":[{\"@type\":\"ListItem\",\"position\":1,\"name\":\"Home\",\"item\":\"https:\/\/www.oncedejunio.fin.ec\/oncedejunio\/\"},{\"@type\":\"ListItem\",\"position\":2,\"name\":\"Testimonios\"}]},{\"@type\":\"WebSite\",\"@id\":\"https:\/\/www.oncedejunio.fin.ec\/oncedejunio\/#website\",\"url\":\"https:\/\/www.oncedejunio.fin.ec\/oncedejunio\/\",\"name\":\"Cooperativa de Ahorro y Cr\u00e9dito Once de Junio\",\"description\":\"Once de Junio Cooperativa\",\"potentialAction\":[{\"@type\":\"SearchAction\",\"target\":{\"@type\":\"EntryPoint\",\"urlTemplate\":\"https:\/\/www.oncedejunio.fin.ec\/oncedejunio\/?s={search_term_string}\"},\"query-input\":{\"@type\":\"PropertyValueSpecification\",\"valueRequired\":true,\"valueName\":\"search_term_string\"}}],\"inLanguage\":\"es\"}]}<\/script>\n<!-- \/ Yoast SEO plugin. -->","yoast_head_json":{"title":"Testimonios - Once de Junio Cooperativa","robots":{"index":"index","follow":"follow","max-snippet":"max-snippet:-1","max-image-preview":"max-image-preview:large","max-video-preview":"max-video-preview:-1"},"canonical":"https:\/\/www.oncedejunio.fin.ec\/oncedejunio\/emprendimientos\/","og_locale":"es_ES","og_type":"article","og_title":"Testimonios - Once de Junio Cooperativa","og_description":"[vc_row][vc_column][vc_empty_space][vc_column_text] NUESTROS SOCIOS Comparten su experiencia realizando cr\u00e9dito con la Once [\/vc_column_text][\/vc_column][\/vc_row][vc_row][vc_column][vc_column_text] En los momentos de crisis, solo la creatividad es m\u00e1s importante que el conocimiento. Perm\u00edtenos ser el impulso de tu creatividad, adquiere cr\u00e9dito en la Once, te ayudamos a cumplir tus sue\u00f1os!! Nuestros socios han cumplido sus objetivos y nos comparten su testimonio. [&hellip;]","og_url":"https:\/\/www.oncedejunio.fin.ec\/oncedejunio\/emprendimientos\/","og_site_name":"Once de Junio Cooperativa","article_modified_time":"2024-03-26T17:37:05+00:00","twitter_card":"summary_large_image","twitter_misc":{"Tiempo de lectura":"3 minutos"},"schema":{"@context":"https:\/\/schema.org","@graph":[{"@type":"WebPage","@id":"https:\/\/www.oncedejunio.fin.ec\/oncedejunio\/emprendimientos\/","url":"https:\/\/www.oncedejunio.fin.ec\/oncedejunio\/emprendimientos\/","name":"Testimonios - Once de Junio Cooperativa","isPartOf":{"@id":"https:\/\/www.oncedejunio.fin.ec\/oncedejunio\/#website"},"datePublished":"2021-09-08T17:25:05+00:00","dateModified":"2024-03-26T17:37:05+00:00","breadcrumb":{"@id":"https:\/\/www.oncedejunio.fin.ec\/oncedejunio\/emprendimientos\/#breadcrumb"},"inLanguage":"es","potentialAction":[{"@type":"ReadAction","target":["https:\/\/www.oncedejunio.fin.ec\/oncedejunio\/emprendimientos\/"]}]},{"@type":"BreadcrumbList","@id":"https:\/\/www.oncedejunio.fin.ec\/oncedejunio\/emprendimientos\/#breadcrumb","itemListElement":[{"@type":"ListItem","position":1,"name":"Home","item":"https:\/\/www.oncedejunio.fin.ec\/oncedejunio\/"},{"@type":"ListItem","position":2,"name":"Testimonios"}]},{"@type":"WebSite","@id":"https:\/\/www.oncedejunio.fin.ec\/oncedejunio\/#website","url":"https:\/\/www.oncedejunio.fin.ec\/oncedejunio\/","name":"Cooperativa de Ahorro y Cr\u00e9dito Once de Junio","description":"Once de Junio Cooperativa","potentialAction":[{"@type":"SearchAction","target":{"@type":"EntryPoint","urlTemplate":"https:\/\/www.oncedejunio.fin.ec\/oncedejunio\/?s={search_term_string}"},"query-input":{"@type":"PropertyValueSpecification","valueRequired":true,"valueName":"search_term_string"}}],"inLanguage":"es"}]}},"_links":{"self":[{"href":"https:\/\/www.oncedejunio.fin.ec\/oncedejunio\/wp-json\/wp\/v2\/pages\/2826"}],"collection":[{"href":"https:\/\/www.oncedejunio.fin.ec\/oncedejunio\/wp-json\/wp\/v2\/pages"}],"about":[{"href":"https:\/\/www.oncedejunio.fin.ec\/oncedejunio\/wp-json\/wp\/v2\/types\/page"}],"author":[{"embeddable":true,"href":"https:\/\/www.oncedejunio.fin.ec\/oncedejunio\/wp-json\/wp\/v2\/users\/1"}],"replies":[{"embeddable":true,"href":"https:\/\/www.oncedejunio.fin.ec\/oncedejunio\/wp-json\/wp\/v2\/comments?post=2826"}],"version-history":[{"count":0,"href":"https:\/\/www.oncedejunio.fin.ec\/oncedejunio\/wp-json\/wp\/v2\/pages\/2826\/revisions"}],"wp:attachment":[{"href":"https:\/\/www.oncedejunio.fin.ec\/oncedejunio\/wp-json\/wp\/v2\/media?parent=2826"}],"curies":[{"name":"wp","href":"https:\/\/api.w.org\/{rel}","templated":true}]}}