{"id":2431,"date":"2020-05-29T16:52:02","date_gmt":"2020-05-29T21:52:02","guid":{"rendered":"https:\/\/cooperativa.neurocortex.cc\/?page_id=2431"},"modified":"2022-10-27T09:09:30","modified_gmt":"2022-10-27T14:09:30","slug":"agencia-matriz","status":"publish","type":"page","link":"https:\/\/www.oncedejunio.fin.ec\/oncedejunio\/agencia-matriz\/","title":{"rendered":"Agencia Matriz"},"content":{"rendered":"<p>[vc_row el_class=\u00bbsection-padd\u00bb][vc_column][vc_single_image image=\u00bb2071&#8243; img_size=\u00bblarge\u00bb alignment=\u00bbcenter\u00bb css_animation=\u00bbbounceIn\u00bb][vc_column_text css_animation=\u00bbfadeIn\u00bb]<\/p>\n<p style=\"text-align: center;\" align=\"justify\"><strong>Direcci\u00f3n:\u00a0<\/strong>Bol\u00edvar y Jun\u00edn Esq.<\/p>\n<p style=\"text-align: center;\" align=\"justify\"><strong>Tel\u00e9fono:\u00a0<\/strong>(07)2937076<\/p>\n<p style=\"text-align: center;\" align=\"justify\"><strong>Horario de Atenci\u00f3n:\u00a0<\/strong>8:00 &#8211; 18:00<\/p>\n<p>[\/vc_column_text][\/vc_column][\/vc_row]<\/p>\n","protected":false},"excerpt":{"rendered":"<p>[vc_row el_class=\u00bbsection-padd\u00bb][vc_column][vc_single_image image=\u00bb2071&#8243; img_size=\u00bblarge\u00bb alignment=\u00bbcenter\u00bb css_animation=\u00bbbounceIn\u00bb][vc_column_text css_animation=\u00bbfadeIn\u00bb] Direcci\u00f3n:\u00a0Bol\u00edvar y Jun\u00edn Esq. Tel\u00e9fono:\u00a0(07)2937076 Horario de Atenci\u00f3n:\u00a08:00 &#8211; 18:00 [\/vc_column_text][\/vc_column][\/vc_row]<\/p>\n","protected":false},"author":1,"featured_media":2071,"parent":0,"menu_order":0,"comment_status":"closed","ping_status":"closed","template":"","meta":{"content-type":"","_monsterinsights_skip_tracking":false,"_monsterinsights_sitenote_active":false,"_monsterinsights_sitenote_note":"","_monsterinsights_sitenote_category":0,"footnotes":""},"class_list":["post-2431","page","type-page","status-publish","has-post-thumbnail","hentry"],"yoast_head":"<!-- This site is optimized with the Yoast SEO plugin v24.5 - https:\/\/yoast.com\/wordpress\/plugins\/seo\/ -->\n<title>Agencia Matriz - Once de Junio Cooperativa<\/title>\n<meta name=\"robots\" content=\"index, follow, max-snippet:-1, max-image-preview:large, max-video-preview:-1\" \/>\n<link rel=\"canonical\" href=\"https:\/\/www.oncedejunio.fin.ec\/oncedejunio\/agencia-matriz\/\" \/>\n<meta property=\"og:locale\" content=\"es_ES\" \/>\n<meta property=\"og:type\" content=\"article\" \/>\n<meta property=\"og:title\" content=\"Agencia Matriz - Once de Junio Cooperativa\" \/>\n<meta property=\"og:description\" content=\"[vc_row el_class=\u00bbsection-padd\u00bb][vc_column][vc_single_image image=\u00bb2071&#8243; img_size=\u00bblarge\u00bb alignment=\u00bbcenter\u00bb css_animation=\u00bbbounceIn\u00bb][vc_column_text css_animation=\u00bbfadeIn\u00bb] Direcci\u00f3n:\u00a0Bol\u00edvar y Jun\u00edn Esq. Tel\u00e9fono:\u00a0(07)2937076 Horario de Atenci\u00f3n:\u00a08:00 &#8211; 18:00 [\/vc_column_text][\/vc_column][\/vc_row]\" \/>\n<meta property=\"og:url\" content=\"https:\/\/www.oncedejunio.fin.ec\/oncedejunio\/agencia-matriz\/\" \/>\n<meta property=\"og:site_name\" content=\"Once de Junio Cooperativa\" \/>\n<meta property=\"article:modified_time\" content=\"2022-10-27T14:09:30+00:00\" \/>\n<meta property=\"og:image\" content=\"https:\/\/www.oncedejunio.fin.ec\/oncedejunio\/wp-content\/uploads\/2020\/05\/matriz1.png\" \/>\n\t<meta property=\"og:image:width\" content=\"800\" \/>\n\t<meta property=\"og:image:height\" content=\"415\" \/>\n\t<meta property=\"og:image:type\" content=\"image\/png\" \/>\n<meta name=\"twitter:card\" content=\"summary_large_image\" \/>\n<script type=\"application\/ld+json\" class=\"yoast-schema-graph\">{\"@context\":\"https:\/\/schema.org\",\"@graph\":[{\"@type\":\"WebPage\",\"@id\":\"https:\/\/www.oncedejunio.fin.ec\/oncedejunio\/agencia-matriz\/\",\"url\":\"https:\/\/www.oncedejunio.fin.ec\/oncedejunio\/agencia-matriz\/\",\"name\":\"Agencia Matriz - Once de Junio Cooperativa\",\"isPartOf\":{\"@id\":\"https:\/\/www.oncedejunio.fin.ec\/oncedejunio\/#website\"},\"primaryImageOfPage\":{\"@id\":\"https:\/\/www.oncedejunio.fin.ec\/oncedejunio\/agencia-matriz\/#primaryimage\"},\"image\":{\"@id\":\"https:\/\/www.oncedejunio.fin.ec\/oncedejunio\/agencia-matriz\/#primaryimage\"},\"thumbnailUrl\":\"https:\/\/www.oncedejunio.fin.ec\/oncedejunio\/wp-content\/uploads\/2020\/05\/matriz1.png\",\"datePublished\":\"2020-05-29T21:52:02+00:00\",\"dateModified\":\"2022-10-27T14:09:30+00:00\",\"breadcrumb\":{\"@id\":\"https:\/\/www.oncedejunio.fin.ec\/oncedejunio\/agencia-matriz\/#breadcrumb\"},\"inLanguage\":\"es\",\"potentialAction\":[{\"@type\":\"ReadAction\",\"target\":[\"https:\/\/www.oncedejunio.fin.ec\/oncedejunio\/agencia-matriz\/\"]}]},{\"@type\":\"ImageObject\",\"inLanguage\":\"es\",\"@id\":\"https:\/\/www.oncedejunio.fin.ec\/oncedejunio\/agencia-matriz\/#primaryimage\",\"url\":\"https:\/\/www.oncedejunio.fin.ec\/oncedejunio\/wp-content\/uploads\/2020\/05\/matriz1.png\",\"contentUrl\":\"https:\/\/www.oncedejunio.fin.ec\/oncedejunio\/wp-content\/uploads\/2020\/05\/matriz1.png\",\"width\":800,\"height\":415},{\"@type\":\"BreadcrumbList\",\"@id\":\"https:\/\/www.oncedejunio.fin.ec\/oncedejunio\/agencia-matriz\/#breadcrumb\",\"itemListElement\":[{\"@type\":\"ListItem\",\"position\":1,\"name\":\"Home\",\"item\":\"https:\/\/www.oncedejunio.fin.ec\/oncedejunio\/\"},{\"@type\":\"ListItem\",\"position\":2,\"name\":\"Agencia Matriz\"}]},{\"@type\":\"WebSite\",\"@id\":\"https:\/\/www.oncedejunio.fin.ec\/oncedejunio\/#website\",\"url\":\"https:\/\/www.oncedejunio.fin.ec\/oncedejunio\/\",\"name\":\"Cooperativa de Ahorro y Cr\u00e9dito Once de Junio\",\"description\":\"Once de Junio Cooperativa\",\"potentialAction\":[{\"@type\":\"SearchAction\",\"target\":{\"@type\":\"EntryPoint\",\"urlTemplate\":\"https:\/\/www.oncedejunio.fin.ec\/oncedejunio\/?s={search_term_string}\"},\"query-input\":{\"@type\":\"PropertyValueSpecification\",\"valueRequired\":true,\"valueName\":\"search_term_string\"}}],\"inLanguage\":\"es\"}]}<\/script>\n<!-- \/ Yoast SEO plugin. -->","yoast_head_json":{"title":"Agencia Matriz - Once de Junio Cooperativa","robots":{"index":"index","follow":"follow","max-snippet":"max-snippet:-1","max-image-preview":"max-image-preview:large","max-video-preview":"max-video-preview:-1"},"canonical":"https:\/\/www.oncedejunio.fin.ec\/oncedejunio\/agencia-matriz\/","og_locale":"es_ES","og_type":"article","og_title":"Agencia Matriz - Once de Junio Cooperativa","og_description":"[vc_row el_class=\u00bbsection-padd\u00bb][vc_column][vc_single_image image=\u00bb2071&#8243; img_size=\u00bblarge\u00bb alignment=\u00bbcenter\u00bb css_animation=\u00bbbounceIn\u00bb][vc_column_text css_animation=\u00bbfadeIn\u00bb] Direcci\u00f3n:\u00a0Bol\u00edvar y Jun\u00edn Esq. Tel\u00e9fono:\u00a0(07)2937076 Horario de Atenci\u00f3n:\u00a08:00 &#8211; 18:00 [\/vc_column_text][\/vc_column][\/vc_row]","og_url":"https:\/\/www.oncedejunio.fin.ec\/oncedejunio\/agencia-matriz\/","og_site_name":"Once de Junio Cooperativa","article_modified_time":"2022-10-27T14:09:30+00:00","og_image":[{"width":800,"height":415,"url":"https:\/\/www.oncedejunio.fin.ec\/oncedejunio\/wp-content\/uploads\/2020\/05\/matriz1.png","type":"image\/png"}],"twitter_card":"summary_large_image","schema":{"@context":"https:\/\/schema.org","@graph":[{"@type":"WebPage","@id":"https:\/\/www.oncedejunio.fin.ec\/oncedejunio\/agencia-matriz\/","url":"https:\/\/www.oncedejunio.fin.ec\/oncedejunio\/agencia-matriz\/","name":"Agencia Matriz - Once de Junio Cooperativa","isPartOf":{"@id":"https:\/\/www.oncedejunio.fin.ec\/oncedejunio\/#website"},"primaryImageOfPage":{"@id":"https:\/\/www.oncedejunio.fin.ec\/oncedejunio\/agencia-matriz\/#primaryimage"},"image":{"@id":"https:\/\/www.oncedejunio.fin.ec\/oncedejunio\/agencia-matriz\/#primaryimage"},"thumbnailUrl":"https:\/\/www.oncedejunio.fin.ec\/oncedejunio\/wp-content\/uploads\/2020\/05\/matriz1.png","datePublished":"2020-05-29T21:52:02+00:00","dateModified":"2022-10-27T14:09:30+00:00","breadcrumb":{"@id":"https:\/\/www.oncedejunio.fin.ec\/oncedejunio\/agencia-matriz\/#breadcrumb"},"inLanguage":"es","potentialAction":[{"@type":"ReadAction","target":["https:\/\/www.oncedejunio.fin.ec\/oncedejunio\/agencia-matriz\/"]}]},{"@type":"ImageObject","inLanguage":"es","@id":"https:\/\/www.oncedejunio.fin.ec\/oncedejunio\/agencia-matriz\/#primaryimage","url":"https:\/\/www.oncedejunio.fin.ec\/oncedejunio\/wp-content\/uploads\/2020\/05\/matriz1.png","contentUrl":"https:\/\/www.oncedejunio.fin.ec\/oncedejunio\/wp-content\/uploads\/2020\/05\/matriz1.png","width":800,"height":415},{"@type":"BreadcrumbList","@id":"https:\/\/www.oncedejunio.fin.ec\/oncedejunio\/agencia-matriz\/#breadcrumb","itemListElement":[{"@type":"ListItem","position":1,"name":"Home","item":"https:\/\/www.oncedejunio.fin.ec\/oncedejunio\/"},{"@type":"ListItem","position":2,"name":"Agencia Matriz"}]},{"@type":"WebSite","@id":"https:\/\/www.oncedejunio.fin.ec\/oncedejunio\/#website","url":"https:\/\/www.oncedejunio.fin.ec\/oncedejunio\/","name":"Cooperativa de Ahorro y Cr\u00e9dito Once de Junio","description":"Once de Junio Cooperativa","potentialAction":[{"@type":"SearchAction","target":{"@type":"EntryPoint","urlTemplate":"https:\/\/www.oncedejunio.fin.ec\/oncedejunio\/?s={search_term_string}"},"query-input":{"@type":"PropertyValueSpecification","valueRequired":true,"valueName":"search_term_string"}}],"inLanguage":"es"}]}},"_links":{"self":[{"href":"https:\/\/www.oncedejunio.fin.ec\/oncedejunio\/wp-json\/wp\/v2\/pages\/2431"}],"collection":[{"href":"https:\/\/www.oncedejunio.fin.ec\/oncedejunio\/wp-json\/wp\/v2\/pages"}],"about":[{"href":"https:\/\/www.oncedejunio.fin.ec\/oncedejunio\/wp-json\/wp\/v2\/types\/page"}],"author":[{"embeddable":true,"href":"https:\/\/www.oncedejunio.fin.ec\/oncedejunio\/wp-json\/wp\/v2\/users\/1"}],"replies":[{"embeddable":true,"href":"https:\/\/www.oncedejunio.fin.ec\/oncedejunio\/wp-json\/wp\/v2\/comments?post=2431"}],"version-history":[{"count":0,"href":"https:\/\/www.oncedejunio.fin.ec\/oncedejunio\/wp-json\/wp\/v2\/pages\/2431\/revisions"}],"wp:featuredmedia":[{"embeddable":true,"href":"https:\/\/www.oncedejunio.fin.ec\/oncedejunio\/wp-json\/wp\/v2\/media\/2071"}],"wp:attachment":[{"href":"https:\/\/www.oncedejunio.fin.ec\/oncedejunio\/wp-json\/wp\/v2\/media?parent=2431"}],"curies":[{"name":"wp","href":"https:\/\/api.w.org\/{rel}","templated":true}]}}