{"id":2340,"date":"2020-05-29T11:45:05","date_gmt":"2020-05-29T16:45:05","guid":{"rendered":"https:\/\/cooperativa.neurocortex.cc\/?page_id=2340"},"modified":"2022-11-29T15:13:48","modified_gmt":"2022-11-29T20:13:48","slug":"beneficios-gratuitos","status":"publish","type":"page","link":"https:\/\/www.oncedejunio.fin.ec\/oncedejunio\/beneficios-gratuitos\/","title":{"rendered":"Gratuitos"},"content":{"rendered":"<p>[vc_row css=\u00bb.vc_custom_1589448415819{margin-top: -20px !important;}\u00bb][vc_column][vc_single_image image=\u00bb5579&#8243; img_size=\u00bbfull\u00bb alignment=\u00bbcenter\u00bb css_animation=\u00bbflipInX\u00bb][vc_single_image image=\u00bb5581&#8243; img_size=\u00bbfull\u00bb alignment=\u00bbcenter\u00bb css_animation=\u00bbflipInX\u00bb][vc_column_text css_animation=\u00bbflipInY\u00bb]<\/p>\n<h3><span style=\"color: #005a28;\">Atenci\u00f3n m\u00e9dica y odontol\u00f3gica gratuita<\/span><\/h3>\n<h4><span style=\"color: #c39000;\">Crecemos con la comunidad.<\/span><\/h4>\n<p align=\"justify\">La cooperativa de Ahorro y Cr\u00e9dito Once de Junio pone al servicio de sus socios la atenci\u00f3n gratuita de un m\u00e9dico especializado en medicina general y atenci\u00f3n odontol\u00f3gica.<\/p>\n<p align=\"justify\">Los consultorios se encuentran ubicados en nuestra oficina matriz de Machala, calles Jun\u00edn y Bol\u00edvar.<\/p>\n<p>[\/vc_column_text][\/vc_column][\/vc_row][vc_row][vc_column][vc_separator color=\u00bbgreen\u00bb border_width=\u00bb2&#8243; css_animation=\u00bbslideInLeft\u00bb][\/vc_column][\/vc_row][vc_row css=\u00bb.vc_custom_1589448041458{padding-top: 50px !important;padding-bottom: 50px !important;border-radius: 1px !important;}\u00bb][vc_column][vc_single_image image=\u00bb5578&#8243; img_size=\u00bbfull\u00bb alignment=\u00bbcenter\u00bb css_animation=\u00bbflipInX\u00bb][vc_column_text css_animation=\u00bbflipInY\u00bb]<\/p>\n<h3><span style=\"color: #005a28;\">Asesor\u00eda Legal<\/span><\/h3>\n<h4><span style=\"color: #c39000;\">Crecemos con la comunidad.<\/span><\/h4>\n<p align=\"justify\">Nuestros socios cuentan con el servicio gratuito de asesor\u00eda legal, ubicado en nuestra oficina matriz en la ciudad de Machala.<\/p>\n<p>[\/vc_column_text][\/vc_column][\/vc_row][vc_row][vc_column][vc_separator color=\u00bbgreen\u00bb border_width=\u00bb2&#8243; css_animation=\u00bbslideInRight\u00bb][\/vc_column][\/vc_row]<\/p>\n","protected":false},"excerpt":{"rendered":"<p>[vc_row css=\u00bb.vc_custom_1589448415819{margin-top: -20px !important;}\u00bb][vc_column][vc_single_image image=\u00bb5579&#8243; img_size=\u00bbfull\u00bb alignment=\u00bbcenter\u00bb css_animation=\u00bbflipInX\u00bb][vc_single_image image=\u00bb5581&#8243; img_size=\u00bbfull\u00bb alignment=\u00bbcenter\u00bb css_animation=\u00bbflipInX\u00bb][vc_column_text css_animation=\u00bbflipInY\u00bb] Atenci\u00f3n m\u00e9dica y odontol\u00f3gica gratuita Crecemos con la comunidad. La cooperativa de Ahorro y Cr\u00e9dito Once de Junio pone al servicio de sus socios la atenci\u00f3n gratuita de un m\u00e9dico especializado en medicina general y atenci\u00f3n odontol\u00f3gica. Los consultorios se encuentran ubicados [&hellip;]<\/p>\n","protected":false},"author":1,"featured_media":0,"parent":0,"menu_order":0,"comment_status":"closed","ping_status":"closed","template":"","meta":{"content-type":"","_monsterinsights_skip_tracking":false,"_monsterinsights_sitenote_active":false,"_monsterinsights_sitenote_note":"","_monsterinsights_sitenote_category":0,"footnotes":""},"class_list":["post-2340","page","type-page","status-publish","hentry"],"yoast_head":"<!-- This site is optimized with the Yoast SEO plugin v24.5 - https:\/\/yoast.com\/wordpress\/plugins\/seo\/ -->\n<title>Gratuitos - Once de Junio Cooperativa<\/title>\n<meta name=\"robots\" content=\"index, follow, max-snippet:-1, max-image-preview:large, max-video-preview:-1\" \/>\n<link rel=\"canonical\" href=\"https:\/\/www.oncedejunio.fin.ec\/oncedejunio\/beneficios-gratuitos\/\" \/>\n<meta property=\"og:locale\" content=\"es_ES\" \/>\n<meta property=\"og:type\" content=\"article\" \/>\n<meta property=\"og:title\" content=\"Gratuitos - Once de Junio Cooperativa\" \/>\n<meta property=\"og:description\" content=\"[vc_row css=\u00bb.vc_custom_1589448415819{margin-top: -20px !important;}\u00bb][vc_column][vc_single_image image=\u00bb5579&#8243; img_size=\u00bbfull\u00bb alignment=\u00bbcenter\u00bb css_animation=\u00bbflipInX\u00bb][vc_single_image image=\u00bb5581&#8243; img_size=\u00bbfull\u00bb alignment=\u00bbcenter\u00bb css_animation=\u00bbflipInX\u00bb][vc_column_text css_animation=\u00bbflipInY\u00bb] Atenci\u00f3n m\u00e9dica y odontol\u00f3gica gratuita Crecemos con la comunidad. La cooperativa de Ahorro y Cr\u00e9dito Once de Junio pone al servicio de sus socios la atenci\u00f3n gratuita de un m\u00e9dico especializado en medicina general y atenci\u00f3n odontol\u00f3gica. Los consultorios se encuentran ubicados [&hellip;]\" \/>\n<meta property=\"og:url\" content=\"https:\/\/www.oncedejunio.fin.ec\/oncedejunio\/beneficios-gratuitos\/\" \/>\n<meta property=\"og:site_name\" content=\"Once de Junio Cooperativa\" \/>\n<meta property=\"article:modified_time\" content=\"2022-11-29T20:13:48+00:00\" \/>\n<meta name=\"twitter:card\" content=\"summary_large_image\" \/>\n<meta name=\"twitter:label1\" content=\"Tiempo de lectura\" \/>\n\t<meta name=\"twitter:data1\" content=\"1 minuto\" \/>\n<script type=\"application\/ld+json\" class=\"yoast-schema-graph\">{\"@context\":\"https:\/\/schema.org\",\"@graph\":[{\"@type\":\"WebPage\",\"@id\":\"https:\/\/www.oncedejunio.fin.ec\/oncedejunio\/beneficios-gratuitos\/\",\"url\":\"https:\/\/www.oncedejunio.fin.ec\/oncedejunio\/beneficios-gratuitos\/\",\"name\":\"Gratuitos - Once de Junio Cooperativa\",\"isPartOf\":{\"@id\":\"https:\/\/www.oncedejunio.fin.ec\/oncedejunio\/#website\"},\"datePublished\":\"2020-05-29T16:45:05+00:00\",\"dateModified\":\"2022-11-29T20:13:48+00:00\",\"breadcrumb\":{\"@id\":\"https:\/\/www.oncedejunio.fin.ec\/oncedejunio\/beneficios-gratuitos\/#breadcrumb\"},\"inLanguage\":\"es\",\"potentialAction\":[{\"@type\":\"ReadAction\",\"target\":[\"https:\/\/www.oncedejunio.fin.ec\/oncedejunio\/beneficios-gratuitos\/\"]}]},{\"@type\":\"BreadcrumbList\",\"@id\":\"https:\/\/www.oncedejunio.fin.ec\/oncedejunio\/beneficios-gratuitos\/#breadcrumb\",\"itemListElement\":[{\"@type\":\"ListItem\",\"position\":1,\"name\":\"Home\",\"item\":\"https:\/\/www.oncedejunio.fin.ec\/oncedejunio\/\"},{\"@type\":\"ListItem\",\"position\":2,\"name\":\"Gratuitos\"}]},{\"@type\":\"WebSite\",\"@id\":\"https:\/\/www.oncedejunio.fin.ec\/oncedejunio\/#website\",\"url\":\"https:\/\/www.oncedejunio.fin.ec\/oncedejunio\/\",\"name\":\"Cooperativa de Ahorro y Cr\u00e9dito Once de Junio\",\"description\":\"Once de Junio Cooperativa\",\"potentialAction\":[{\"@type\":\"SearchAction\",\"target\":{\"@type\":\"EntryPoint\",\"urlTemplate\":\"https:\/\/www.oncedejunio.fin.ec\/oncedejunio\/?s={search_term_string}\"},\"query-input\":{\"@type\":\"PropertyValueSpecification\",\"valueRequired\":true,\"valueName\":\"search_term_string\"}}],\"inLanguage\":\"es\"}]}<\/script>\n<!-- \/ Yoast SEO plugin. -->","yoast_head_json":{"title":"Gratuitos - Once de Junio Cooperativa","robots":{"index":"index","follow":"follow","max-snippet":"max-snippet:-1","max-image-preview":"max-image-preview:large","max-video-preview":"max-video-preview:-1"},"canonical":"https:\/\/www.oncedejunio.fin.ec\/oncedejunio\/beneficios-gratuitos\/","og_locale":"es_ES","og_type":"article","og_title":"Gratuitos - Once de Junio Cooperativa","og_description":"[vc_row css=\u00bb.vc_custom_1589448415819{margin-top: -20px !important;}\u00bb][vc_column][vc_single_image image=\u00bb5579&#8243; img_size=\u00bbfull\u00bb alignment=\u00bbcenter\u00bb css_animation=\u00bbflipInX\u00bb][vc_single_image image=\u00bb5581&#8243; img_size=\u00bbfull\u00bb alignment=\u00bbcenter\u00bb css_animation=\u00bbflipInX\u00bb][vc_column_text css_animation=\u00bbflipInY\u00bb] Atenci\u00f3n m\u00e9dica y odontol\u00f3gica gratuita Crecemos con la comunidad. La cooperativa de Ahorro y Cr\u00e9dito Once de Junio pone al servicio de sus socios la atenci\u00f3n gratuita de un m\u00e9dico especializado en medicina general y atenci\u00f3n odontol\u00f3gica. Los consultorios se encuentran ubicados [&hellip;]","og_url":"https:\/\/www.oncedejunio.fin.ec\/oncedejunio\/beneficios-gratuitos\/","og_site_name":"Once de Junio Cooperativa","article_modified_time":"2022-11-29T20:13:48+00:00","twitter_card":"summary_large_image","twitter_misc":{"Tiempo de lectura":"1 minuto"},"schema":{"@context":"https:\/\/schema.org","@graph":[{"@type":"WebPage","@id":"https:\/\/www.oncedejunio.fin.ec\/oncedejunio\/beneficios-gratuitos\/","url":"https:\/\/www.oncedejunio.fin.ec\/oncedejunio\/beneficios-gratuitos\/","name":"Gratuitos - Once de Junio Cooperativa","isPartOf":{"@id":"https:\/\/www.oncedejunio.fin.ec\/oncedejunio\/#website"},"datePublished":"2020-05-29T16:45:05+00:00","dateModified":"2022-11-29T20:13:48+00:00","breadcrumb":{"@id":"https:\/\/www.oncedejunio.fin.ec\/oncedejunio\/beneficios-gratuitos\/#breadcrumb"},"inLanguage":"es","potentialAction":[{"@type":"ReadAction","target":["https:\/\/www.oncedejunio.fin.ec\/oncedejunio\/beneficios-gratuitos\/"]}]},{"@type":"BreadcrumbList","@id":"https:\/\/www.oncedejunio.fin.ec\/oncedejunio\/beneficios-gratuitos\/#breadcrumb","itemListElement":[{"@type":"ListItem","position":1,"name":"Home","item":"https:\/\/www.oncedejunio.fin.ec\/oncedejunio\/"},{"@type":"ListItem","position":2,"name":"Gratuitos"}]},{"@type":"WebSite","@id":"https:\/\/www.oncedejunio.fin.ec\/oncedejunio\/#website","url":"https:\/\/www.oncedejunio.fin.ec\/oncedejunio\/","name":"Cooperativa de Ahorro y Cr\u00e9dito Once de Junio","description":"Once de Junio Cooperativa","potentialAction":[{"@type":"SearchAction","target":{"@type":"EntryPoint","urlTemplate":"https:\/\/www.oncedejunio.fin.ec\/oncedejunio\/?s={search_term_string}"},"query-input":{"@type":"PropertyValueSpecification","valueRequired":true,"valueName":"search_term_string"}}],"inLanguage":"es"}]}},"_links":{"self":[{"href":"https:\/\/www.oncedejunio.fin.ec\/oncedejunio\/wp-json\/wp\/v2\/pages\/2340"}],"collection":[{"href":"https:\/\/www.oncedejunio.fin.ec\/oncedejunio\/wp-json\/wp\/v2\/pages"}],"about":[{"href":"https:\/\/www.oncedejunio.fin.ec\/oncedejunio\/wp-json\/wp\/v2\/types\/page"}],"author":[{"embeddable":true,"href":"https:\/\/www.oncedejunio.fin.ec\/oncedejunio\/wp-json\/wp\/v2\/users\/1"}],"replies":[{"embeddable":true,"href":"https:\/\/www.oncedejunio.fin.ec\/oncedejunio\/wp-json\/wp\/v2\/comments?post=2340"}],"version-history":[{"count":0,"href":"https:\/\/www.oncedejunio.fin.ec\/oncedejunio\/wp-json\/wp\/v2\/pages\/2340\/revisions"}],"wp:attachment":[{"href":"https:\/\/www.oncedejunio.fin.ec\/oncedejunio\/wp-json\/wp\/v2\/media?parent=2340"}],"curies":[{"name":"wp","href":"https:\/\/api.w.org\/{rel}","templated":true}]}}