{"id":2271,"date":"2020-05-14T04:44:49","date_gmt":"2020-05-14T09:44:49","guid":{"rendered":"https:\/\/cooperativa.neurocortex.cc\/?page_id=2271"},"modified":"2023-02-10T08:31:08","modified_gmt":"2023-02-10T13:31:08","slug":"credito-consumo","status":"publish","type":"page","link":"https:\/\/www.oncedejunio.fin.ec\/oncedejunio\/credito-consumo\/","title":{"rendered":"Consumo"},"content":{"rendered":"<p>[vc_row][vc_column][vc_single_image image=\u00bb5486&#8243; img_size=\u00bbfull\u00bb][vc_column_text]<\/p>\n<h3><span style=\"color: #005a28;\">Para darte el gusto que so\u00f1aste.<\/span><\/h3>\n<p>[\/vc_column_text][vc_column_text]<\/p>\n<h4><span style=\"color: #c39000;\"><strong>Compras para el hogar, viajes, carro, mejora de vivienda, en fin&#8230;<\/strong><\/span><\/h4>\n<p style=\"text-align: justify;\">Orientados a personas naturales que tengan por destino la adquisici\u00f3n de bienes de consumo o pago de servicios, que generalmente se amortizan en funci\u00f3n de un sistema de cuotas peri\u00f3dicas y cuya fuente de pago es el ingreso neto mensual promedio del deudor, entendi\u00e9ndose por \u00e9ste el promedio de los ingresos brutos mensuales del n\u00facleo familiar menos los gastos familiares estimados mensuales.<\/p>\n<p>[\/vc_column_text][\/vc_column][\/vc_row][vc_row css=\u00bb.vc_custom_1589391741989{margin-top: -50px !important;}\u00bb][vc_column][vc_tta_tabs color=\u00bbgreen\u00bb active_section=\u00bb1&#8243;][vc_tta_section title=\u00bbCr\u00e9dito Consumo Normal\u00bb tab_id=\u00bbcredito-normal\u00bb][vc_column_text css=\u00bb.vc_custom_1671564234941{padding-top: 30px !important;}\u00bb]Cr\u00e9ditos destinados a satisfacer necesidades inmediatas del cliente con la garant\u00eda monto y plazo a escoger.<\/p>\n<p style=\"text-align: center;\"><div id=\"footable_parent_5729\"\n         class=\" footable_parent ninja_table_wrapper loading_ninja_table wp_table_data_press_parent semantic_ui \">\n                <table data-ninja_table_instance=\"ninja_table_instance_0\" data-footable_id=\"5729\" data-filter-delay=\"1000\" aria-label=\"6 Cr\u00e9dito Consumo Normal.csv\"            id=\"footable_5729\"\n           data-unique_identifier=\"ninja_table_unique_id_948719980_5729\"\n           class=\" foo-table ninja_footable foo_table_5729 ninja_table_unique_id_948719980_5729 ui table  nt_type_ajax_table selectable celled striped compact vertical_centered  footable-paging-right ninja_table_search_disabled\">\n                <colgroup>\n                            <col class=\"ninja_column_0 \">\n                            <col class=\"ninja_column_1 \">\n                            <col class=\"ninja_column_2 \">\n                            <col class=\"ninja_column_3 \">\n                    <\/colgroup>\n            <\/table>\n    \n    \n    \n<\/div>\n<p><img loading=\"lazy\" decoding=\"async\" class=\"wp-image-2159 size-full aligncenter\" src=\"https:\/\/www.oncedejunio.fin.ec\/oncedejunio\/wp-content\/uploads\/2020\/05\/masBeneficios.png\" alt=\"\" width=\"170\" height=\"62\" \/><\/p>\n<ul>\n<li>Desde 200 Hasta 100 mil d\u00f3lares.<\/li>\n<li>Garant\u00eda personal o Hipotecaria de casa o terreno.<\/li>\n<li>Rapidez en el tr\u00e1mite.<\/li>\n<li>C\u00f3modas cuotas de pago de acuerdo a tus ingresos.<\/li>\n<li>Hasta 8 a\u00f1os plazo, dependiendo de la capacidad de pago.<\/li>\n<li>Tasa de inter\u00e9s atractiva.<\/li>\n<\/ul>\n<h4 style=\"text-align: center;\"><span style=\"color: #005a28;\">SEGURO DESGRAVAMEN<\/span><\/h4>\n<p style=\"text-align: center;\">Sus cr\u00e9ditos est\u00e1n protegidos con un\u00a0<strong><span style=\"color: #c39000;\">SEGURO DE DESGRAVAMEN<\/span>,<\/strong>\u00a0que cubre la totalidad de su deuda.<\/p>\n<p>[\/vc_column_text][vc_row_inner][vc_column_inner width=\u00bb1\/2&#8243;][vc_column_text]<\/p>\n<h4 style=\"text-align: center;\"><span style=\"color: #005a28;\">Requisitos Cr\u00e9ditos Quirografarios<\/span><\/h4>\n<ul>\n<li>Copia de C\u00e9dula de Ciudadan\u00eda (socio, garantes y c\u00f3nyuges).<\/li>\n<li>Certificado de votaci\u00f3n (socio, garantes y c\u00f3nyuges).<\/li>\n<li>RUC o RISE.<\/li>\n<li>Recibo de servicios b\u00e1sicos actualizados ( agua, luz o tel\u00e9fono).<\/li>\n<li>Certificado de ingresos (socio, garantes y c\u00f3nyuges).<\/li>\n<li>Certificados de compra o facturas para comerciantes informales o Copias de giros del exterior consecutivos.<\/li>\n<li>Copias de Matr\u00edcula de Veh\u00edculo (socio, garantes y c\u00f3nyuges) si lo tuviere.<\/li>\n<li>Referencia Persona.<\/li>\n<li>Referencia Bancaria o Estados de Cuenta si tuviere.<\/li>\n<\/ul>\n<p>[\/vc_column_text][\/vc_column_inner][vc_column_inner width=\u00bb1\/2&#8243;][vc_column_text]<\/p>\n<h4 style=\"text-align: center;\"><span style=\"color: #005a28;\">Requisitos Cr\u00e9ditos Hipotecarios y Prohibici\u00f3n de Venta<\/span><\/h4>\n<ul>\n<li>Copia de C\u00e9dula de Ciudadan\u00eda (socio, garantes y c\u00f3nyuges).<\/li>\n<li>Certificado de votaci\u00f3n (socio, garantes y c\u00f3nyuges).<\/li>\n<li>RUC o RISE.<\/li>\n<li>Recibo de servicios b\u00e1sicos actualizados ( agua, luz o tel\u00e9fono).<\/li>\n<li>Certificado de ingresos (socio, garantes y c\u00f3nyuges).<\/li>\n<li>Certificados de compra o facturas para comerciantes informales o Copias de giros del exterior consecutivos.<\/li>\n<li>Copias de Matr\u00edcula de Veh\u00edculo (socio, garantes y c\u00f3nyuges) si lo tuviere.<\/li>\n<li>Referencia Persona.<\/li>\n<li>Referencia Bancaria o Estados de Cuenta si tuviere.<\/li>\n<li>Certificados de no adeudar al Municipio.<\/li>\n<li>Copia de Escrituras del bien a Hipotecarse.<\/li>\n<li>Informe de Aval\u00fao de Perito.<\/li>\n<li>Flujo de Caja para cr\u00e9ditos mayores a 25.000USD.<\/li>\n<li>En caso de encontrarse el c\u00f3nyuge en el exterior presentar Poder Especial actualizado.<\/li>\n<li>Copia de predios urbanos del bien (ultimo a\u00f1o).<\/li>\n<\/ul>\n<p>[\/vc_column_text][\/vc_column_inner][\/vc_row_inner][\/vc_tta_section][vc_tta_section title=\u00bbCr\u00e9dito Consumo Convenio\u00bb tab_id=\u00bbcredito-convenio\u00bb][vc_column_text css=\u00bb.vc_custom_1671550985132{padding-top: 30px !important;}\u00bb]Cr\u00e9ditos que se pueden desarrollar previo a un convenio con instituciones p\u00fablicas y privadas para ser descontados v\u00eda rol de pagos.<\/p>\n<p style=\"text-align: center;\"><div id=\"footable_parent_5730\"\n         class=\" footable_parent ninja_table_wrapper loading_ninja_table wp_table_data_press_parent semantic_ui \">\n                <table data-ninja_table_instance=\"ninja_table_instance_1\" data-footable_id=\"5730\" data-filter-delay=\"1000\" aria-label=\"7 Cr\u00e9dito Consumo Convenio.csv\"            id=\"footable_5730\"\n           data-unique_identifier=\"ninja_table_unique_id_1559320007_5730\"\n           class=\" foo-table ninja_footable foo_table_5730 ninja_table_unique_id_1559320007_5730 ui table  nt_type_ajax_table selectable celled striped compact vertical_centered  footable-paging-right ninja_table_search_disabled\">\n                <colgroup>\n                            <col class=\"ninja_column_0 \">\n                            <col class=\"ninja_column_1 \">\n                            <col class=\"ninja_column_2 \">\n                            <col class=\"ninja_column_3 \">\n                    <\/colgroup>\n            <\/table>\n    \n    \n    \n<\/div>\n<p><img loading=\"lazy\" decoding=\"async\" class=\"wp-image-2159 size-full aligncenter\" src=\"https:\/\/www.oncedejunio.fin.ec\/oncedejunio\/wp-content\/uploads\/2020\/05\/masBeneficios.png\" alt=\"\" width=\"170\" height=\"62\" \/><\/p>\n<ul>\n<li>Desde 200 Hasta 30 mil d\u00f3lares.<\/li>\n<li>Garant\u00eda personal.<\/li>\n<li>Rapidez en el tr\u00e1mite.<\/li>\n<li>C\u00f3modas cuotas de pago de acuerdo a tus ingresos.<\/li>\n<li>Hasta 6 a\u00f1os plazo, dependiendo de la capacidad de pago.<\/li>\n<li>Tasa de inter\u00e9s atractiva.<\/li>\n<\/ul>\n<h4 style=\"text-align: center;\"><span style=\"color: #339966;\">SEGURO DESGRAVAMEN<\/span><\/h4>\n<p style=\"text-align: center;\">Sus cr\u00e9ditos est\u00e1n protegidos con un\u00a0<strong><span style=\"color: #c39000;\">SEGURO DE DESGRAVAMEN<\/span>,<\/strong>\u00a0que cubre la totalidad de su deuda.<\/p>\n<p>[\/vc_column_text][vc_row_inner][vc_column_inner width=\u00bb1\/2&#8243;][vc_column_text]<\/p>\n<h4 style=\"text-align: center;\"><span style=\"color: #005a28;\">Requisitos Cr\u00e9ditos Quirografarios<\/span><\/h4>\n<ul>\n<li>Copia de C\u00e9dula de Ciudadan\u00eda (socio, garantes y c\u00f3nyuges).<\/li>\n<li>Certificado de votaci\u00f3n (socio, garantes y c\u00f3nyuges).<\/li>\n<li>RUC o RISE.<\/li>\n<li>Recibo de servicios b\u00e1sicos actualizados ( agua, luz o tel\u00e9fono).<\/li>\n<li>Certificado de ingresos (socio, garantes y c\u00f3nyuges).<\/li>\n<li>Certificados de compra o facturas para comerciantes informales o Copias de giros del exterior consecutivos.<\/li>\n<li>Copias de Matr\u00edcula de Veh\u00edculo (socio, garantes y c\u00f3nyuges) si lo tuviere.<\/li>\n<li>Referencia Persona.<\/li>\n<li>Referencia Bancaria o Estados de Cuenta si tuviere.<\/li>\n<\/ul>\n<p>[\/vc_column_text][\/vc_column_inner][vc_column_inner width=\u00bb1\/2&#8243;][vc_column_text]<\/p>\n<h4 style=\"text-align: center;\"><span style=\"color: #005a28;\">Requisitos Cr\u00e9ditos Hipotecarios y Prohibici\u00f3n de Venta<\/span><\/h4>\n<ul>\n<li>Copia de C\u00e9dula de Ciudadan\u00eda (socio, garantes y c\u00f3nyuges).<\/li>\n<li>Certificado de votaci\u00f3n (socio, garantes y c\u00f3nyuges).<\/li>\n<li>RUC o RISE.<\/li>\n<li>Recibo de servicios b\u00e1sicos actualizados ( agua, luz o tel\u00e9fono).<\/li>\n<li>Certificado de ingresos (socio, garantes y conyugues).<\/li>\n<li>Certificados de compra o facturas para comerciantes informales o Copias de giros del exterior consecutivos.<\/li>\n<li>Copias de Matr\u00edcula de Veh\u00edculo (socio, garantes y c\u00f3nyuges) si lo tuviere.<\/li>\n<li>Referencia Persona.<\/li>\n<li>Referencia Bancaria o Estados de Cuenta si tuviere.<\/li>\n<li>Certificados de no adeudar al Municipio.<\/li>\n<li>Copia de Escrituras del bien a Hipotecarse.<\/li>\n<li>Informe de Aval\u00fao de Perito.<\/li>\n<li>Flujo de Caja para cr\u00e9ditos mayores a 25.000USD.<\/li>\n<li>En caso de encontrarse el c\u00f3nyuge en el exterior presentar Poder Especial actualizado.<\/li>\n<li>Copia de predios urbanos del bien (ultimo a\u00f1o).<\/li>\n<\/ul>\n<p>[\/vc_column_text][\/vc_column_inner][\/vc_row_inner][\/vc_tta_section][vc_tta_section title=\u00bbCr\u00e9dito Consumo en base al Ahorro\u00bb tab_id=\u00bbcredito-ahorro\u00bb][vc_column_text css=\u00bb.vc_custom_1671551017946{padding-top: 30px !important;}\u00bb]Son cr\u00e9ditos orientados a cuenta ahorristas, ahorro crecer o inversionistas, cuya garant\u00eda representa el monto que tenga en la cooperativa.<\/p>\n<p style=\"text-align: center;\"><div id=\"footable_parent_5732\"\n         class=\" footable_parent ninja_table_wrapper loading_ninja_table wp_table_data_press_parent semantic_ui \">\n                <table data-ninja_table_instance=\"ninja_table_instance_2\" data-footable_id=\"5732\" data-filter-delay=\"1000\" aria-label=\"9 Cr\u00e9dito Consumo en Base al Ahorro.csv\"            id=\"footable_5732\"\n           data-unique_identifier=\"ninja_table_unique_id_2789711303_5732\"\n           class=\" foo-table ninja_footable foo_table_5732 ninja_table_unique_id_2789711303_5732 ui table  nt_type_ajax_table selectable celled striped compact vertical_centered  footable-paging-right ninja_table_search_disabled\">\n                <colgroup>\n                            <col class=\"ninja_column_0 \">\n                            <col class=\"ninja_column_1 \">\n                            <col class=\"ninja_column_2 \">\n                            <col class=\"ninja_column_3 \">\n                    <\/colgroup>\n            <\/table>\n    \n    \n    \n<\/div>\n<p><img loading=\"lazy\" decoding=\"async\" class=\"wp-image-2159 size-full aligncenter\" src=\"https:\/\/www.oncedejunio.fin.ec\/oncedejunio\/wp-content\/uploads\/2020\/05\/masBeneficios.png\" alt=\"\" width=\"170\" height=\"62\" \/><\/p>\n<ul>\n<li>Hasta 70% del ahorro.<\/li>\n<li>Garant\u00eda en base a su DPF o Ahorro Crecer.<\/li>\n<li>Rapidez en el tr\u00e1mite.<\/li>\n<li>C\u00f3modas cuotas de pago de acuerdo a tus ingresos.<\/li>\n<li>Hasta el vencimiento.<\/li>\n<li>Tasa de inter\u00e9s atractiva.<\/li>\n<\/ul>\n<h4 style=\"text-align: center;\"><span style=\"color: #339966;\">SEGURO DESGRAVAMEN<\/span><\/h4>\n<p style=\"text-align: center;\">Sus cr\u00e9ditos est\u00e1n protegidos con un\u00a0<strong><span style=\"color: #c39000;\">SEGURO DE DESGRAVAMEN<\/span>,<\/strong>\u00a0que cubre la totalidad de su deuda.<\/p>\n<p>[\/vc_column_text][vc_column_text]<\/p>\n<h4 style=\"text-align: center;\"><span style=\"color: #005a28;\">Requisitos Cr\u00e9ditos Quirografarios<\/span><\/h4>\n<ul>\n<li>Copia de C\u00e9dula de Ciudadan\u00eda (socio, garantes y c\u00f3nyuges).<\/li>\n<li>Certificado de votaci\u00f3n (socio, garantes y c\u00f3nyuges).<\/li>\n<li>Recibo de servicios b\u00e1sicos actualizados ( agua, luz o tel\u00e9fono).<\/li>\n<\/ul>\n<p>[\/vc_column_text][\/vc_tta_section][\/vc_tta_tabs][vc_btn title=\u00bbCALCULA TUS PAGOS\u00bb color=\u00bbgreen\u00bb size=\u00bblg\u00bb align=\u00bbcenter\u00bb css_animation=\u00bbfadeInUp\u00bb link=\u00bburl:https%3A%2F%2Fwww.oncedejunio.fin.ec%2Foncedejunio%2Fsimulador%2F|title:CALCULA%20TUS%20PAGOS||\u00bb][\/vc_column][\/vc_row]<\/p>\n","protected":false},"excerpt":{"rendered":"<p>[vc_row][vc_column][vc_single_image image=\u00bb5486&#8243; img_size=\u00bbfull\u00bb][vc_column_text] Para darte el gusto que so\u00f1aste. [\/vc_column_text][vc_column_text] Compras para el hogar, viajes, carro, mejora de vivienda, en fin&#8230; Orientados a personas naturales que tengan por destino la adquisici\u00f3n de bienes de consumo o pago de servicios, que generalmente se amortizan en funci\u00f3n de un sistema de cuotas peri\u00f3dicas y cuya fuente de [&hellip;]<\/p>\n","protected":false},"author":1,"featured_media":0,"parent":0,"menu_order":0,"comment_status":"closed","ping_status":"closed","template":"","meta":{"content-type":"","_monsterinsights_skip_tracking":false,"_monsterinsights_sitenote_active":false,"_monsterinsights_sitenote_note":"","_monsterinsights_sitenote_category":0,"footnotes":""},"class_list":["post-2271","page","type-page","status-publish","hentry"],"yoast_head":"<!-- This site is optimized with the Yoast SEO plugin v24.5 - https:\/\/yoast.com\/wordpress\/plugins\/seo\/ -->\n<title>Consumo - Once de Junio Cooperativa<\/title>\n<meta name=\"robots\" content=\"index, follow, max-snippet:-1, max-image-preview:large, max-video-preview:-1\" \/>\n<link rel=\"canonical\" href=\"https:\/\/www.oncedejunio.fin.ec\/oncedejunio\/credito-consumo\/\" \/>\n<meta property=\"og:locale\" content=\"es_ES\" \/>\n<meta property=\"og:type\" content=\"article\" \/>\n<meta property=\"og:title\" content=\"Consumo - Once de Junio Cooperativa\" \/>\n<meta property=\"og:description\" content=\"[vc_row][vc_column][vc_single_image image=\u00bb5486&#8243; img_size=\u00bbfull\u00bb][vc_column_text] Para darte el gusto que so\u00f1aste. [\/vc_column_text][vc_column_text] Compras para el hogar, viajes, carro, mejora de vivienda, en fin&#8230; Orientados a personas naturales que tengan por destino la adquisici\u00f3n de bienes de consumo o pago de servicios, que generalmente se amortizan en funci\u00f3n de un sistema de cuotas peri\u00f3dicas y cuya fuente de [&hellip;]\" \/>\n<meta property=\"og:url\" content=\"https:\/\/www.oncedejunio.fin.ec\/oncedejunio\/credito-consumo\/\" \/>\n<meta property=\"og:site_name\" content=\"Once de Junio Cooperativa\" \/>\n<meta property=\"article:modified_time\" content=\"2023-02-10T13:31:08+00:00\" \/>\n<meta property=\"og:image\" content=\"https:\/\/www.oncedejunio.fin.ec\/oncedejunio\/wp-content\/uploads\/2020\/05\/masBeneficios.png\" \/>\n<meta name=\"twitter:card\" content=\"summary_large_image\" \/>\n<meta name=\"twitter:label1\" content=\"Tiempo de lectura\" \/>\n\t<meta name=\"twitter:data1\" content=\"5 minutos\" \/>\n<script type=\"application\/ld+json\" class=\"yoast-schema-graph\">{\"@context\":\"https:\/\/schema.org\",\"@graph\":[{\"@type\":\"WebPage\",\"@id\":\"https:\/\/www.oncedejunio.fin.ec\/oncedejunio\/credito-consumo\/\",\"url\":\"https:\/\/www.oncedejunio.fin.ec\/oncedejunio\/credito-consumo\/\",\"name\":\"Consumo - Once de Junio Cooperativa\",\"isPartOf\":{\"@id\":\"https:\/\/www.oncedejunio.fin.ec\/oncedejunio\/#website\"},\"primaryImageOfPage\":{\"@id\":\"https:\/\/www.oncedejunio.fin.ec\/oncedejunio\/credito-consumo\/#primaryimage\"},\"image\":{\"@id\":\"https:\/\/www.oncedejunio.fin.ec\/oncedejunio\/credito-consumo\/#primaryimage\"},\"thumbnailUrl\":\"https:\/\/www.oncedejunio.fin.ec\/oncedejunio\/wp-content\/uploads\/2020\/05\/masBeneficios.png\",\"datePublished\":\"2020-05-14T09:44:49+00:00\",\"dateModified\":\"2023-02-10T13:31:08+00:00\",\"breadcrumb\":{\"@id\":\"https:\/\/www.oncedejunio.fin.ec\/oncedejunio\/credito-consumo\/#breadcrumb\"},\"inLanguage\":\"es\",\"potentialAction\":[{\"@type\":\"ReadAction\",\"target\":[\"https:\/\/www.oncedejunio.fin.ec\/oncedejunio\/credito-consumo\/\"]}]},{\"@type\":\"ImageObject\",\"inLanguage\":\"es\",\"@id\":\"https:\/\/www.oncedejunio.fin.ec\/oncedejunio\/credito-consumo\/#primaryimage\",\"url\":\"https:\/\/www.oncedejunio.fin.ec\/oncedejunio\/wp-content\/uploads\/2020\/05\/masBeneficios.png\",\"contentUrl\":\"https:\/\/www.oncedejunio.fin.ec\/oncedejunio\/wp-content\/uploads\/2020\/05\/masBeneficios.png\",\"width\":170,\"height\":62},{\"@type\":\"BreadcrumbList\",\"@id\":\"https:\/\/www.oncedejunio.fin.ec\/oncedejunio\/credito-consumo\/#breadcrumb\",\"itemListElement\":[{\"@type\":\"ListItem\",\"position\":1,\"name\":\"Home\",\"item\":\"https:\/\/www.oncedejunio.fin.ec\/oncedejunio\/\"},{\"@type\":\"ListItem\",\"position\":2,\"name\":\"Consumo\"}]},{\"@type\":\"WebSite\",\"@id\":\"https:\/\/www.oncedejunio.fin.ec\/oncedejunio\/#website\",\"url\":\"https:\/\/www.oncedejunio.fin.ec\/oncedejunio\/\",\"name\":\"Cooperativa de Ahorro y Cr\u00e9dito Once de Junio\",\"description\":\"Once de Junio Cooperativa\",\"potentialAction\":[{\"@type\":\"SearchAction\",\"target\":{\"@type\":\"EntryPoint\",\"urlTemplate\":\"https:\/\/www.oncedejunio.fin.ec\/oncedejunio\/?s={search_term_string}\"},\"query-input\":{\"@type\":\"PropertyValueSpecification\",\"valueRequired\":true,\"valueName\":\"search_term_string\"}}],\"inLanguage\":\"es\"}]}<\/script>\n<!-- \/ Yoast SEO plugin. -->","yoast_head_json":{"title":"Consumo - Once de Junio Cooperativa","robots":{"index":"index","follow":"follow","max-snippet":"max-snippet:-1","max-image-preview":"max-image-preview:large","max-video-preview":"max-video-preview:-1"},"canonical":"https:\/\/www.oncedejunio.fin.ec\/oncedejunio\/credito-consumo\/","og_locale":"es_ES","og_type":"article","og_title":"Consumo - Once de Junio Cooperativa","og_description":"[vc_row][vc_column][vc_single_image image=\u00bb5486&#8243; img_size=\u00bbfull\u00bb][vc_column_text] Para darte el gusto que so\u00f1aste. [\/vc_column_text][vc_column_text] Compras para el hogar, viajes, carro, mejora de vivienda, en fin&#8230; Orientados a personas naturales que tengan por destino la adquisici\u00f3n de bienes de consumo o pago de servicios, que generalmente se amortizan en funci\u00f3n de un sistema de cuotas peri\u00f3dicas y cuya fuente de [&hellip;]","og_url":"https:\/\/www.oncedejunio.fin.ec\/oncedejunio\/credito-consumo\/","og_site_name":"Once de Junio Cooperativa","article_modified_time":"2023-02-10T13:31:08+00:00","og_image":[{"url":"https:\/\/www.oncedejunio.fin.ec\/oncedejunio\/wp-content\/uploads\/2020\/05\/masBeneficios.png","type":"","width":"","height":""}],"twitter_card":"summary_large_image","twitter_misc":{"Tiempo de lectura":"5 minutos"},"schema":{"@context":"https:\/\/schema.org","@graph":[{"@type":"WebPage","@id":"https:\/\/www.oncedejunio.fin.ec\/oncedejunio\/credito-consumo\/","url":"https:\/\/www.oncedejunio.fin.ec\/oncedejunio\/credito-consumo\/","name":"Consumo - Once de Junio Cooperativa","isPartOf":{"@id":"https:\/\/www.oncedejunio.fin.ec\/oncedejunio\/#website"},"primaryImageOfPage":{"@id":"https:\/\/www.oncedejunio.fin.ec\/oncedejunio\/credito-consumo\/#primaryimage"},"image":{"@id":"https:\/\/www.oncedejunio.fin.ec\/oncedejunio\/credito-consumo\/#primaryimage"},"thumbnailUrl":"https:\/\/www.oncedejunio.fin.ec\/oncedejunio\/wp-content\/uploads\/2020\/05\/masBeneficios.png","datePublished":"2020-05-14T09:44:49+00:00","dateModified":"2023-02-10T13:31:08+00:00","breadcrumb":{"@id":"https:\/\/www.oncedejunio.fin.ec\/oncedejunio\/credito-consumo\/#breadcrumb"},"inLanguage":"es","potentialAction":[{"@type":"ReadAction","target":["https:\/\/www.oncedejunio.fin.ec\/oncedejunio\/credito-consumo\/"]}]},{"@type":"ImageObject","inLanguage":"es","@id":"https:\/\/www.oncedejunio.fin.ec\/oncedejunio\/credito-consumo\/#primaryimage","url":"https:\/\/www.oncedejunio.fin.ec\/oncedejunio\/wp-content\/uploads\/2020\/05\/masBeneficios.png","contentUrl":"https:\/\/www.oncedejunio.fin.ec\/oncedejunio\/wp-content\/uploads\/2020\/05\/masBeneficios.png","width":170,"height":62},{"@type":"BreadcrumbList","@id":"https:\/\/www.oncedejunio.fin.ec\/oncedejunio\/credito-consumo\/#breadcrumb","itemListElement":[{"@type":"ListItem","position":1,"name":"Home","item":"https:\/\/www.oncedejunio.fin.ec\/oncedejunio\/"},{"@type":"ListItem","position":2,"name":"Consumo"}]},{"@type":"WebSite","@id":"https:\/\/www.oncedejunio.fin.ec\/oncedejunio\/#website","url":"https:\/\/www.oncedejunio.fin.ec\/oncedejunio\/","name":"Cooperativa de Ahorro y Cr\u00e9dito Once de Junio","description":"Once de Junio Cooperativa","potentialAction":[{"@type":"SearchAction","target":{"@type":"EntryPoint","urlTemplate":"https:\/\/www.oncedejunio.fin.ec\/oncedejunio\/?s={search_term_string}"},"query-input":{"@type":"PropertyValueSpecification","valueRequired":true,"valueName":"search_term_string"}}],"inLanguage":"es"}]}},"_links":{"self":[{"href":"https:\/\/www.oncedejunio.fin.ec\/oncedejunio\/wp-json\/wp\/v2\/pages\/2271"}],"collection":[{"href":"https:\/\/www.oncedejunio.fin.ec\/oncedejunio\/wp-json\/wp\/v2\/pages"}],"about":[{"href":"https:\/\/www.oncedejunio.fin.ec\/oncedejunio\/wp-json\/wp\/v2\/types\/page"}],"author":[{"embeddable":true,"href":"https:\/\/www.oncedejunio.fin.ec\/oncedejunio\/wp-json\/wp\/v2\/users\/1"}],"replies":[{"embeddable":true,"href":"https:\/\/www.oncedejunio.fin.ec\/oncedejunio\/wp-json\/wp\/v2\/comments?post=2271"}],"version-history":[{"count":0,"href":"https:\/\/www.oncedejunio.fin.ec\/oncedejunio\/wp-json\/wp\/v2\/pages\/2271\/revisions"}],"wp:attachment":[{"href":"https:\/\/www.oncedejunio.fin.ec\/oncedejunio\/wp-json\/wp\/v2\/media?parent=2271"}],"curies":[{"name":"wp","href":"https:\/\/api.w.org\/{rel}","templated":true}]}}