{"id":2209,"date":"2020-05-14T00:40:27","date_gmt":"2020-05-14T05:40:27","guid":{"rendered":"https:\/\/cooperativa.neurocortex.cc\/?page_id=2209"},"modified":"2024-04-30T16:26:26","modified_gmt":"2024-04-30T21:26:26","slug":"pagos-servicios","status":"publish","type":"page","link":"https:\/\/www.oncedejunio.fin.ec\/oncedejunio\/pagos-servicios\/","title":{"rendered":"Pago de Servicios"},"content":{"rendered":"<p>[vc_row][vc_column][vc_empty_space][vc_column_text css_animation=\u00bbnone\u00bb]<\/p>\n<h3><span style=\"color: #005a28;\">Pago de Servicios<\/span><\/h3>\n<h4><span style=\"color: #c39000;\">En tu Cooperativa lo tienes todo&#8230;<\/span><\/h4>\n<p align=\"justify\">Ahora para tu comodidad, ponemos a tu disposici\u00f3n el servicio de cobros de Planillas de Servicios como son luz, agua, tel\u00e9fono, etc<\/p>\n<p style=\"text-align: center;\" align=\"justify\"><span style=\"color: #005a28;\"><strong>Tus pagos de servicios en un s\u00f3lo lugar<\/strong><\/span><br \/>\n<span style=\"color: #005a28;\"><strong>En nuestra ventanilla en efectivo o con d\u00e9bito a tu cuenta<\/strong><\/span><\/p>\n<h5 style=\"text-align: center;\" align=\"justify\"><span style=\"color: #c39000;\">AGUA \u2022 LUZ \u2022 TEL\u00c9FONO \u2022 SRI \u2022 SOAT \u2022 MATR\u00cdCULA DE VEH\u00cdCULO<\/span><br \/>\n<span style=\"color: #c39000;\">MULTAS ANT \u2022 RECARGAS: MOVISTAR \u2022 CLARO \u2022 CNT<\/span><\/h5>\n<p>[\/vc_column_text][vc_single_image image=\u00bb12277&#8243; img_size=\u00bbfull\u00bb alignment=\u00bbcenter\u00bb css_animation=\u00bbnone\u00bb][\/vc_column][\/vc_row][vc_row disable_element=\u00bbyes\u00bb][vc_column css_animation=\u00bbfadeIn\u00bb]\n    <div class=\"section-head \">\n                    <h6><span>HORARIOS<\/span><\/h6>\n                <h2 class=\"section-title\">Cobros en nuestras agencias<\/h2>\n            <\/div>\n\n[vc_tta_accordion color=\u00bbgreen\u00bb active_section=\u00bb1&#8243; css_animation=\u00bbtop-to-bottom\u00bb][vc_tta_section title=\u00bbMATRIZ\u00bb tab_id=\u00bbmatriz\u00bb][vc_column_text css_animation=\u00bbbounceIn\u00bb]Lunes a Viernes de 08:00 am a 18:00 pm y<br \/>\nS\u00e1bados de 08:00 am a 17:00 pm[\/vc_column_text][\/vc_tta_section][vc_tta_section title=\u00bbPUERTO BOL\u00cdVAR\u00bb tab_id=\u00bbpuertobolivar\u00bb][vc_column_text css_animation=\u00bbbounceIn\u00bb]Lunes a Viernes de 08:00 am a 17:00 pm y<br \/>\nS\u00e1bados de 08:00 am a 13:00 pm[\/vc_column_text][\/vc_tta_section][vc_tta_section title=\u00bbEL GUABO\u00bb tab_id=\u00bbelguabo\u00bb][vc_column_text css_animation=\u00bbbounceInLeft\u00bb]Lunes a Viernes de 08:00 am a 17:00 pm y<br \/>\nS\u00e1bados de 08:00 am a 13:00 pm[\/vc_column_text][\/vc_tta_section][vc_tta_section title=\u00bbPONCE ENRIQUEZ\u00bb tab_id=\u00bbponceenriquez\u00bb][vc_column_text css_animation=\u00bbfadeInDown\u00bb]Lunes a Viernes de 08:00 am a 17:00 pm y<br \/>\nS\u00e1bados de 08:00 am a 13:00 pm[\/vc_column_text][\/vc_tta_section][vc_tta_section title=\u00bbPI\u00d1AS\u00bb tab_id=\u00bbpinas\u00bb][vc_column_text css_animation=\u00bbfadeInDown\u00bb]Lunes a Viernes de 08:00 am a 17:00 pm y<br \/>\nDomingo de 08:00 am a 13:00 pm[\/vc_column_text][\/vc_tta_section][vc_tta_section title=\u00bbLAS LAJAS\u00bb tab_id=\u00bblaslajas\u00bb][vc_column_text css_animation=\u00bbzoomIn\u00bb]Lunes a Viernes de 08:00 am a 17:00 pm y<br \/>\nDomingo de 08:00 am a 13:00 pm[\/vc_column_text][\/vc_tta_section][vc_tta_section title=\u00bbSANTA ROSA\u00bb tab_id=\u00bbagencia-santarosa\u00bb][vc_column_text]Lunes a Viernes de 08:00 am a 17:00 pm y<br \/>\nS\u00e1bados de 08:00 am a 13:00 pm[\/vc_column_text][\/vc_tta_section][vc_tta_section title=\u00bbBALSAS\u00bb tab_id=\u00bbagencia-balsas\u00bb][vc_column_text]Lunes a Viernes de 08:00 am a 17:00 pm y<br \/>\nDomingo de 08:00 am a 13:00 pm[\/vc_column_text][\/vc_tta_section][\/vc_tta_accordion][\/vc_column][\/vc_row]<\/p>\n","protected":false},"excerpt":{"rendered":"<p>[vc_row][vc_column][vc_empty_space][vc_column_text css_animation=\u00bbnone\u00bb] Pago de Servicios En tu Cooperativa lo tienes todo&#8230; Ahora para tu comodidad, ponemos a tu disposici\u00f3n el servicio de cobros de Planillas de Servicios como son luz, agua, tel\u00e9fono, etc Tus pagos de servicios en un s\u00f3lo lugar En nuestra ventanilla en efectivo o con d\u00e9bito a tu cuenta AGUA \u2022 LUZ [&hellip;]<\/p>\n","protected":false},"author":1,"featured_media":0,"parent":0,"menu_order":0,"comment_status":"closed","ping_status":"closed","template":"","meta":{"content-type":"","_monsterinsights_skip_tracking":false,"_monsterinsights_sitenote_active":false,"_monsterinsights_sitenote_note":"","_monsterinsights_sitenote_category":0,"footnotes":""},"class_list":["post-2209","page","type-page","status-publish","hentry"],"yoast_head":"<!-- This site is optimized with the Yoast SEO plugin v24.5 - https:\/\/yoast.com\/wordpress\/plugins\/seo\/ -->\n<title>Pago de Servicios - Once de Junio Cooperativa<\/title>\n<meta name=\"robots\" content=\"index, follow, max-snippet:-1, max-image-preview:large, max-video-preview:-1\" \/>\n<link rel=\"canonical\" href=\"https:\/\/www.oncedejunio.fin.ec\/oncedejunio\/pagos-servicios\/\" \/>\n<meta property=\"og:locale\" content=\"es_ES\" \/>\n<meta property=\"og:type\" content=\"article\" \/>\n<meta property=\"og:title\" content=\"Pago de Servicios - Once de Junio Cooperativa\" \/>\n<meta property=\"og:description\" content=\"[vc_row][vc_column][vc_empty_space][vc_column_text css_animation=\u00bbnone\u00bb] Pago de Servicios En tu Cooperativa lo tienes todo&#8230; Ahora para tu comodidad, ponemos a tu disposici\u00f3n el servicio de cobros de Planillas de Servicios como son luz, agua, tel\u00e9fono, etc Tus pagos de servicios en un s\u00f3lo lugar En nuestra ventanilla en efectivo o con d\u00e9bito a tu cuenta AGUA \u2022 LUZ [&hellip;]\" \/>\n<meta property=\"og:url\" content=\"https:\/\/www.oncedejunio.fin.ec\/oncedejunio\/pagos-servicios\/\" \/>\n<meta property=\"og:site_name\" content=\"Once de Junio Cooperativa\" \/>\n<meta property=\"article:modified_time\" content=\"2024-04-30T21:26:26+00:00\" \/>\n<meta name=\"twitter:card\" content=\"summary_large_image\" \/>\n<meta name=\"twitter:label1\" content=\"Tiempo de lectura\" \/>\n\t<meta name=\"twitter:data1\" content=\"2 minutos\" \/>\n<script type=\"application\/ld+json\" class=\"yoast-schema-graph\">{\"@context\":\"https:\/\/schema.org\",\"@graph\":[{\"@type\":\"WebPage\",\"@id\":\"https:\/\/www.oncedejunio.fin.ec\/oncedejunio\/pagos-servicios\/\",\"url\":\"https:\/\/www.oncedejunio.fin.ec\/oncedejunio\/pagos-servicios\/\",\"name\":\"Pago de Servicios - Once de Junio Cooperativa\",\"isPartOf\":{\"@id\":\"https:\/\/www.oncedejunio.fin.ec\/oncedejunio\/#website\"},\"datePublished\":\"2020-05-14T05:40:27+00:00\",\"dateModified\":\"2024-04-30T21:26:26+00:00\",\"breadcrumb\":{\"@id\":\"https:\/\/www.oncedejunio.fin.ec\/oncedejunio\/pagos-servicios\/#breadcrumb\"},\"inLanguage\":\"es\",\"potentialAction\":[{\"@type\":\"ReadAction\",\"target\":[\"https:\/\/www.oncedejunio.fin.ec\/oncedejunio\/pagos-servicios\/\"]}]},{\"@type\":\"BreadcrumbList\",\"@id\":\"https:\/\/www.oncedejunio.fin.ec\/oncedejunio\/pagos-servicios\/#breadcrumb\",\"itemListElement\":[{\"@type\":\"ListItem\",\"position\":1,\"name\":\"Home\",\"item\":\"https:\/\/www.oncedejunio.fin.ec\/oncedejunio\/\"},{\"@type\":\"ListItem\",\"position\":2,\"name\":\"Pago de Servicios\"}]},{\"@type\":\"WebSite\",\"@id\":\"https:\/\/www.oncedejunio.fin.ec\/oncedejunio\/#website\",\"url\":\"https:\/\/www.oncedejunio.fin.ec\/oncedejunio\/\",\"name\":\"Cooperativa de Ahorro y Cr\u00e9dito Once de Junio\",\"description\":\"Once de Junio Cooperativa\",\"potentialAction\":[{\"@type\":\"SearchAction\",\"target\":{\"@type\":\"EntryPoint\",\"urlTemplate\":\"https:\/\/www.oncedejunio.fin.ec\/oncedejunio\/?s={search_term_string}\"},\"query-input\":{\"@type\":\"PropertyValueSpecification\",\"valueRequired\":true,\"valueName\":\"search_term_string\"}}],\"inLanguage\":\"es\"}]}<\/script>\n<!-- \/ Yoast SEO plugin. -->","yoast_head_json":{"title":"Pago de Servicios - Once de Junio Cooperativa","robots":{"index":"index","follow":"follow","max-snippet":"max-snippet:-1","max-image-preview":"max-image-preview:large","max-video-preview":"max-video-preview:-1"},"canonical":"https:\/\/www.oncedejunio.fin.ec\/oncedejunio\/pagos-servicios\/","og_locale":"es_ES","og_type":"article","og_title":"Pago de Servicios - Once de Junio Cooperativa","og_description":"[vc_row][vc_column][vc_empty_space][vc_column_text css_animation=\u00bbnone\u00bb] Pago de Servicios En tu Cooperativa lo tienes todo&#8230; Ahora para tu comodidad, ponemos a tu disposici\u00f3n el servicio de cobros de Planillas de Servicios como son luz, agua, tel\u00e9fono, etc Tus pagos de servicios en un s\u00f3lo lugar En nuestra ventanilla en efectivo o con d\u00e9bito a tu cuenta AGUA \u2022 LUZ [&hellip;]","og_url":"https:\/\/www.oncedejunio.fin.ec\/oncedejunio\/pagos-servicios\/","og_site_name":"Once de Junio Cooperativa","article_modified_time":"2024-04-30T21:26:26+00:00","twitter_card":"summary_large_image","twitter_misc":{"Tiempo de lectura":"2 minutos"},"schema":{"@context":"https:\/\/schema.org","@graph":[{"@type":"WebPage","@id":"https:\/\/www.oncedejunio.fin.ec\/oncedejunio\/pagos-servicios\/","url":"https:\/\/www.oncedejunio.fin.ec\/oncedejunio\/pagos-servicios\/","name":"Pago de Servicios - Once de Junio Cooperativa","isPartOf":{"@id":"https:\/\/www.oncedejunio.fin.ec\/oncedejunio\/#website"},"datePublished":"2020-05-14T05:40:27+00:00","dateModified":"2024-04-30T21:26:26+00:00","breadcrumb":{"@id":"https:\/\/www.oncedejunio.fin.ec\/oncedejunio\/pagos-servicios\/#breadcrumb"},"inLanguage":"es","potentialAction":[{"@type":"ReadAction","target":["https:\/\/www.oncedejunio.fin.ec\/oncedejunio\/pagos-servicios\/"]}]},{"@type":"BreadcrumbList","@id":"https:\/\/www.oncedejunio.fin.ec\/oncedejunio\/pagos-servicios\/#breadcrumb","itemListElement":[{"@type":"ListItem","position":1,"name":"Home","item":"https:\/\/www.oncedejunio.fin.ec\/oncedejunio\/"},{"@type":"ListItem","position":2,"name":"Pago de Servicios"}]},{"@type":"WebSite","@id":"https:\/\/www.oncedejunio.fin.ec\/oncedejunio\/#website","url":"https:\/\/www.oncedejunio.fin.ec\/oncedejunio\/","name":"Cooperativa de Ahorro y Cr\u00e9dito Once de Junio","description":"Once de Junio Cooperativa","potentialAction":[{"@type":"SearchAction","target":{"@type":"EntryPoint","urlTemplate":"https:\/\/www.oncedejunio.fin.ec\/oncedejunio\/?s={search_term_string}"},"query-input":{"@type":"PropertyValueSpecification","valueRequired":true,"valueName":"search_term_string"}}],"inLanguage":"es"}]}},"_links":{"self":[{"href":"https:\/\/www.oncedejunio.fin.ec\/oncedejunio\/wp-json\/wp\/v2\/pages\/2209"}],"collection":[{"href":"https:\/\/www.oncedejunio.fin.ec\/oncedejunio\/wp-json\/wp\/v2\/pages"}],"about":[{"href":"https:\/\/www.oncedejunio.fin.ec\/oncedejunio\/wp-json\/wp\/v2\/types\/page"}],"author":[{"embeddable":true,"href":"https:\/\/www.oncedejunio.fin.ec\/oncedejunio\/wp-json\/wp\/v2\/users\/1"}],"replies":[{"embeddable":true,"href":"https:\/\/www.oncedejunio.fin.ec\/oncedejunio\/wp-json\/wp\/v2\/comments?post=2209"}],"version-history":[{"count":0,"href":"https:\/\/www.oncedejunio.fin.ec\/oncedejunio\/wp-json\/wp\/v2\/pages\/2209\/revisions"}],"wp:attachment":[{"href":"https:\/\/www.oncedejunio.fin.ec\/oncedejunio\/wp-json\/wp\/v2\/media?parent=2209"}],"curies":[{"name":"wp","href":"https:\/\/api.w.org\/{rel}","templated":true}]}}