{"id":2193,"date":"2020-05-13T17:58:03","date_gmt":"2020-05-13T22:58:03","guid":{"rendered":"https:\/\/cooperativa.neurocortex.cc\/?page_id=2193"},"modified":"2024-04-30T16:24:11","modified_gmt":"2024-04-30T21:24:11","slug":"nuestrosatms","status":"publish","type":"page","link":"https:\/\/www.oncedejunio.fin.ec\/oncedejunio\/nuestrosatms\/","title":{"rendered":"Cajeros"},"content":{"rendered":"<p>[vc_row][vc_column][vc_empty_space][vc_separator color=\u00bbcustom\u00bb border_width=\u00bb2&#8243; accent_color=\u00bb#c38a03&#8243;][vc_column_text]<\/p>\n<h3 class=\"fl-heading\" style=\"text-align: justify;\"><span class=\"fl-heading-text\" style=\"color: #005a28;\">CAJEROS AUTOM\u00c1TICOS A SU SERVICIO<\/span><\/h3>\n<p>[\/vc_column_text][vc_separator color=\u00bbcustom\u00bb border_width=\u00bb2&#8243; accent_color=\u00bb#c38a03&#8243;][\/vc_column][\/vc_row][vc_row][vc_column width=\u00bb1\/2&#8243;][vc_column_text]<\/p>\n<p style=\"text-align: justify;\">Tenemos a disposici\u00f3n de nuestros socios, clientes y p\u00fablico en general, 9 cajeros autom\u00e1ticos ubicados en las agencias de la Cooperativa, en los cuales puedes hacer retiros y consultas de saldos las 24 horas al d\u00eda.<\/p>\n<p style=\"text-align: justify;\"><span style=\"color: #c39000;\"><strong>Toma en cuenta las siguientes medidas de seguridad:<\/strong><\/span><\/p>\n<ul>\n<li style=\"text-align: justify;\">Cuida la privacidad de tu clave secreta, no la compartas con terceros.<\/li>\n<li style=\"text-align: justify;\">Cambia por lo menos una vez al a\u00f1o tu clave secreta en los cajeros autom\u00e1ticos de Cooperativa Once de Junio o dir\u00edgete con atenci\u00f3n al cliente y solicita el cambio de clave sin ning\u00fan costo.<\/li>\n<li style=\"text-align: justify;\">Memoriza tu clave secreta; evita llevar contigo anotaciones en las que aparezca.<\/li>\n<li style=\"text-align: justify;\">Cuando est\u00e9s en contacto con el cajero autom\u00e1tico, cerci\u00f3rate que el Cajero autom\u00e1tico no contenga objetos extra\u00f1os en la ranura de ingreso de la tarjeta, ni en el dispensador de efectivo, en el teclado o protector de teclado.<\/li>\n<li style=\"text-align: justify;\">No permitas que terceras personas te presten ayuda al momento de realizar operaciones en los cajeros autom\u00e1ticos.<\/li>\n<\/ul>\n<div class=\"fl-module fl-module-heading fl-node-5cc674408430c\" data-node=\"5cc674408430c\">\n<div class=\"fl-module-content fl-node-content\"><\/div>\n<\/div>\n<p>[\/vc_column_text][vc_column_text]<\/p>\n<h4 style=\"text-align: center;\"><span style=\"color: #c39000;\">Dispone de cajeros autom\u00e1ticos de la Red Coonecta y Banred a nivel nacional<\/span><\/h4>\n<p>[\/vc_column_text][vc_row_inner][vc_column_inner width=\u00bb1\/2&#8243;][vc_single_image image=\u00bb5210&#8243; img_size=\u00bb190&#215;45&#8243; alignment=\u00bbright\u00bb][\/vc_column_inner][vc_column_inner width=\u00bb1\/2&#8243;][vc_single_image image=\u00bb5209&#8243; img_size=\u00bb180&#215;45&#8243;][\/vc_column_inner][\/vc_row_inner][\/vc_column][vc_column width=\u00bb1\/2&#8243;][vc_column_text css_animation=\u00bbflipInY\u00bb]<\/p>\n<div style=\"text-align: center; background-color: #005a25;\">\n<h4 style=\"text-align: center; color: white; padding-top: 15px; margin-bottom: -5px;\"><em><span style=\"color: #ffffff;\">\u00a1Nuestra nueva tarjeta de D\u00e9bito Visa!<\/span><\/em><\/h4>\n<h5 style=\"text-align: center; color: white; padding-bottom: 15px;\"><\/h5>\n<\/div>\n<p>[\/vc_column_text][vc_single_image image=\u00bb12280&#8243; img_size=\u00bbfull\u00bb alignment=\u00bbcenter\u00bb css_animation=\u00bbnone\u00bb][\/vc_column][\/vc_row][vc_row][vc_column][vc_separator color=\u00bbcustom\u00bb border_width=\u00bb2&#8243; accent_color=\u00bb#c38a03&#8243;][vc_row_inner][vc_column_inner width=\u00bb1\/2&#8243;][vc_single_image image=\u00bb2159&#8243; img_size=\u00bbmedium\u00bb alignment=\u00bbcenter\u00bb css_animation=\u00bbzoomIn\u00bb][\/vc_column_inner][vc_column_inner width=\u00bb1\/2&#8243;][vc_column_text css_animation=\u00bbflipInY\u00bb]<\/p>\n<ul>\n<li>Compras en establecimientos afiliados.<\/li>\n<li>Retiros sin costos en nuestros cajeros.<\/li>\n<li>Valida en todo el pa\u00eds.<\/li>\n<li>Mayor control de sus gastos.<\/li>\n<li>M\u00e1s segura que el efectivo.<\/li>\n<\/ul>\n<p>[\/vc_column_text][\/vc_column_inner][\/vc_row_inner][vc_separator color=\u00bbcustom\u00bb border_width=\u00bb2&#8243; accent_color=\u00bb#c38a03&#8243;][\/vc_column][\/vc_row][vc_row][vc_column][vc_column_text]<\/p>\n<div style=\"text-align: center; background-color: #005a25;\">\n<h4 style=\"color: white; padding-top: 15px; margin-bottom: -5px;\"><em><span style=\"color: #ffffff;\">\u00a1Importante!<\/span><\/em><\/h4>\n<p>&nbsp;<\/p>\n<\/div>\n<p>ES IMPORTANTE QUE ACTUALICE SUS DATOS INFORMATIVOS AL MENOS UNA VEZ AL A\u00d1O. RECUERDE QUE COOPERATIVA ONCE DE JUNIO ENVIA MENSAJES DE TEXTO A SU CELULAR EN EL MOMENTO QUE USTED REALIZA UN RETIRO DESDE NUESTROS CAJEROS AUTOM\u00c1TICOS, AS\u00cd MISMO COMPRAS O TRANSFERENCIA A TRAV\u00c9S DE BANCA VIRTUAL O ONCE M\u00d3VIL, POR LO CUAL TODO CAMBIO EN SU N\u00daMERO TELEF\u00d3NICO Y\/O CORREO ELECTR\u00d3NICO DEBE SER INFORMADO DE INMEDIATO.[\/vc_column_text][\/vc_column][\/vc_row]<\/p>\n","protected":false},"excerpt":{"rendered":"<p>[vc_row][vc_column][vc_empty_space][vc_separator color=\u00bbcustom\u00bb border_width=\u00bb2&#8243; accent_color=\u00bb#c38a03&#8243;][vc_column_text] CAJEROS AUTOM\u00c1TICOS A SU SERVICIO [\/vc_column_text][vc_separator color=\u00bbcustom\u00bb border_width=\u00bb2&#8243; accent_color=\u00bb#c38a03&#8243;][\/vc_column][\/vc_row][vc_row][vc_column width=\u00bb1\/2&#8243;][vc_column_text] Tenemos a disposici\u00f3n de nuestros socios, clientes y p\u00fablico en general, 9 cajeros autom\u00e1ticos ubicados en las agencias de la Cooperativa, en los cuales puedes hacer retiros y consultas de saldos las 24 horas al d\u00eda. Toma en cuenta las siguientes [&hellip;]<\/p>\n","protected":false},"author":1,"featured_media":0,"parent":0,"menu_order":0,"comment_status":"closed","ping_status":"closed","template":"","meta":{"content-type":"","_monsterinsights_skip_tracking":false,"_monsterinsights_sitenote_active":false,"_monsterinsights_sitenote_note":"","_monsterinsights_sitenote_category":0,"footnotes":""},"class_list":["post-2193","page","type-page","status-publish","hentry"],"yoast_head":"<!-- This site is optimized with the Yoast SEO plugin v24.5 - https:\/\/yoast.com\/wordpress\/plugins\/seo\/ -->\n<title>Cajeros - Once de Junio Cooperativa<\/title>\n<meta name=\"robots\" content=\"index, follow, max-snippet:-1, max-image-preview:large, max-video-preview:-1\" \/>\n<link rel=\"canonical\" href=\"https:\/\/www.oncedejunio.fin.ec\/oncedejunio\/nuestrosatms\/\" \/>\n<meta property=\"og:locale\" content=\"es_ES\" \/>\n<meta property=\"og:type\" content=\"article\" \/>\n<meta property=\"og:title\" content=\"Cajeros - Once de Junio Cooperativa\" \/>\n<meta property=\"og:description\" content=\"[vc_row][vc_column][vc_empty_space][vc_separator color=\u00bbcustom\u00bb border_width=\u00bb2&#8243; accent_color=\u00bb#c38a03&#8243;][vc_column_text] CAJEROS AUTOM\u00c1TICOS A SU SERVICIO [\/vc_column_text][vc_separator color=\u00bbcustom\u00bb border_width=\u00bb2&#8243; accent_color=\u00bb#c38a03&#8243;][\/vc_column][\/vc_row][vc_row][vc_column width=\u00bb1\/2&#8243;][vc_column_text] Tenemos a disposici\u00f3n de nuestros socios, clientes y p\u00fablico en general, 9 cajeros autom\u00e1ticos ubicados en las agencias de la Cooperativa, en los cuales puedes hacer retiros y consultas de saldos las 24 horas al d\u00eda. Toma en cuenta las siguientes [&hellip;]\" \/>\n<meta property=\"og:url\" content=\"https:\/\/www.oncedejunio.fin.ec\/oncedejunio\/nuestrosatms\/\" \/>\n<meta property=\"og:site_name\" content=\"Once de Junio Cooperativa\" \/>\n<meta property=\"article:modified_time\" content=\"2024-04-30T21:24:11+00:00\" \/>\n<meta name=\"twitter:card\" content=\"summary_large_image\" \/>\n<meta name=\"twitter:label1\" content=\"Tiempo de lectura\" \/>\n\t<meta name=\"twitter:data1\" content=\"3 minutos\" \/>\n<script type=\"application\/ld+json\" class=\"yoast-schema-graph\">{\"@context\":\"https:\/\/schema.org\",\"@graph\":[{\"@type\":\"WebPage\",\"@id\":\"https:\/\/www.oncedejunio.fin.ec\/oncedejunio\/nuestrosatms\/\",\"url\":\"https:\/\/www.oncedejunio.fin.ec\/oncedejunio\/nuestrosatms\/\",\"name\":\"Cajeros - Once de Junio Cooperativa\",\"isPartOf\":{\"@id\":\"https:\/\/www.oncedejunio.fin.ec\/oncedejunio\/#website\"},\"datePublished\":\"2020-05-13T22:58:03+00:00\",\"dateModified\":\"2024-04-30T21:24:11+00:00\",\"breadcrumb\":{\"@id\":\"https:\/\/www.oncedejunio.fin.ec\/oncedejunio\/nuestrosatms\/#breadcrumb\"},\"inLanguage\":\"es\",\"potentialAction\":[{\"@type\":\"ReadAction\",\"target\":[\"https:\/\/www.oncedejunio.fin.ec\/oncedejunio\/nuestrosatms\/\"]}]},{\"@type\":\"BreadcrumbList\",\"@id\":\"https:\/\/www.oncedejunio.fin.ec\/oncedejunio\/nuestrosatms\/#breadcrumb\",\"itemListElement\":[{\"@type\":\"ListItem\",\"position\":1,\"name\":\"Home\",\"item\":\"https:\/\/www.oncedejunio.fin.ec\/oncedejunio\/\"},{\"@type\":\"ListItem\",\"position\":2,\"name\":\"Cajeros\"}]},{\"@type\":\"WebSite\",\"@id\":\"https:\/\/www.oncedejunio.fin.ec\/oncedejunio\/#website\",\"url\":\"https:\/\/www.oncedejunio.fin.ec\/oncedejunio\/\",\"name\":\"Cooperativa de Ahorro y Cr\u00e9dito Once de Junio\",\"description\":\"Once de Junio Cooperativa\",\"potentialAction\":[{\"@type\":\"SearchAction\",\"target\":{\"@type\":\"EntryPoint\",\"urlTemplate\":\"https:\/\/www.oncedejunio.fin.ec\/oncedejunio\/?s={search_term_string}\"},\"query-input\":{\"@type\":\"PropertyValueSpecification\",\"valueRequired\":true,\"valueName\":\"search_term_string\"}}],\"inLanguage\":\"es\"}]}<\/script>\n<!-- \/ Yoast SEO plugin. -->","yoast_head_json":{"title":"Cajeros - Once de Junio Cooperativa","robots":{"index":"index","follow":"follow","max-snippet":"max-snippet:-1","max-image-preview":"max-image-preview:large","max-video-preview":"max-video-preview:-1"},"canonical":"https:\/\/www.oncedejunio.fin.ec\/oncedejunio\/nuestrosatms\/","og_locale":"es_ES","og_type":"article","og_title":"Cajeros - Once de Junio Cooperativa","og_description":"[vc_row][vc_column][vc_empty_space][vc_separator color=\u00bbcustom\u00bb border_width=\u00bb2&#8243; accent_color=\u00bb#c38a03&#8243;][vc_column_text] CAJEROS AUTOM\u00c1TICOS A SU SERVICIO [\/vc_column_text][vc_separator color=\u00bbcustom\u00bb border_width=\u00bb2&#8243; accent_color=\u00bb#c38a03&#8243;][\/vc_column][\/vc_row][vc_row][vc_column width=\u00bb1\/2&#8243;][vc_column_text] Tenemos a disposici\u00f3n de nuestros socios, clientes y p\u00fablico en general, 9 cajeros autom\u00e1ticos ubicados en las agencias de la Cooperativa, en los cuales puedes hacer retiros y consultas de saldos las 24 horas al d\u00eda. Toma en cuenta las siguientes [&hellip;]","og_url":"https:\/\/www.oncedejunio.fin.ec\/oncedejunio\/nuestrosatms\/","og_site_name":"Once de Junio Cooperativa","article_modified_time":"2024-04-30T21:24:11+00:00","twitter_card":"summary_large_image","twitter_misc":{"Tiempo de lectura":"3 minutos"},"schema":{"@context":"https:\/\/schema.org","@graph":[{"@type":"WebPage","@id":"https:\/\/www.oncedejunio.fin.ec\/oncedejunio\/nuestrosatms\/","url":"https:\/\/www.oncedejunio.fin.ec\/oncedejunio\/nuestrosatms\/","name":"Cajeros - Once de Junio Cooperativa","isPartOf":{"@id":"https:\/\/www.oncedejunio.fin.ec\/oncedejunio\/#website"},"datePublished":"2020-05-13T22:58:03+00:00","dateModified":"2024-04-30T21:24:11+00:00","breadcrumb":{"@id":"https:\/\/www.oncedejunio.fin.ec\/oncedejunio\/nuestrosatms\/#breadcrumb"},"inLanguage":"es","potentialAction":[{"@type":"ReadAction","target":["https:\/\/www.oncedejunio.fin.ec\/oncedejunio\/nuestrosatms\/"]}]},{"@type":"BreadcrumbList","@id":"https:\/\/www.oncedejunio.fin.ec\/oncedejunio\/nuestrosatms\/#breadcrumb","itemListElement":[{"@type":"ListItem","position":1,"name":"Home","item":"https:\/\/www.oncedejunio.fin.ec\/oncedejunio\/"},{"@type":"ListItem","position":2,"name":"Cajeros"}]},{"@type":"WebSite","@id":"https:\/\/www.oncedejunio.fin.ec\/oncedejunio\/#website","url":"https:\/\/www.oncedejunio.fin.ec\/oncedejunio\/","name":"Cooperativa de Ahorro y Cr\u00e9dito Once de Junio","description":"Once de Junio Cooperativa","potentialAction":[{"@type":"SearchAction","target":{"@type":"EntryPoint","urlTemplate":"https:\/\/www.oncedejunio.fin.ec\/oncedejunio\/?s={search_term_string}"},"query-input":{"@type":"PropertyValueSpecification","valueRequired":true,"valueName":"search_term_string"}}],"inLanguage":"es"}]}},"_links":{"self":[{"href":"https:\/\/www.oncedejunio.fin.ec\/oncedejunio\/wp-json\/wp\/v2\/pages\/2193"}],"collection":[{"href":"https:\/\/www.oncedejunio.fin.ec\/oncedejunio\/wp-json\/wp\/v2\/pages"}],"about":[{"href":"https:\/\/www.oncedejunio.fin.ec\/oncedejunio\/wp-json\/wp\/v2\/types\/page"}],"author":[{"embeddable":true,"href":"https:\/\/www.oncedejunio.fin.ec\/oncedejunio\/wp-json\/wp\/v2\/users\/1"}],"replies":[{"embeddable":true,"href":"https:\/\/www.oncedejunio.fin.ec\/oncedejunio\/wp-json\/wp\/v2\/comments?post=2193"}],"version-history":[{"count":0,"href":"https:\/\/www.oncedejunio.fin.ec\/oncedejunio\/wp-json\/wp\/v2\/pages\/2193\/revisions"}],"wp:attachment":[{"href":"https:\/\/www.oncedejunio.fin.ec\/oncedejunio\/wp-json\/wp\/v2\/media?parent=2193"}],"curies":[{"name":"wp","href":"https:\/\/api.w.org\/{rel}","templated":true}]}}