{"id":2180,"date":"2020-05-13T15:40:10","date_gmt":"2020-05-13T20:40:10","guid":{"rendered":"https:\/\/cooperativa.neurocortex.cc\/?page_id=2180"},"modified":"2024-10-24T16:56:41","modified_gmt":"2024-10-24T21:56:41","slug":"ahorros","status":"publish","type":"page","link":"https:\/\/www.oncedejunio.fin.ec\/oncedejunio\/ahorros\/","title":{"rendered":"Vista"},"content":{"rendered":"<p>[vc_row][vc_column][vc_single_image image=\u00bb5518&#8243; img_size=\u00bbfull\u00bb alignment=\u00bbcenter\u00bb css_animation=\u00bbflipInX\u00bb][vc_column_text css_animation=\u00bbnone\u00bb]<\/p>\n<h3><span style=\"color: #005a28;\">Ahorros<\/span><\/h3>\n<h4><span style=\"color: #c39000;\">Tu futuro es ahora, aseg\u00faralo ahorrando.<\/span><\/h4>\n<p align=\"justify\">La Cooperativa Once de Junio ofrece a todos sus socios y clientes la posibilidad de abrir una cuenta de ahorro, con intereses atractivos y una capitalizaci\u00f3n mensual, pues nuestra meta es fortalecer sus ahorros.<\/p>\n<p>[\/vc_column_text][\/vc_column][\/vc_row][vc_row css=\u00bb.vc_custom_1589402436393{margin-top: -40px !important;}\u00bb][vc_column width=\u00bb1\/4&#8243;][vc_empty_space height=\u00bb40px\u00bb][vc_single_image image=\u00bb2159&#8243; img_size=\u00bbfull\u00bb alignment=\u00bbcenter\u00bb][\/vc_column][vc_column width=\u00bb3\/4&#8243;][vc_column_text]<\/p>\n<ul>\n<li style=\"text-align: justify;\">Tasa de inter\u00e9s m\u00e1s alta.<\/li>\n<li style=\"text-align: justify;\">Acceso a cr\u00e9dito.<\/li>\n<li>Asesor\u00eda Legal Gratuita.<\/li>\n<li style=\"text-align: justify;\">Servicio de atenci\u00f3n m\u00e9dica (en consultorio junto a oficina matriz).<\/li>\n<li style=\"text-align: justify;\">Seguro de Vida y Accidentes con tu libreta de ahorros.<\/li>\n<\/ul>\n<div id=\"footable_parent_6176\"\n         class=\" footable_parent ninja_table_wrapper loading_ninja_table wp_table_data_press_parent semantic_ui \">\n                <table data-ninja_table_instance=\"ninja_table_instance_0\" data-footable_id=\"6176\" data-filter-delay=\"1000\" aria-label=\"13 Seguro de Vida.csv\"            id=\"footable_6176\"\n           data-unique_identifier=\"ninja_table_unique_id_2252487623_6176\"\n           class=\" foo-table ninja_footable foo_table_6176 ninja_table_unique_id_2252487623_6176 ui table  nt_type_ajax_table selectable celled striped compact vertical_centered  footable-paging-left ninja_table_search_disabled\">\n                <colgroup>\n                            <col class=\"ninja_column_0 \">\n                            <col class=\"ninja_column_1 \">\n                    <\/colgroup>\n            <\/table>\n    \n    \n    \n<\/div>\n[\/vc_column_text][\/vc_column][\/vc_row][vc_row][vc_column][vc_column_text]<\/p>\n<h4><span style=\"color: #005a28;\">CERTIFICADOS DE APORTACI\u00d3N<\/span><\/h4>\n<p>Son acciones de la instituci\u00f3n que le permite acreditarse como socio, formando parte de los requisitos para asociarse un m\u00ednimo de 25 d\u00f3lares.<\/p>\n<h4><span style=\"color: #005a28;\">AHORROS A LA VISTA<\/span><\/h4>\n<p>A las mejores tasas de inter\u00e9s pasivas del mercado, usted puede ingresar y mantener seguro su dinero, teniendo la oportunidad de retirarlos en el momento que necesite en cualquiera de nuestras oficinas.<\/p>\n<ul>\n<li>Capitalizaci\u00f3n de Inter\u00e9s mensual<\/li>\n<li>Sin costo de mantenimiento<\/li>\n<\/ul>\n<h4><span style=\"color: #005a28;\">Forma de Apertura<\/span><\/h4>\n<table style=\"height: 57px;\" border=\"0\" width=\"1174\">\n<tbody>\n<tr>\n<td valign=\"top\" width=\"39%\"><span style=\"color: #c39000;\"><strong>Individual (\u00fanico titular):<\/strong><\/span><\/td>\n<td width=\"61%\">\n<p align=\"justify\">El retiro de dinero ser\u00e1 efectuado exclusivamente con la firma del titular de la cuenta.<\/p>\n<\/td>\n<\/tr>\n<tr>\n<td valign=\"top\"><\/td>\n<td><\/td>\n<\/tr>\n<tr>\n<td valign=\"top\"><\/td>\n<td><\/td>\n<\/tr>\n<\/tbody>\n<\/table>\n<p>[\/vc_column_text][\/vc_column][\/vc_row][vc_row][vc_column][vc_tta_accordion color=\u00bbgreen\u00bb active_section=\u00bb1&#8243; title=\u00bbRequisitos\u00bb el_class=\u00bbamarilloOnce\u00bb][vc_tta_section title=\u00bbCUENTA SOCIO\u00bb tab_id=\u00bbcuenta-socio\u00bb][vc_column_text]<\/p>\n<ul>\n<li>C\u00e9dula Original o pasaporte.<\/li>\n<li>Copia de recibo de cualquier servicio b\u00e1sico.<\/li>\n<li>Dep\u00f3sito m\u00ednimo de $ 25.00<\/li>\n<\/ul>\n<p>[\/vc_column_text][\/vc_tta_section][vc_tta_section title=\u00bbCUENTA PERSONA JUR\u00cdDICA\u00bb tab_id=\u00bbcuenta-juridica\u00bb][vc_column_text]<\/p>\n<ul>\n<li>Carta firmada por el representante legal, indicando las firmas autorizadas para las transacciones<\/li>\n<li>Registro \u00danico de Contribuyentes (RUC) activo.<\/li>\n<li>Original de C\u00e9dula de \u00e9l\/los representantes legales o apoderados.<\/li>\n<li>Copia certificada del nombramiento del representante legal o de quienes representen a la Instituci\u00f3n.<\/li>\n<li>Copia de recibo de cualquier servicio b\u00e1sico.<\/li>\n<li>Copia de los Estatutos Sociales Vigentes, (Para las Asociaciones y Cooperativas).<\/li>\n<li>Copia de la escritura de Constituci\u00f3n, (Para Compa\u00f1\u00edas).<\/li>\n<li>N\u00f3mina actualizada de socios o accionistas, con montos de acciones o participaciones.<\/li>\n<li>Documento de registro emitido por el Organismo de Control.<\/li>\n<li>Estados financieros, del \u00faltimo periodo econ\u00f3mico.<\/li>\n<li>Declaraci\u00f3n del pago del impuesto a la renta del \u00faltimo periodo econ\u00f3mico, de ser aplicable.<\/li>\n<\/ul>\n<p>[\/vc_column_text][\/vc_tta_section][vc_tta_section title=\u00bbCUENTA SOLIDARIA\u00bb tab_id=\u00bbcuenta-solidaria\u00bb][vc_column_text]<\/p>\n<ul>\n<li>C\u00e9dula Original<\/li>\n<li>Sin dep\u00f3sito m\u00ednimo<\/li>\n<\/ul>\n<p>[\/vc_column_text][\/vc_tta_section][vc_tta_section title=\u00bbCUENTA INTEGRACI\u00d3N DE CAPITALES\u00bb tab_id=\u00bbcuenta-capitales\u00bb][vc_column_text]<\/p>\n<ul>\n<li>Carta dirigida al Gerente de la Cooperativa.<\/li>\n<li>Lista de Socios.<\/li>\n<li>Copia de acta de constituci\u00f3n.<\/li>\n<li>Minuta de constituci\u00f3n.<\/li>\n<li>Documento que certifique el tr\u00e1mite de aprobaci\u00f3n del nombre.<\/li>\n<li>N\u00f3mina de directivos provisionales.<\/li>\n<li>Copia de recibo de cualquier servicio b\u00e1sico de la sede.<\/li>\n<li>Dep\u00f3sito m\u00ednimo requerido.<\/li>\n<\/ul>\n<p>[\/vc_column_text][\/vc_tta_section][\/vc_tta_accordion][\/vc_column][\/vc_row]<\/p>\n","protected":false},"excerpt":{"rendered":"<p>[vc_row][vc_column][vc_single_image image=\u00bb5518&#8243; img_size=\u00bbfull\u00bb alignment=\u00bbcenter\u00bb css_animation=\u00bbflipInX\u00bb][vc_column_text css_animation=\u00bbnone\u00bb] Ahorros Tu futuro es ahora, aseg\u00faralo ahorrando. La Cooperativa Once de Junio ofrece a todos sus socios y clientes la posibilidad de abrir una cuenta de ahorro, con intereses atractivos y una capitalizaci\u00f3n mensual, pues nuestra meta es fortalecer sus ahorros. [\/vc_column_text][\/vc_column][\/vc_row][vc_row css=\u00bb.vc_custom_1589402436393{margin-top: -40px !important;}\u00bb][vc_column width=\u00bb1\/4&#8243;][vc_empty_space height=\u00bb40px\u00bb][vc_single_image image=\u00bb2159&#8243; img_size=\u00bbfull\u00bb [&hellip;]<\/p>\n","protected":false},"author":1,"featured_media":0,"parent":0,"menu_order":0,"comment_status":"closed","ping_status":"closed","template":"","meta":{"content-type":"","_monsterinsights_skip_tracking":false,"_monsterinsights_sitenote_active":false,"_monsterinsights_sitenote_note":"","_monsterinsights_sitenote_category":0,"footnotes":""},"class_list":["post-2180","page","type-page","status-publish","hentry"],"yoast_head":"<!-- This site is optimized with the Yoast SEO plugin v24.5 - https:\/\/yoast.com\/wordpress\/plugins\/seo\/ -->\n<title>Vista - Once de Junio Cooperativa<\/title>\n<meta name=\"robots\" content=\"index, follow, max-snippet:-1, max-image-preview:large, max-video-preview:-1\" \/>\n<link rel=\"canonical\" href=\"https:\/\/www.oncedejunio.fin.ec\/oncedejunio\/ahorros\/\" \/>\n<meta property=\"og:locale\" content=\"es_ES\" \/>\n<meta property=\"og:type\" content=\"article\" \/>\n<meta property=\"og:title\" content=\"Vista - Once de Junio Cooperativa\" \/>\n<meta property=\"og:description\" content=\"[vc_row][vc_column][vc_single_image image=\u00bb5518&#8243; img_size=\u00bbfull\u00bb alignment=\u00bbcenter\u00bb css_animation=\u00bbflipInX\u00bb][vc_column_text css_animation=\u00bbnone\u00bb] Ahorros Tu futuro es ahora, aseg\u00faralo ahorrando. La Cooperativa Once de Junio ofrece a todos sus socios y clientes la posibilidad de abrir una cuenta de ahorro, con intereses atractivos y una capitalizaci\u00f3n mensual, pues nuestra meta es fortalecer sus ahorros. [\/vc_column_text][\/vc_column][\/vc_row][vc_row css=\u00bb.vc_custom_1589402436393{margin-top: -40px !important;}\u00bb][vc_column width=\u00bb1\/4&#8243;][vc_empty_space height=\u00bb40px\u00bb][vc_single_image image=\u00bb2159&#8243; img_size=\u00bbfull\u00bb [&hellip;]\" \/>\n<meta property=\"og:url\" content=\"https:\/\/www.oncedejunio.fin.ec\/oncedejunio\/ahorros\/\" \/>\n<meta property=\"og:site_name\" content=\"Once de Junio Cooperativa\" \/>\n<meta property=\"article:modified_time\" content=\"2024-10-24T21:56:41+00:00\" \/>\n<meta name=\"twitter:card\" content=\"summary_large_image\" \/>\n<meta name=\"twitter:label1\" content=\"Tiempo de lectura\" \/>\n\t<meta name=\"twitter:data1\" content=\"2 minutos\" \/>\n<script type=\"application\/ld+json\" class=\"yoast-schema-graph\">{\"@context\":\"https:\/\/schema.org\",\"@graph\":[{\"@type\":\"WebPage\",\"@id\":\"https:\/\/www.oncedejunio.fin.ec\/oncedejunio\/ahorros\/\",\"url\":\"https:\/\/www.oncedejunio.fin.ec\/oncedejunio\/ahorros\/\",\"name\":\"Vista - Once de Junio Cooperativa\",\"isPartOf\":{\"@id\":\"https:\/\/www.oncedejunio.fin.ec\/oncedejunio\/#website\"},\"datePublished\":\"2020-05-13T20:40:10+00:00\",\"dateModified\":\"2024-10-24T21:56:41+00:00\",\"breadcrumb\":{\"@id\":\"https:\/\/www.oncedejunio.fin.ec\/oncedejunio\/ahorros\/#breadcrumb\"},\"inLanguage\":\"es\",\"potentialAction\":[{\"@type\":\"ReadAction\",\"target\":[\"https:\/\/www.oncedejunio.fin.ec\/oncedejunio\/ahorros\/\"]}]},{\"@type\":\"BreadcrumbList\",\"@id\":\"https:\/\/www.oncedejunio.fin.ec\/oncedejunio\/ahorros\/#breadcrumb\",\"itemListElement\":[{\"@type\":\"ListItem\",\"position\":1,\"name\":\"Home\",\"item\":\"https:\/\/www.oncedejunio.fin.ec\/oncedejunio\/\"},{\"@type\":\"ListItem\",\"position\":2,\"name\":\"Vista\"}]},{\"@type\":\"WebSite\",\"@id\":\"https:\/\/www.oncedejunio.fin.ec\/oncedejunio\/#website\",\"url\":\"https:\/\/www.oncedejunio.fin.ec\/oncedejunio\/\",\"name\":\"Cooperativa de Ahorro y Cr\u00e9dito Once de Junio\",\"description\":\"Once de Junio Cooperativa\",\"potentialAction\":[{\"@type\":\"SearchAction\",\"target\":{\"@type\":\"EntryPoint\",\"urlTemplate\":\"https:\/\/www.oncedejunio.fin.ec\/oncedejunio\/?s={search_term_string}\"},\"query-input\":{\"@type\":\"PropertyValueSpecification\",\"valueRequired\":true,\"valueName\":\"search_term_string\"}}],\"inLanguage\":\"es\"}]}<\/script>\n<!-- \/ Yoast SEO plugin. -->","yoast_head_json":{"title":"Vista - Once de Junio Cooperativa","robots":{"index":"index","follow":"follow","max-snippet":"max-snippet:-1","max-image-preview":"max-image-preview:large","max-video-preview":"max-video-preview:-1"},"canonical":"https:\/\/www.oncedejunio.fin.ec\/oncedejunio\/ahorros\/","og_locale":"es_ES","og_type":"article","og_title":"Vista - Once de Junio Cooperativa","og_description":"[vc_row][vc_column][vc_single_image image=\u00bb5518&#8243; img_size=\u00bbfull\u00bb alignment=\u00bbcenter\u00bb css_animation=\u00bbflipInX\u00bb][vc_column_text css_animation=\u00bbnone\u00bb] Ahorros Tu futuro es ahora, aseg\u00faralo ahorrando. La Cooperativa Once de Junio ofrece a todos sus socios y clientes la posibilidad de abrir una cuenta de ahorro, con intereses atractivos y una capitalizaci\u00f3n mensual, pues nuestra meta es fortalecer sus ahorros. [\/vc_column_text][\/vc_column][\/vc_row][vc_row css=\u00bb.vc_custom_1589402436393{margin-top: -40px !important;}\u00bb][vc_column width=\u00bb1\/4&#8243;][vc_empty_space height=\u00bb40px\u00bb][vc_single_image image=\u00bb2159&#8243; img_size=\u00bbfull\u00bb [&hellip;]","og_url":"https:\/\/www.oncedejunio.fin.ec\/oncedejunio\/ahorros\/","og_site_name":"Once de Junio Cooperativa","article_modified_time":"2024-10-24T21:56:41+00:00","twitter_card":"summary_large_image","twitter_misc":{"Tiempo de lectura":"2 minutos"},"schema":{"@context":"https:\/\/schema.org","@graph":[{"@type":"WebPage","@id":"https:\/\/www.oncedejunio.fin.ec\/oncedejunio\/ahorros\/","url":"https:\/\/www.oncedejunio.fin.ec\/oncedejunio\/ahorros\/","name":"Vista - Once de Junio Cooperativa","isPartOf":{"@id":"https:\/\/www.oncedejunio.fin.ec\/oncedejunio\/#website"},"datePublished":"2020-05-13T20:40:10+00:00","dateModified":"2024-10-24T21:56:41+00:00","breadcrumb":{"@id":"https:\/\/www.oncedejunio.fin.ec\/oncedejunio\/ahorros\/#breadcrumb"},"inLanguage":"es","potentialAction":[{"@type":"ReadAction","target":["https:\/\/www.oncedejunio.fin.ec\/oncedejunio\/ahorros\/"]}]},{"@type":"BreadcrumbList","@id":"https:\/\/www.oncedejunio.fin.ec\/oncedejunio\/ahorros\/#breadcrumb","itemListElement":[{"@type":"ListItem","position":1,"name":"Home","item":"https:\/\/www.oncedejunio.fin.ec\/oncedejunio\/"},{"@type":"ListItem","position":2,"name":"Vista"}]},{"@type":"WebSite","@id":"https:\/\/www.oncedejunio.fin.ec\/oncedejunio\/#website","url":"https:\/\/www.oncedejunio.fin.ec\/oncedejunio\/","name":"Cooperativa de Ahorro y Cr\u00e9dito Once de Junio","description":"Once de Junio Cooperativa","potentialAction":[{"@type":"SearchAction","target":{"@type":"EntryPoint","urlTemplate":"https:\/\/www.oncedejunio.fin.ec\/oncedejunio\/?s={search_term_string}"},"query-input":{"@type":"PropertyValueSpecification","valueRequired":true,"valueName":"search_term_string"}}],"inLanguage":"es"}]}},"_links":{"self":[{"href":"https:\/\/www.oncedejunio.fin.ec\/oncedejunio\/wp-json\/wp\/v2\/pages\/2180"}],"collection":[{"href":"https:\/\/www.oncedejunio.fin.ec\/oncedejunio\/wp-json\/wp\/v2\/pages"}],"about":[{"href":"https:\/\/www.oncedejunio.fin.ec\/oncedejunio\/wp-json\/wp\/v2\/types\/page"}],"author":[{"embeddable":true,"href":"https:\/\/www.oncedejunio.fin.ec\/oncedejunio\/wp-json\/wp\/v2\/users\/1"}],"replies":[{"embeddable":true,"href":"https:\/\/www.oncedejunio.fin.ec\/oncedejunio\/wp-json\/wp\/v2\/comments?post=2180"}],"version-history":[{"count":1,"href":"https:\/\/www.oncedejunio.fin.ec\/oncedejunio\/wp-json\/wp\/v2\/pages\/2180\/revisions"}],"predecessor-version":[{"id":16172,"href":"https:\/\/www.oncedejunio.fin.ec\/oncedejunio\/wp-json\/wp\/v2\/pages\/2180\/revisions\/16172"}],"wp:attachment":[{"href":"https:\/\/www.oncedejunio.fin.ec\/oncedejunio\/wp-json\/wp\/v2\/media?parent=2180"}],"curies":[{"name":"wp","href":"https:\/\/api.w.org\/{rel}","templated":true}]}}