{"id":2168,"date":"2020-05-13T13:06:56","date_gmt":"2020-05-13T18:06:56","guid":{"rendered":"https:\/\/cooperativa.neurocortex.cc\/?page_id=2168"},"modified":"2024-10-24T16:55:12","modified_gmt":"2024-10-24T21:55:12","slug":"ahorro-crecer","status":"publish","type":"page","link":"https:\/\/www.oncedejunio.fin.ec\/oncedejunio\/ahorro-crecer\/","title":{"rendered":"Crecer"},"content":{"rendered":"<p>[vc_row][vc_column][vc_single_image image=\u00bb2482&#8243; img_size=\u00bbfull\u00bb][\/vc_column][\/vc_row][vc_row][vc_column][vc_column_text]<\/p>\n<h3><span style=\"color: #005a28;\">Ahorro Crecer<\/span><\/h3>\n<h4><span style=\"color: #c39000;\">Tu plan de ahorro para qui\u00e9n m\u00e1s quieres.<\/span><\/h4>\n<p align=\"justify\">Es un plan de ahorro acumulado y programado hasta un a\u00f1o renovable, que recibe como est\u00edmulo una tasa especial de inter\u00e9s y una serie de beneficios.<\/p>\n<p align=\"justify\">Puedes Ahorrar desde $10.00 d\u00f3lares semanales, quincenales o mensuales por el tiempo m\u00ednimo de un a\u00f1o.<\/p>\n<ul>\n<li>Forma de apertura individual.<\/li>\n<li>Inversi\u00f3n programada y autom\u00e1tica mediante transferencias autorizadas<\/li>\n<\/ul>\n<p>[\/vc_column_text][\/vc_column][\/vc_row][vc_row content_placement=\u00bbmiddle\u00bb][vc_column][vc_column_text]<\/p>\n<h3><span style=\"color: #005a28;\">PLANIFICA TUS AHORROS<\/span><\/h3>\n<h4><span style=\"color: #c39000;\">La disciplina es la clave.<\/span><\/h4>\n<p>[\/vc_column_text][vc_column_text]<div id=\"footable_parent_5728\"\n         class=\" footable_parent ninja_table_wrapper loading_ninja_table wp_table_data_press_parent semantic_ui \">\n                <table data-ninja_table_instance=\"ninja_table_instance_0\" data-footable_id=\"5728\" data-filter-delay=\"1000\" aria-label=\"5 Ahorro Crecer.csv\"            id=\"footable_5728\"\n           data-unique_identifier=\"ninja_table_unique_id_2309982455_5728\"\n           class=\" foo-table ninja_footable foo_table_5728 ninja_table_unique_id_2309982455_5728 ui table  nt_type_ajax_table selectable celled striped compact vertical_centered  footable-paging-right ninja_table_search_disabled\">\n                <colgroup>\n                            <col class=\"ninja_column_0 \">\n                            <col class=\"ninja_column_1 \">\n                    <\/colgroup>\n            <\/table>\n    \n    \n    \n<\/div>\n[\/vc_column_text][\/vc_column][\/vc_row][vc_row css=\u00bb.vc_custom_1589399345806{margin-top: 40px !important;}\u00bb][vc_column width=\u00bb1\/2&#8243;][vc_single_image image=\u00bb2159&#8243; img_size=\u00bbfull\u00bb alignment=\u00bbcenter\u00bb][\/vc_column][vc_column width=\u00bb1\/2&#8243;][vc_column_text]<\/p>\n<ul>\n<li>Tasa de inter\u00e9s m\u00e1s alta.<\/li>\n<li>Acceso a cr\u00e9dito.<\/li>\n<li>Atenci\u00f3n m\u00e9dica y odontol\u00f3gica gratuita (en consultorio junto a oficina matriz).<\/li>\n<li style=\"text-align: justify;\">Seguro de vida gratuito. Por fallecimiento del titular, multiplica x 5 el monto de tus ahorros; es decir si tenia $1000 el beneficiario recibir\u00e1 $5000.<\/li>\n<\/ul>\n<p>[\/vc_column_text][\/vc_column][\/vc_row][vc_row][vc_column][vc_column_text]<\/p>\n<h3><span style=\"color: #005a28;\">REQUISITOS<\/span><\/h3>\n<p>[\/vc_column_text][vc_tta_accordion color=\u00bbgreen\u00bb active_section=\u00bb1&#8243;][vc_tta_section title=\u00bbAHORRO CRECER\u00bb tab_id=\u00bbahorro-crecer\u00bb][vc_column_text]<\/p>\n<ul>\n<li>C\u00e9dula original o partida de nacimiento.<\/li>\n<li>Copia de recibo de cualquier servicio b\u00e1sico.<\/li>\n<li>Dep\u00f3sito m\u00ednimo de $ 10.00<\/li>\n<\/ul>\n<p>[\/vc_column_text][\/vc_tta_section][\/vc_tta_accordion][\/vc_column][\/vc_row]<\/p>\n","protected":false},"excerpt":{"rendered":"<p>[vc_row][vc_column][vc_single_image image=\u00bb2482&#8243; img_size=\u00bbfull\u00bb][\/vc_column][\/vc_row][vc_row][vc_column][vc_column_text] Ahorro Crecer Tu plan de ahorro para qui\u00e9n m\u00e1s quieres. Es un plan de ahorro acumulado y programado hasta un a\u00f1o renovable, que recibe como est\u00edmulo una tasa especial de inter\u00e9s y una serie de beneficios. Puedes Ahorrar desde $10.00 d\u00f3lares semanales, quincenales o mensuales por el tiempo m\u00ednimo de un a\u00f1o. [&hellip;]<\/p>\n","protected":false},"author":1,"featured_media":0,"parent":0,"menu_order":0,"comment_status":"closed","ping_status":"closed","template":"","meta":{"content-type":"","_monsterinsights_skip_tracking":false,"_monsterinsights_sitenote_active":false,"_monsterinsights_sitenote_note":"","_monsterinsights_sitenote_category":0,"footnotes":""},"class_list":["post-2168","page","type-page","status-publish","hentry"],"yoast_head":"<!-- This site is optimized with the Yoast SEO plugin v24.5 - https:\/\/yoast.com\/wordpress\/plugins\/seo\/ -->\n<title>Crecer - Once de Junio Cooperativa<\/title>\n<meta name=\"robots\" content=\"index, follow, max-snippet:-1, max-image-preview:large, max-video-preview:-1\" \/>\n<link rel=\"canonical\" href=\"https:\/\/www.oncedejunio.fin.ec\/oncedejunio\/ahorro-crecer\/\" \/>\n<meta property=\"og:locale\" content=\"es_ES\" \/>\n<meta property=\"og:type\" content=\"article\" \/>\n<meta property=\"og:title\" content=\"Crecer - Once de Junio Cooperativa\" \/>\n<meta property=\"og:description\" content=\"[vc_row][vc_column][vc_single_image image=\u00bb2482&#8243; img_size=\u00bbfull\u00bb][\/vc_column][\/vc_row][vc_row][vc_column][vc_column_text] Ahorro Crecer Tu plan de ahorro para qui\u00e9n m\u00e1s quieres. Es un plan de ahorro acumulado y programado hasta un a\u00f1o renovable, que recibe como est\u00edmulo una tasa especial de inter\u00e9s y una serie de beneficios. Puedes Ahorrar desde $10.00 d\u00f3lares semanales, quincenales o mensuales por el tiempo m\u00ednimo de un a\u00f1o. [&hellip;]\" \/>\n<meta property=\"og:url\" content=\"https:\/\/www.oncedejunio.fin.ec\/oncedejunio\/ahorro-crecer\/\" \/>\n<meta property=\"og:site_name\" content=\"Once de Junio Cooperativa\" \/>\n<meta property=\"article:modified_time\" content=\"2024-10-24T21:55:12+00:00\" \/>\n<meta name=\"twitter:card\" content=\"summary_large_image\" \/>\n<meta name=\"twitter:label1\" content=\"Tiempo de lectura\" \/>\n\t<meta name=\"twitter:data1\" content=\"1 minuto\" \/>\n<script type=\"application\/ld+json\" class=\"yoast-schema-graph\">{\"@context\":\"https:\/\/schema.org\",\"@graph\":[{\"@type\":\"WebPage\",\"@id\":\"https:\/\/www.oncedejunio.fin.ec\/oncedejunio\/ahorro-crecer\/\",\"url\":\"https:\/\/www.oncedejunio.fin.ec\/oncedejunio\/ahorro-crecer\/\",\"name\":\"Crecer - Once de Junio Cooperativa\",\"isPartOf\":{\"@id\":\"https:\/\/www.oncedejunio.fin.ec\/oncedejunio\/#website\"},\"datePublished\":\"2020-05-13T18:06:56+00:00\",\"dateModified\":\"2024-10-24T21:55:12+00:00\",\"breadcrumb\":{\"@id\":\"https:\/\/www.oncedejunio.fin.ec\/oncedejunio\/ahorro-crecer\/#breadcrumb\"},\"inLanguage\":\"es\",\"potentialAction\":[{\"@type\":\"ReadAction\",\"target\":[\"https:\/\/www.oncedejunio.fin.ec\/oncedejunio\/ahorro-crecer\/\"]}]},{\"@type\":\"BreadcrumbList\",\"@id\":\"https:\/\/www.oncedejunio.fin.ec\/oncedejunio\/ahorro-crecer\/#breadcrumb\",\"itemListElement\":[{\"@type\":\"ListItem\",\"position\":1,\"name\":\"Home\",\"item\":\"https:\/\/www.oncedejunio.fin.ec\/oncedejunio\/\"},{\"@type\":\"ListItem\",\"position\":2,\"name\":\"Crecer\"}]},{\"@type\":\"WebSite\",\"@id\":\"https:\/\/www.oncedejunio.fin.ec\/oncedejunio\/#website\",\"url\":\"https:\/\/www.oncedejunio.fin.ec\/oncedejunio\/\",\"name\":\"Cooperativa de Ahorro y Cr\u00e9dito Once de Junio\",\"description\":\"Once de Junio Cooperativa\",\"potentialAction\":[{\"@type\":\"SearchAction\",\"target\":{\"@type\":\"EntryPoint\",\"urlTemplate\":\"https:\/\/www.oncedejunio.fin.ec\/oncedejunio\/?s={search_term_string}\"},\"query-input\":{\"@type\":\"PropertyValueSpecification\",\"valueRequired\":true,\"valueName\":\"search_term_string\"}}],\"inLanguage\":\"es\"}]}<\/script>\n<!-- \/ Yoast SEO plugin. -->","yoast_head_json":{"title":"Crecer - Once de Junio Cooperativa","robots":{"index":"index","follow":"follow","max-snippet":"max-snippet:-1","max-image-preview":"max-image-preview:large","max-video-preview":"max-video-preview:-1"},"canonical":"https:\/\/www.oncedejunio.fin.ec\/oncedejunio\/ahorro-crecer\/","og_locale":"es_ES","og_type":"article","og_title":"Crecer - Once de Junio Cooperativa","og_description":"[vc_row][vc_column][vc_single_image image=\u00bb2482&#8243; img_size=\u00bbfull\u00bb][\/vc_column][\/vc_row][vc_row][vc_column][vc_column_text] Ahorro Crecer Tu plan de ahorro para qui\u00e9n m\u00e1s quieres. Es un plan de ahorro acumulado y programado hasta un a\u00f1o renovable, que recibe como est\u00edmulo una tasa especial de inter\u00e9s y una serie de beneficios. Puedes Ahorrar desde $10.00 d\u00f3lares semanales, quincenales o mensuales por el tiempo m\u00ednimo de un a\u00f1o. [&hellip;]","og_url":"https:\/\/www.oncedejunio.fin.ec\/oncedejunio\/ahorro-crecer\/","og_site_name":"Once de Junio Cooperativa","article_modified_time":"2024-10-24T21:55:12+00:00","twitter_card":"summary_large_image","twitter_misc":{"Tiempo de lectura":"1 minuto"},"schema":{"@context":"https:\/\/schema.org","@graph":[{"@type":"WebPage","@id":"https:\/\/www.oncedejunio.fin.ec\/oncedejunio\/ahorro-crecer\/","url":"https:\/\/www.oncedejunio.fin.ec\/oncedejunio\/ahorro-crecer\/","name":"Crecer - Once de Junio Cooperativa","isPartOf":{"@id":"https:\/\/www.oncedejunio.fin.ec\/oncedejunio\/#website"},"datePublished":"2020-05-13T18:06:56+00:00","dateModified":"2024-10-24T21:55:12+00:00","breadcrumb":{"@id":"https:\/\/www.oncedejunio.fin.ec\/oncedejunio\/ahorro-crecer\/#breadcrumb"},"inLanguage":"es","potentialAction":[{"@type":"ReadAction","target":["https:\/\/www.oncedejunio.fin.ec\/oncedejunio\/ahorro-crecer\/"]}]},{"@type":"BreadcrumbList","@id":"https:\/\/www.oncedejunio.fin.ec\/oncedejunio\/ahorro-crecer\/#breadcrumb","itemListElement":[{"@type":"ListItem","position":1,"name":"Home","item":"https:\/\/www.oncedejunio.fin.ec\/oncedejunio\/"},{"@type":"ListItem","position":2,"name":"Crecer"}]},{"@type":"WebSite","@id":"https:\/\/www.oncedejunio.fin.ec\/oncedejunio\/#website","url":"https:\/\/www.oncedejunio.fin.ec\/oncedejunio\/","name":"Cooperativa de Ahorro y Cr\u00e9dito Once de Junio","description":"Once de Junio Cooperativa","potentialAction":[{"@type":"SearchAction","target":{"@type":"EntryPoint","urlTemplate":"https:\/\/www.oncedejunio.fin.ec\/oncedejunio\/?s={search_term_string}"},"query-input":{"@type":"PropertyValueSpecification","valueRequired":true,"valueName":"search_term_string"}}],"inLanguage":"es"}]}},"_links":{"self":[{"href":"https:\/\/www.oncedejunio.fin.ec\/oncedejunio\/wp-json\/wp\/v2\/pages\/2168"}],"collection":[{"href":"https:\/\/www.oncedejunio.fin.ec\/oncedejunio\/wp-json\/wp\/v2\/pages"}],"about":[{"href":"https:\/\/www.oncedejunio.fin.ec\/oncedejunio\/wp-json\/wp\/v2\/types\/page"}],"author":[{"embeddable":true,"href":"https:\/\/www.oncedejunio.fin.ec\/oncedejunio\/wp-json\/wp\/v2\/users\/1"}],"replies":[{"embeddable":true,"href":"https:\/\/www.oncedejunio.fin.ec\/oncedejunio\/wp-json\/wp\/v2\/comments?post=2168"}],"version-history":[{"count":1,"href":"https:\/\/www.oncedejunio.fin.ec\/oncedejunio\/wp-json\/wp\/v2\/pages\/2168\/revisions"}],"predecessor-version":[{"id":16171,"href":"https:\/\/www.oncedejunio.fin.ec\/oncedejunio\/wp-json\/wp\/v2\/pages\/2168\/revisions\/16171"}],"wp:attachment":[{"href":"https:\/\/www.oncedejunio.fin.ec\/oncedejunio\/wp-json\/wp\/v2\/media?parent=2168"}],"curies":[{"name":"wp","href":"https:\/\/api.w.org\/{rel}","templated":true}]}}